{"id":9159,"date":"2021-09-16T11:36:04","date_gmt":"2021-09-16T11:36:04","guid":{"rendered":"https:\/\/koduspa.ee\/?post_type=product&#038;p=9159"},"modified":"2022-07-28T11:44:03","modified_gmt":"2022-07-28T11:44:03","slug":"seinakinnitus-piccalo","status":"publish","type":"product","link":"https:\/\/koduspa.ee\/ru\/pood\/helo-elektrikerise-lisatarvikud-ru\/seinakinnitus-piccalo\/","title":{"rendered":"SEINAKINNITUS PICCALO"},"content":{"rendered":"<h5 id=\"tw-target-text\" class=\"tw-data-text tw-text-large XcVN5d tw-ta\" dir=\"ltr\" data-placeholder=\"Translation\"><span class=\"Y2IQFc\" lang=\"et\" style=\"color: #000000;\">Seinakinnitus Piccolo k\u00fcttekehale. <\/span><\/h5>\n<h5 class=\"tw-data-text tw-text-large XcVN5d tw-ta\" dir=\"ltr\" data-placeholder=\"Translation\"><span class=\"Y2IQFc\" lang=\"et\" style=\"color: #000000;\">M\u00f5\u00f5t 250&#215;250,5x58mm.<\/span><\/h5>\n","protected":false},"excerpt":{"rendered":"<p>Seinakinnitus Piccolo k\u00fcttekehale. M\u00f5\u00f5t 250&#215;250,5x58mm.<\/p>\n","protected":false},"featured_media":9160,"comment_status":"open","ping_status":"closed","template":"","meta":{"_acf_changed":false,"_genesis_hide_title":false,"_genesis_hide_breadcrumbs":false,"_genesis_hide_singular_image":false,"_genesis_hide_footer_widgets":false,"_genesis_custom_body_class":"","_genesis_custom_post_class":"","_genesis_layout":""},"product_brand":[],"product_cat":[187],"product_tag":[],"class_list":{"0":"post-9159","1":"product","2":"type-product","3":"status-publish","4":"has-post-thumbnail","6":"product_cat-helo-elektrikerise-lisatarvikud","7":"entry","8":"override","10":"first","11":"instock","12":"shipping-taxable","13":"purchasable","14":"product-type-simple"},"acf":[],"_links":{"self":[{"href":"https:\/\/koduspa.ee\/ru\/wp-json\/wp\/v2\/product\/9159","targetHints":{"allow":["GET"]}}],"collection":[{"href":"https:\/\/koduspa.ee\/ru\/wp-json\/wp\/v2\/product"}],"about":[{"href":"https:\/\/koduspa.ee\/ru\/wp-json\/wp\/v2\/types\/product"}],"replies":[{"embeddable":true,"href":"https:\/\/koduspa.ee\/ru\/wp-json\/wp\/v2\/comments?post=9159"}],"wp:featuredmedia":[{"embeddable":true,"href":"https:\/\/koduspa.ee\/ru\/wp-json\/wp\/v2\/media\/9160"}],"wp:attachment":[{"href":"https:\/\/koduspa.ee\/ru\/wp-json\/wp\/v2\/media?parent=9159"}],"wp:term":[{"taxonomy":"product_brand","embeddable":true,"href":"https:\/\/koduspa.ee\/ru\/wp-json\/wp\/v2\/product_brand?post=9159"},{"taxonomy":"product_cat","embeddable":true,"href":"https:\/\/koduspa.ee\/ru\/wp-json\/wp\/v2\/product_cat?post=9159"},{"taxonomy":"product_tag","embeddable":true,"href":"https:\/\/koduspa.ee\/ru\/wp-json\/wp\/v2\/product_tag?post=9159"}],"curies":[{"name":"wp","href":"https:\/\/api.w.org\/{rel}","templated":true}]}}