{"id":8991,"date":"2021-09-15T06:23:15","date_gmt":"2021-09-15T06:23:15","guid":{"rendered":"https:\/\/koduspa.ee\/?post_type=product&#038;p=8991"},"modified":"2025-10-24T10:14:11","modified_gmt":"2025-10-24T10:14:11","slug":"helo-aroomipump-2","status":"publish","type":"product","link":"https:\/\/koduspa.ee\/ru\/pood\/aurugeneraatorid-et\/helo-aroomipump-2\/","title":{"rendered":"HELO AROOMIPUMP"},"content":{"rendered":"<p><span style=\"color: #000000;\">Aroomipump HELO aurugeneraatoritele.<\/span><\/p>\n<p><span style=\"color: #000000;\">\u00dchendub lihtsalt v\u00e4ljalasketoruga. <\/span><\/p>\n<p><span style=\"color: #000000;\">Lisage mis tahes liitrine kontsentreeritud l\u00f5hnaaine kanister.<\/span><\/p>\n<p><span style=\"color: #000000;\">Tehnilised andmed:<\/span><\/p>\n<p><a href=\"https:\/\/cdn2.hubspot.net\/hubfs\/379485\/Installation%20Instruction%20Essence%20pump.pdf\">https:\/\/cdn2.hubspot.net\/hubfs\/379485\/Installation%20Instruction%20Essence%20pump.pdf<\/a><\/p>\n","protected":false},"excerpt":{"rendered":"<p>Aroomipump HELO aurugeneraatoritele. \u00dchendub lihtsalt v\u00e4ljalasketoruga. Lisage mis tahes liitrine kontsentreeritud l\u00f5hnaaine kanister. Tehnilised andmed: https:\/\/cdn2.hubspot.net\/hubfs\/379485\/Installation%20Instruction%20Essence%20pump.pdf<\/p>\n","protected":false},"featured_media":8992,"comment_status":"open","ping_status":"closed","template":"","meta":{"_acf_changed":false,"_genesis_hide_title":false,"_genesis_hide_breadcrumbs":false,"_genesis_hide_singular_image":false,"_genesis_hide_footer_widgets":false,"_genesis_custom_body_class":"","_genesis_custom_post_class":"","_genesis_layout":""},"product_cat":[72],"product_tag":[],"acf":[],"_links":{"self":[{"href":"https:\/\/koduspa.ee\/ru\/wp-json\/wp\/v2\/product\/8991"}],"collection":[{"href":"https:\/\/koduspa.ee\/ru\/wp-json\/wp\/v2\/product"}],"about":[{"href":"https:\/\/koduspa.ee\/ru\/wp-json\/wp\/v2\/types\/product"}],"replies":[{"embeddable":true,"href":"https:\/\/koduspa.ee\/ru\/wp-json\/wp\/v2\/comments?post=8991"}],"wp:featuredmedia":[{"embeddable":true,"href":"https:\/\/koduspa.ee\/ru\/wp-json\/wp\/v2\/media\/8992"}],"wp:attachment":[{"href":"https:\/\/koduspa.ee\/ru\/wp-json\/wp\/v2\/media?parent=8991"}],"wp:term":[{"taxonomy":"product_cat","embeddable":true,"href":"https:\/\/koduspa.ee\/ru\/wp-json\/wp\/v2\/product_cat?post=8991"},{"taxonomy":"product_tag","embeddable":true,"href":"https:\/\/koduspa.ee\/ru\/wp-json\/wp\/v2\/product_tag?post=8991"}],"curies":[{"name":"wp","href":"https:\/\/api.w.org\/{rel}","templated":true}]}}