{"id":8953,"date":"2021-09-14T13:55:37","date_gmt":"2021-09-14T13:55:37","guid":{"rendered":"https:\/\/koduspa.ee\/?post_type=product&#038;p=8953"},"modified":"2024-04-03T05:52:03","modified_gmt":"2024-04-03T05:52:03","slug":"juhtpaneel-ok-33-ps-3","status":"publish","type":"product","link":"https:\/\/koduspa.ee\/ru\/pood\/juhtpaneelid\/juhtpaneel-ok-33-ps-3\/","title":{"rendered":"HELO JUHTPANEEL OK 33 PS-3"},"content":{"rendered":"<div class=\"D6j0vc\">\n<div id=\"center_col\" class=\"gXmnc s6JM6d\">\n<div id=\"res\" class=\"eqAnXb\" role=\"main\">\n<div id=\"search\">\n<div data-hveid=\"CAEQMA\" data-ved=\"2ahUKEwia2Ly8sv7yAhWQmIsKHRw_CssQGnoECAEQMA\">\n<div id=\"rso\" class=\"v7W49e\" data-async-context=\"query:google%20translate\">\n<div class=\"ULSxyf\">\n<div class=\"KIy09e obcontainer wDYxhc\" data-md=\"77\" data-hveid=\"CAIQAA\" data-ved=\"2ahUKEwia2Ly8sv7yAhWQmIsKHRw_CssQkCl6BAgCEAA\">\n<div id=\"tw-main\" data-hveid=\"CAIQAQ\">\n<div id=\"tw-container\" class=\"\" data-cp=\"1\" data-is-ver=\"false\" data-nnttsvi=\"1\" data-sm=\"1\" data-sugg-time=\"500\" data-sugg-url=\"https:\/\/clients1.google.com\/complete\/search\" data-uilc=\"en\">\n<div id=\"tw-ob\" class=\"tw-src-ltr\">\n<div class=\"oSioSc\">\n<div id=\"tw-target\">\n<div id=\"kAz1tf\" class=\"g9WsWb\">\n<div id=\"tw-target-text-container\" class=\"tw-ta-container F0azHf tw-nfl\" tabindex=\"0\">\n<h6 id=\"tw-target-text\" class=\"tw-data-text tw-text-large XcVN5d tw-ta\" dir=\"ltr\" data-placeholder=\"Translation\"><span class=\"Y2IQFc\" lang=\"et\" style=\"color: #000000;\">Juhtpaneeli eelseadistatud aeg on 0 kuni 8 tundi,<br \/>\n<\/span><\/h6>\n<h6 class=\"tw-data-text tw-text-large XcVN5d tw-ta\" dir=\"ltr\" data-placeholder=\"Translation\"><span class=\"Y2IQFc\" lang=\"et\" style=\"color: #000000;\">sissel\u00fclitusaeg 0 kuni 4 tundi<br \/>\n<\/span><\/h6>\n<h6 class=\"tw-data-text tw-text-large XcVN5d tw-ta\" dir=\"ltr\" data-placeholder=\"Translation\"><span class=\"Y2IQFc\" lang=\"et\" style=\"color: #000000;\">v\u00f5i 0 kuni 12 tundi ilma eelvalimiseta.<br \/>\n<\/span><\/h6>\n<h6 class=\"tw-data-text tw-text-large XcVN5d tw-ta\" dir=\"ltr\" data-placeholder=\"Translation\"><span class=\"Y2IQFc\" lang=\"et\" style=\"color: #000000;\">Paneeli saab kasutada ka sauna valgustuse juhtimiseks.<br \/>\n<\/span><\/h6>\n<h6 class=\"tw-data-text tw-text-large XcVN5d tw-ta\" dir=\"ltr\" data-placeholder=\"Translation\"><span class=\"Y2IQFc\" lang=\"et\" style=\"color: #000000;\">Paneel paigaldatakse kuiva ruumi v\u00e4ljaspool sauna,<br \/>\n<\/span><\/h6>\n<h6 class=\"tw-data-text tw-text-large XcVN5d tw-ta\" dir=\"ltr\" data-placeholder=\"Translation\"><span class=\"Y2IQFc\" lang=\"et\" style=\"color: #000000;\">kaasas OLET 6-1 andur koos viiemeetrise kaabliga.<br \/>\n<\/span><\/h6>\n<h6 class=\"tw-data-text tw-text-large XcVN5d tw-ta\" dir=\"ltr\" data-placeholder=\"Translation\"><span class=\"Y2IQFc\" lang=\"et\" style=\"color: #000000;\">OK 33 PS-3 sobib rakendustesse, kus kasutaja l\u00fclitab k\u00fcttekeha ise sisse.<br \/>\n<\/span><\/h6>\n<h6 class=\"tw-data-text tw-text-large XcVN5d tw-ta\" dir=\"ltr\" data-placeholder=\"Translation\"><span class=\"Y2IQFc\" lang=\"et\" style=\"color: #000000;\">See juhtpaneel OK 33 PS-3 on 400V 3N ~ pingega,<br \/>\n<\/span><\/h6>\n<h6 class=\"tw-data-text tw-text-large XcVN5d tw-ta\" dir=\"ltr\" data-placeholder=\"Translation\"><span class=\"Y2IQFc\" lang=\"et\" style=\"color: #000000;\">\u00fchildub SKLE ja Laava 901-1501 mudeli k\u00fcttekehadega.<br \/>\n<\/span><\/h6>\n<h6 class=\"tw-data-text tw-text-large XcVN5d tw-ta\" dir=\"ltr\" data-placeholder=\"Translation\"><span class=\"Y2IQFc\" lang=\"et\" style=\"color: #000000;\">M\u00f5\u00f5t 240x200x102mm.<\/span><\/h6>\n<\/div>\n<div id=\"tw-target-rmn-container\" class=\"tw-target-rmn tw-ta-container F0azHf tw-nfl\">\n<pre id=\"tw-target-rmn\" class=\"tw-data-placeholder tw-text-small tw-ta\" dir=\"ltr\" data-placeholder=\"\"><\/pre>\n<\/div>\n<div class=\"iYB33c\">\n<div id=\"tw-tmenu\" class=\"tw-menu\"><\/div>\n<\/div>\n<\/div>\n<\/div>\n<\/div>\n<\/div>\n<div id=\"tw-images\"><\/div>\n<div class=\"dURPtb\"><\/div>\n<div>\n<div><\/div>\n<\/div>\n<\/div>\n<div class=\"KFFQ0c xKf9F\">\n<div class=\"akqY6\"><\/div>\n<div class=\"YfftMc\"><\/div>\n<\/div>\n<\/div>\n<\/div>\n<\/div>\n<\/div>\n<\/div>\n<\/div>\n<\/div>\n<\/div>\n<\/div>\n","protected":false},"excerpt":{"rendered":"<p>Juhtpaneeli eelseadistatud aeg on 0 kuni 8 tundi, sissel\u00fclitusaeg 0 kuni 4 tundi v\u00f5i 0 kuni 12 tundi ilma eelvalimiseta. Paneeli saab kasutada ka sauna valgustuse juhtimiseks. Paneel paigaldatakse kuiva ruumi v\u00e4ljaspool sauna, kaasas OLET 6-1 andur koos viiemeetrise kaabliga. OK 33 PS-3 sobib rakendustesse, kus kasutaja l\u00fclitab k\u00fcttekeha ise sisse. See juhtpaneel OK 33 [&hellip;]<\/p>\n","protected":false},"featured_media":8954,"comment_status":"open","ping_status":"closed","template":"","meta":{"_acf_changed":false,"_genesis_hide_title":false,"_genesis_hide_breadcrumbs":false,"_genesis_hide_singular_image":false,"_genesis_hide_footer_widgets":false,"_genesis_custom_body_class":"","_genesis_custom_post_class":"","_genesis_layout":""},"product_cat":[183],"product_tag":[],"acf":[],"_links":{"self":[{"href":"https:\/\/koduspa.ee\/ru\/wp-json\/wp\/v2\/product\/8953"}],"collection":[{"href":"https:\/\/koduspa.ee\/ru\/wp-json\/wp\/v2\/product"}],"about":[{"href":"https:\/\/koduspa.ee\/ru\/wp-json\/wp\/v2\/types\/product"}],"replies":[{"embeddable":true,"href":"https:\/\/koduspa.ee\/ru\/wp-json\/wp\/v2\/comments?post=8953"}],"wp:featuredmedia":[{"embeddable":true,"href":"https:\/\/koduspa.ee\/ru\/wp-json\/wp\/v2\/media\/8954"}],"wp:attachment":[{"href":"https:\/\/koduspa.ee\/ru\/wp-json\/wp\/v2\/media?parent=8953"}],"wp:term":[{"taxonomy":"product_cat","embeddable":true,"href":"https:\/\/koduspa.ee\/ru\/wp-json\/wp\/v2\/product_cat?post=8953"},{"taxonomy":"product_tag","embeddable":true,"href":"https:\/\/koduspa.ee\/ru\/wp-json\/wp\/v2\/product_tag?post=8953"}],"curies":[{"name":"wp","href":"https:\/\/api.w.org\/{rel}","templated":true}]}}