{"id":8949,"date":"2021-09-14T13:48:27","date_gmt":"2021-09-14T13:48:27","guid":{"rendered":"https:\/\/koduspa.ee\/?post_type=product&#038;p=8949"},"modified":"2024-04-03T06:53:26","modified_gmt":"2024-04-03T06:53:26","slug":"kontroller-ok33-pui","status":"publish","type":"product","link":"https:\/\/koduspa.ee\/ru\/pood\/juhtpaneelid-ru\/kontroller-ok33-pui\/","title":{"rendered":"HELO KONTROLLER OK33 PUI"},"content":{"rendered":"<h6 id=\"tw-target-text\" class=\"tw-data-text tw-text-large XcVN5d tw-ta\" dir=\"ltr\" data-placeholder=\"Translation\"><span class=\"Y2IQFc\" lang=\"et\" style=\"color: #000000;\">Kasutatakse kaugjuhtimiseks,<br \/>\n<\/span><\/h6>\n<h6 class=\"tw-data-text tw-text-large XcVN5d tw-ta\" dir=\"ltr\" data-placeholder=\"Translation\"><span class=\"Y2IQFc\" lang=\"et\" style=\"color: #000000;\">sellega saab programmeerida igale n\u00e4dalap\u00e4evale eraldi saunaprogramme.<br \/>\n<\/span><\/h6>\n<h6 class=\"tw-data-text tw-text-large XcVN5d tw-ta\" dir=\"ltr\" data-placeholder=\"Translation\"><span class=\"Y2IQFc\" lang=\"et\" style=\"color: #000000;\">Eraldi EK 5 P n\u00e4dalakella pole vaja, kui on VAK automaatikas\u00fcsteem.<br \/>\n<\/span><\/h6>\n<h6 class=\"tw-data-text tw-text-large XcVN5d tw-ta\" dir=\"ltr\" data-placeholder=\"Translation\"><span class=\"Y2IQFc\" lang=\"et\" style=\"color: #000000;\">Kontrolleri maksimaalne sissel\u00fclitusaeg on 12 tundi ja pausi-aeg 6 tundi.<br \/>\n<\/span><\/h6>\n<h6 class=\"tw-data-text tw-text-large XcVN5d tw-ta\" dir=\"ltr\" data-placeholder=\"Translation\"><span class=\"Y2IQFc\" lang=\"et\" style=\"color: #000000;\">Kontroller\u00a0 paigutatakse kuiva ruumi v\u00e4ljaspool sauna,<br \/>\n<\/span><\/h6>\n<h6 class=\"tw-data-text tw-text-large XcVN5d tw-ta\" dir=\"ltr\" data-placeholder=\"Translation\"><span class=\"Y2IQFc\" lang=\"et\" style=\"color: #000000;\">kaasas OLET 6-1 andur koos viiemeetrise kaabliga.<br \/>\n<\/span><\/h6>\n<h6 class=\"tw-data-text tw-text-large XcVN5d tw-ta\" dir=\"ltr\" data-placeholder=\"Translation\"><span class=\"Y2IQFc\" lang=\"et\" style=\"color: #000000;\">See juhtpaneel on 400V 3N ~ pingega ja \u00fchildub mudelitega 901-1501 SKLE ja Lava.<br \/>\n<\/span><\/h6>\n<h6 class=\"tw-data-text tw-text-large XcVN5d tw-ta\" dir=\"ltr\" data-placeholder=\"Translation\"><span class=\"Y2IQFc\" lang=\"et\" style=\"color: #000000;\">M\u00f5\u00f5t 230x110x190mm.<\/span><\/h6>\n","protected":false},"excerpt":{"rendered":"<p>Kasutatakse kaugjuhtimiseks, sellega saab programmeerida igale n\u00e4dalap\u00e4evale eraldi saunaprogramme. Eraldi EK 5 P n\u00e4dalakella pole vaja, kui on VAK automaatikas\u00fcsteem. Kontrolleri maksimaalne sissel\u00fclitusaeg on 12 tundi ja pausi-aeg 6 tundi. Kontroller\u00a0 paigutatakse kuiva ruumi v\u00e4ljaspool sauna, kaasas OLET 6-1 andur koos viiemeetrise kaabliga. See juhtpaneel on 400V 3N ~ pingega ja \u00fchildub mudelitega 901-1501 SKLE [&hellip;]<\/p>\n","protected":false},"featured_media":8950,"comment_status":"open","ping_status":"closed","template":"","meta":{"_acf_changed":false,"_genesis_hide_title":false,"_genesis_hide_breadcrumbs":false,"_genesis_hide_singular_image":false,"_genesis_hide_footer_widgets":false,"_genesis_custom_body_class":"","_genesis_custom_post_class":"","_genesis_layout":""},"product_brand":[],"product_cat":[183],"product_tag":[],"class_list":{"0":"post-8949","1":"product","2":"type-product","3":"status-publish","4":"has-post-thumbnail","6":"product_cat-juhtpaneelid","7":"entry","8":"override","10":"first","11":"instock","12":"shipping-taxable","13":"purchasable","14":"product-type-simple"},"acf":[],"_links":{"self":[{"href":"https:\/\/koduspa.ee\/ru\/wp-json\/wp\/v2\/product\/8949","targetHints":{"allow":["GET"]}}],"collection":[{"href":"https:\/\/koduspa.ee\/ru\/wp-json\/wp\/v2\/product"}],"about":[{"href":"https:\/\/koduspa.ee\/ru\/wp-json\/wp\/v2\/types\/product"}],"replies":[{"embeddable":true,"href":"https:\/\/koduspa.ee\/ru\/wp-json\/wp\/v2\/comments?post=8949"}],"wp:featuredmedia":[{"embeddable":true,"href":"https:\/\/koduspa.ee\/ru\/wp-json\/wp\/v2\/media\/8950"}],"wp:attachment":[{"href":"https:\/\/koduspa.ee\/ru\/wp-json\/wp\/v2\/media?parent=8949"}],"wp:term":[{"taxonomy":"product_brand","embeddable":true,"href":"https:\/\/koduspa.ee\/ru\/wp-json\/wp\/v2\/product_brand?post=8949"},{"taxonomy":"product_cat","embeddable":true,"href":"https:\/\/koduspa.ee\/ru\/wp-json\/wp\/v2\/product_cat?post=8949"},{"taxonomy":"product_tag","embeddable":true,"href":"https:\/\/koduspa.ee\/ru\/wp-json\/wp\/v2\/product_tag?post=8949"}],"curies":[{"name":"wp","href":"https:\/\/api.w.org\/{rel}","templated":true}]}}