{"id":8880,"date":"2021-09-14T09:43:19","date_gmt":"2021-09-14T09:43:19","guid":{"rendered":"https:\/\/koduspa.ee\/?post_type=product&#038;p=8880"},"modified":"2024-04-03T06:51:05","modified_gmt":"2024-04-03T06:51:05","slug":"kontaktor-box-we-53","status":"publish","type":"product","link":"https:\/\/koduspa.ee\/ru\/pood\/juhtpaneelid-ru\/kontaktor-box-we-53\/","title":{"rendered":"HELO KONTAKTOR BOX WE-53"},"content":{"rendered":"<div class=\"D6j0vc\">\n<div id=\"center_col\" class=\"gXmnc s6JM6d\">\n<div id=\"res\" class=\"eqAnXb\" role=\"main\">\n<div id=\"search\">\n<div data-hveid=\"CAEQLw\" data-ved=\"2ahUKEwjdsrnX5v3yAhWFjosKHcdEA3gQGnoECAEQLw\">\n<div id=\"rso\" class=\"v7W49e\" data-async-context=\"query:google%20translate\">\n<div class=\"ULSxyf\">\n<div class=\"KIy09e obcontainer wDYxhc\" data-md=\"77\" data-hveid=\"CAIQAA\" data-ved=\"2ahUKEwjdsrnX5v3yAhWFjosKHcdEA3gQkCl6BAgCEAA\">\n<div id=\"tw-main\" data-hveid=\"CAIQAQ\">\n<div id=\"tw-container\" class=\"\" data-cp=\"1\" data-is-ver=\"false\" data-nnttsvi=\"1\" data-sm=\"1\" data-sugg-time=\"500\" data-sugg-url=\"https:\/\/clients1.google.com\/complete\/search\" data-uilc=\"en\">\n<div id=\"tw-ob\" class=\"tw-src-ltr\">\n<div class=\"oSioSc\">\n<div id=\"tw-target\">\n<div id=\"kAz1tf\" class=\"g9WsWb\">\n<div id=\"tw-target-text-container\" class=\"tw-ta-container F0azHf tw-nfl\" tabindex=\"0\">\n<h6 id=\"tw-target-text\" class=\"tw-data-text tw-text-large XcVN5d tw-ta\" dir=\"ltr\" data-placeholder=\"Translation\"><span class=\"Y2IQFc\" lang=\"et\" style=\"color: #000000;\">Professionaalseks otstarbeks m\u00f5eldud,<\/span><\/h6>\n<h6 class=\"tw-data-text tw-text-large XcVN5d tw-ta\" dir=\"ltr\" data-placeholder=\"Translation\"><span class=\"Y2IQFc\" lang=\"et\" style=\"color: #000000;\"> infrapunasauna komplekti <\/span><span class=\"Y2IQFc\" lang=\"et\" style=\"color: #000000;\">saate h\u00f5lpsalt kokku panna, <\/span><\/h6>\n<h6 class=\"tw-data-text tw-text-large XcVN5d tw-ta\" dir=\"ltr\" data-placeholder=\"Translation\"><span class=\"Y2IQFc\" lang=\"et\" style=\"color: #000000;\">kui ostate selle kontaktorboxi WE-53,<br \/>\n<\/span><\/h6>\n<h6 class=\"tw-data-text tw-text-large XcVN5d tw-ta\" dir=\"ltr\" data-placeholder=\"Translation\"><span class=\"Y2IQFc\" lang=\"et\" style=\"color: #000000;\">N\u00e4iteks:<\/span><\/h6>\n<h6 class=\"tw-data-text tw-text-large XcVN5d tw-ta\" dir=\"ltr\" data-placeholder=\"Translation\"><span class=\"Y2IQFc\" lang=\"et\" style=\"color: #000000;\">soovitud v\u00e4rvi infrapunapaneelid + <\/span><\/h6>\n<h6 class=\"tw-data-text tw-text-large XcVN5d tw-ta\" dir=\"ltr\" data-placeholder=\"Translation\"><span class=\"Y2IQFc\" lang=\"et\" style=\"color: #000000;\">professionaalse elektrikerise (SKLE, Laava v\u00f5i Octa) + <\/span><\/h6>\n<h6 class=\"tw-data-text tw-text-large XcVN5d tw-ta\" dir=\"ltr\" data-placeholder=\"Translation\"><span class=\"Y2IQFc\" lang=\"et\" style=\"color: #000000;\">Elite Free juhtpaneeli.<\/span><\/h6>\n<\/div>\n<div id=\"tw-target-rmn-container\" class=\"tw-target-rmn tw-ta-container F0azHf tw-nfl\">\n<pre id=\"tw-target-rmn\" class=\"tw-data-placeholder tw-text-small tw-ta\" dir=\"ltr\" data-placeholder=\"\"><\/pre>\n<\/div>\n<div class=\"iYB33c\">\n<div class=\"dlJLJe\">\n<div data-cviv=\"false\" data-ved=\"2ahUKEwjdsrnX5v3yAhWFjosKHcdEA3gQz_AEegQIAhAP\">\n<div class=\"U9URNb\"><\/div>\n<\/div>\n<\/div>\n<div id=\"tw-tmenu\" class=\"tw-menu\"><\/div>\n<\/div>\n<\/div>\n<\/div>\n<\/div>\n<\/div>\n<div id=\"tw-images\"><\/div>\n<div class=\"dURPtb\"><\/div>\n<div>\n<div><\/div>\n<\/div>\n<\/div>\n<div class=\"KFFQ0c xKf9F\">\n<div class=\"akqY6\"><\/div>\n<\/div>\n<\/div>\n<\/div>\n<\/div>\n<\/div>\n<\/div>\n<\/div>\n<\/div>\n<\/div>\n<\/div>\n<div id=\"rhs\" class=\"TQc1id hSOk2e rhstc4\" data-pws=\"1300\" data-spe=\"false\" data-hveid=\"CAEQSA\">\n<div class=\"liYKde g VjDLd\">\n<div class=\"kp-wholepage kp-wholepage-osrp HSryR EyBRub\" data-hveid=\"CDAQAA\" data-ved=\"2ahUKEwjdsrnX5v3yAhWFjosKHcdEA3gQ8esCKAB6BAgwEAA\">\n<div class=\"rpBMYb kno-ftr\"><\/div>\n<\/div>\n<\/div>\n<\/div>\n","protected":false},"excerpt":{"rendered":"<p>Professionaalseks otstarbeks m\u00f5eldud, infrapunasauna komplekti saate h\u00f5lpsalt kokku panna, kui ostate selle kontaktorboxi WE-53, N\u00e4iteks: soovitud v\u00e4rvi infrapunapaneelid + professionaalse elektrikerise (SKLE, Laava v\u00f5i Octa) + Elite Free juhtpaneeli.<\/p>\n","protected":false},"featured_media":8881,"comment_status":"open","ping_status":"closed","template":"","meta":{"_acf_changed":false,"_genesis_hide_title":false,"_genesis_hide_breadcrumbs":false,"_genesis_hide_singular_image":false,"_genesis_hide_footer_widgets":false,"_genesis_custom_body_class":"","_genesis_custom_post_class":"","_genesis_layout":""},"product_brand":[],"product_cat":[183],"product_tag":[],"class_list":{"0":"post-8880","1":"product","2":"type-product","3":"status-publish","4":"has-post-thumbnail","6":"product_cat-juhtpaneelid","7":"entry","8":"override","10":"first","11":"instock","12":"shipping-taxable","13":"purchasable","14":"product-type-simple"},"acf":[],"_links":{"self":[{"href":"https:\/\/koduspa.ee\/ru\/wp-json\/wp\/v2\/product\/8880","targetHints":{"allow":["GET"]}}],"collection":[{"href":"https:\/\/koduspa.ee\/ru\/wp-json\/wp\/v2\/product"}],"about":[{"href":"https:\/\/koduspa.ee\/ru\/wp-json\/wp\/v2\/types\/product"}],"replies":[{"embeddable":true,"href":"https:\/\/koduspa.ee\/ru\/wp-json\/wp\/v2\/comments?post=8880"}],"wp:featuredmedia":[{"embeddable":true,"href":"https:\/\/koduspa.ee\/ru\/wp-json\/wp\/v2\/media\/8881"}],"wp:attachment":[{"href":"https:\/\/koduspa.ee\/ru\/wp-json\/wp\/v2\/media?parent=8880"}],"wp:term":[{"taxonomy":"product_brand","embeddable":true,"href":"https:\/\/koduspa.ee\/ru\/wp-json\/wp\/v2\/product_brand?post=8880"},{"taxonomy":"product_cat","embeddable":true,"href":"https:\/\/koduspa.ee\/ru\/wp-json\/wp\/v2\/product_cat?post=8880"},{"taxonomy":"product_tag","embeddable":true,"href":"https:\/\/koduspa.ee\/ru\/wp-json\/wp\/v2\/product_tag?post=8880"}],"curies":[{"name":"wp","href":"https:\/\/api.w.org\/{rel}","templated":true}]}}