{"id":8648,"date":"2021-06-15T11:17:45","date_gmt":"2021-06-15T11:17:45","guid":{"rendered":"https:\/\/koduspa.ee\/?post_type=product&#038;p=8648"},"modified":"2025-07-01T10:24:53","modified_gmt":"2025-07-01T10:24:53","slug":"infrapunasauna-kabiin-t825h-must","status":"publish","type":"product","link":"https:\/\/koduspa.ee\/ru\/pood\/infrapunasaun\/infrapunasauna-kabiin-t825h-must\/","title":{"rendered":"INFRAPUNASAUNA KABIIN TYL\u00d6 T825H MUST"},"content":{"rendered":"<h6 class=\"J0lOec\"><span class=\"VIiyi\" lang=\"et\" style=\"color: #000000;\"><span class=\"JLqJ4b ChMk0b\" data-language-for-alternatives=\"et\" data-language-to-translate-into=\"en\" data-phrase-index=\"2\">Madala EMR-iga infrapunasaun kolmele inimesele.<\/span><\/span><\/h6>\n<h6 class=\"J0lOec\">Valmistatud karastatud 6mm l\u00e4bipaistvast turvaklaasist.<\/h6>\n<h6 class=\"J0lOec\">Sauna sisek\u00fclg on kaetud Hemlock wodiga.<\/h6>\n<h6 class=\"J0lOec\"><span class=\"VIiyi\" lang=\"et\" style=\"color: #000000;\"><span class=\"JLqJ4b ChMk0b\" data-language-for-alternatives=\"et\" data-language-to-translate-into=\"en\" data-phrase-index=\"5\">Juhtpaneel puutetundliku ekraaniga, WIFI-vastuv\u00f5tuga aja,<\/span><\/span><\/h6>\n<h6 class=\"J0lOec\"><span style=\"color: #000000;\">temperatuuri, v\u00e4lgu, v\u00e4rviteraapia ja helis\u00fcsteemi juhtimiseks.<\/span><\/h6>\n<h6 class=\"J0lOec\">LED-tuled madalate ja k\u00f5rgemate IR-paneelide all.<\/h6>\n<h6 class=\"J0lOec\">Komplekti kuulub kaks k\u00f5larit, mida saab juhtida Bluetoothi kaudu.<\/h6>\n<h6 class=\"J0lOec\">S\u00fcsinikpaneelid taga, k\u00fclgedel, jalgades ja jalgades.<\/h6>\n<h6 class=\"J0lOec\">\u00dchendub lihtsalt tavalise pistikupesaga.<\/h6>\n<h6 class=\"J0lOec\">Kaabli pikkus on 2m.<\/h6>\n<h6 class=\"J0lOec\">Paigaldamisel on vaja lisak\u00f5rgust 10cm.<\/h6>\n<h6 class=\"J0lOec\">Kabiini m\u00f5\u00f5t 1633x1078x1938mm.<\/h6>\n<h6 class=\"J0lOec\">Tehnilised andmed:<\/h6>\n<p><a href=\"https:\/\/s3-eu-west-1.amazonaws.com\/gung-images-bucket-ireland\/tylo\/pim-item\/95109104\/English%20T825H%20210121.pdf\">https:\/\/s3-eu-west-1.amazonaws.com\/gung-images-bucket-ireland\/tylo\/pim-item\/95109104\/English%20T825H%20210121.pdf<\/a><\/p>\n<p><a href=\"https:\/\/s3-eu-west-1.amazonaws.com\/gung-images-bucket-ireland\/tylo\/pim-item\/95109104\/Ryska%20T825H%20210121.pdf\">https:\/\/s3-eu-west-1.amazonaws.com\/gung-images-bucket-ireland\/tylo\/pim-item\/95109104\/Ryska%20T825H%20210121.pdf<\/a><\/p>\n","protected":false},"excerpt":{"rendered":"<p>Madala EMR-iga infrapunasaun kolmele inimesele. Valmistatud karastatud 6mm l\u00e4bipaistvast turvaklaasist. Sauna sisek\u00fclg on kaetud Hemlock wodiga. Juhtpaneel puutetundliku ekraaniga, WIFI-vastuv\u00f5tuga aja, temperatuuri, v\u00e4lgu, v\u00e4rviteraapia ja helis\u00fcsteemi juhtimiseks. LED-tuled madalate ja k\u00f5rgemate IR-paneelide all. Komplekti kuulub kaks k\u00f5larit, mida saab juhtida Bluetoothi kaudu. S\u00fcsinikpaneelid taga, k\u00fclgedel, jalgades ja jalgades. \u00dchendub lihtsalt tavalise pistikupesaga. Kaabli pikkus on [&hellip;]<\/p>\n","protected":false},"featured_media":8649,"comment_status":"open","ping_status":"closed","template":"","meta":{"_acf_changed":false,"_genesis_hide_title":false,"_genesis_hide_breadcrumbs":false,"_genesis_hide_singular_image":false,"_genesis_hide_footer_widgets":false,"_genesis_custom_body_class":"","_genesis_custom_post_class":"","_genesis_layout":""},"product_cat":[185],"product_tag":[],"acf":[],"_links":{"self":[{"href":"https:\/\/koduspa.ee\/ru\/wp-json\/wp\/v2\/product\/8648"}],"collection":[{"href":"https:\/\/koduspa.ee\/ru\/wp-json\/wp\/v2\/product"}],"about":[{"href":"https:\/\/koduspa.ee\/ru\/wp-json\/wp\/v2\/types\/product"}],"replies":[{"embeddable":true,"href":"https:\/\/koduspa.ee\/ru\/wp-json\/wp\/v2\/comments?post=8648"}],"wp:featuredmedia":[{"embeddable":true,"href":"https:\/\/koduspa.ee\/ru\/wp-json\/wp\/v2\/media\/8649"}],"wp:attachment":[{"href":"https:\/\/koduspa.ee\/ru\/wp-json\/wp\/v2\/media?parent=8648"}],"wp:term":[{"taxonomy":"product_cat","embeddable":true,"href":"https:\/\/koduspa.ee\/ru\/wp-json\/wp\/v2\/product_cat?post=8648"},{"taxonomy":"product_tag","embeddable":true,"href":"https:\/\/koduspa.ee\/ru\/wp-json\/wp\/v2\/product_tag?post=8648"}],"curies":[{"name":"wp","href":"https:\/\/api.w.org\/{rel}","templated":true}]}}