{"id":8631,"date":"2021-06-15T10:56:44","date_gmt":"2021-06-15T10:56:44","guid":{"rendered":"https:\/\/koduspa.ee\/?post_type=product&#038;p=8631"},"modified":"2025-07-01T10:12:55","modified_gmt":"2025-07-01T10:12:55","slug":"infrapunasauna-kabiin-t810h-must","status":"publish","type":"product","link":"https:\/\/koduspa.ee\/ru\/pood\/infrapunasaun\/infrapunasauna-kabiin-t810h-must\/","title":{"rendered":"INFRAPUNASAUNA KABIIN TYL\u00d6 T810H MUST"},"content":{"rendered":"<div class=\"T4LgNb\">\n<div class=\"WFnNle\">\n<div class=\"OlSOob\">\n<div class=\"ccvoYb\">\n<div class=\"AxqVh\">\n<div class=\"OPPzxe\">\n<div class=\"dePhmb\">\n<div class=\"eyKpYb\" data-language=\"et\" data-original-language=\"en\" data-result-index=\"0\">\n<h6 class=\"J0lOec\"><span class=\"VIiyi\" lang=\"et\" style=\"color: #000000;\"><span class=\"JLqJ4b ChMk0b\" data-language-for-alternatives=\"et\" data-language-to-translate-into=\"en\" data-phrase-index=\"2\">Madala EMR-iga infrapunasaun \u00fchele inimesele.<\/span><\/span><\/h6>\n<h6 class=\"J0lOec\">Valmistatud karastatud 6mm l\u00e4bipaistvast turvaklaasist.<\/h6>\n<h6 class=\"J0lOec\">Sauna sisek\u00fcljed on kaetud Hemlock puiduga.<\/h6>\n<h6 class=\"J0lOec\"><span class=\"VIiyi\" lang=\"et\" style=\"color: #000000;\"><span class=\"JLqJ4b ChMk0b\" data-language-for-alternatives=\"et\" data-language-to-translate-into=\"en\" data-phrase-index=\"5\">Juhtpaneel puutetundliku ekraaniga, WIFI-vastuv\u00f5tuga aja,<\/span><\/span><\/h6>\n<h6 class=\"J0lOec\"><span style=\"color: #000000;\">temperatuuri, v\u00e4lgu, v\u00e4rviteraapia ja helis\u00fcsteemi juhtimiseks.<\/span><\/h6>\n<h6 class=\"J0lOec\">LED-tuled madalate ja k\u00f5rgemate IR-paneelide all.<\/h6>\n<h6 class=\"J0lOec\">Komplekti kuulub kaks k\u00f5larit, mida saab juhtida Bluetoothi kaudu.<\/h6>\n<h6 class=\"J0lOec\">S\u00fcsinikpaneelid taga, k\u00fclgedel, jalgade juures.<\/h6>\n<h6 class=\"J0lOec\">\u00dchendub lihtsalt tavalise pistikupesaga.<\/h6>\n<h6 class=\"J0lOec\">Kaabli pikkus on 2 m.<\/h6>\n<h6 class=\"J0lOec\">Paigaldamisel on vaja lisak\u00f5rgust 10cm.<\/h6>\n<h6 class=\"J0lOec\">Kabiini m\u00f5\u00f5t 913x913x1938mm.<\/h6>\n<h6 class=\"J0lOec\">Tehnilised andmed:<\/h6>\n<p><a href=\"https:\/\/s3-eu-west-1.amazonaws.com\/gung-images-bucket-ireland\/tylo\/pim-item\/95109100\/English%20T810H%20210121.pdf\">https:\/\/s3-eu-west-1.amazonaws.com\/gung-images-bucket-ireland\/tylo\/pim-item\/95109100\/English%20T810H%20210121.pdf<\/a><\/p>\n<div class=\"J0lOec\">\n<div class=\"DNFg3e\">\n<div class=\"SN2gnd\">\n<div class=\"yvts1c\">\n<div class=\"EmVfjc qs41qe lSo1Re ayWRye\" data-active=\"true\" data-loadingmessage=\"Proovime uuesti ...\">\n<div class=\"xu46lf\">\n<div class=\"ir3uv uWlRce co39ub\">\n<div class=\"xq3j6 dj3yTd\">\n<h6 class=\"X6jHbb GOJTSe\"><a href=\"https:\/\/s3-eu-west-1.amazonaws.com\/gung-images-bucket-ireland\/tylo\/pim-item\/95109100\/Ryska%20T810H%20210121.pdf\">https:\/\/s3-eu-west-1.amazonaws.com\/gung-images-bucket-ireland\/tylo\/pim-item\/95109100\/Ryska%20T810H%20210121.pdf<\/a><\/h6>\n<\/div>\n<\/div>\n<\/div>\n<\/div>\n<\/div>\n<\/div>\n<\/div>\n<\/div>\n<\/div>\n<\/div>\n<\/div>\n<\/div>\n<\/div>\n<\/div>\n<\/div>\n<\/div>\n","protected":false},"excerpt":{"rendered":"<p>Madala EMR-iga infrapunasaun \u00fchele inimesele. Valmistatud karastatud 6mm l\u00e4bipaistvast turvaklaasist. Sauna sisek\u00fcljed on kaetud Hemlock puiduga. Juhtpaneel puutetundliku ekraaniga, WIFI-vastuv\u00f5tuga aja, temperatuuri, v\u00e4lgu, v\u00e4rviteraapia ja helis\u00fcsteemi juhtimiseks. LED-tuled madalate ja k\u00f5rgemate IR-paneelide all. Komplekti kuulub kaks k\u00f5larit, mida saab juhtida Bluetoothi kaudu. S\u00fcsinikpaneelid taga, k\u00fclgedel, jalgade juures. \u00dchendub lihtsalt tavalise pistikupesaga. Kaabli pikkus on 2 [&hellip;]<\/p>\n","protected":false},"featured_media":8632,"comment_status":"open","ping_status":"closed","template":"","meta":{"_acf_changed":false,"_genesis_hide_title":false,"_genesis_hide_breadcrumbs":false,"_genesis_hide_singular_image":false,"_genesis_hide_footer_widgets":false,"_genesis_custom_body_class":"","_genesis_custom_post_class":"","_genesis_layout":""},"product_cat":[185],"product_tag":[],"acf":[],"_links":{"self":[{"href":"https:\/\/koduspa.ee\/ru\/wp-json\/wp\/v2\/product\/8631"}],"collection":[{"href":"https:\/\/koduspa.ee\/ru\/wp-json\/wp\/v2\/product"}],"about":[{"href":"https:\/\/koduspa.ee\/ru\/wp-json\/wp\/v2\/types\/product"}],"replies":[{"embeddable":true,"href":"https:\/\/koduspa.ee\/ru\/wp-json\/wp\/v2\/comments?post=8631"}],"wp:featuredmedia":[{"embeddable":true,"href":"https:\/\/koduspa.ee\/ru\/wp-json\/wp\/v2\/media\/8632"}],"wp:attachment":[{"href":"https:\/\/koduspa.ee\/ru\/wp-json\/wp\/v2\/media?parent=8631"}],"wp:term":[{"taxonomy":"product_cat","embeddable":true,"href":"https:\/\/koduspa.ee\/ru\/wp-json\/wp\/v2\/product_cat?post=8631"},{"taxonomy":"product_tag","embeddable":true,"href":"https:\/\/koduspa.ee\/ru\/wp-json\/wp\/v2\/product_tag?post=8631"}],"curies":[{"name":"wp","href":"https:\/\/api.w.org\/{rel}","templated":true}]}}