{"id":8511,"date":"2021-05-07T06:12:15","date_gmt":"2021-05-07T06:12:15","guid":{"rendered":"https:\/\/koduspa.ee\/?post_type=product&#038;p=8511"},"modified":"2025-10-24T05:50:16","modified_gmt":"2025-10-24T05:50:16","slug":"juhtpaneel-elite-free","status":"publish","type":"product","link":"https:\/\/koduspa.ee\/ru\/pood\/juhtpaneelid-ru\/juhtpaneel-elite-free\/","title":{"rendered":"HELO JUHTPANEEL ELITE FREE"},"content":{"rendered":"<div class=\"T4LgNb\">\n<div class=\"WFnNle\">\n<div class=\"OlSOob\">\n<div class=\"ccvoYb\">\n<div class=\"AxqVh\">\n<div class=\"OPPzxe\">\n<div class=\"dePhmb\">\n<div class=\"eyKpYb\" data-language=\"et\" data-original-language=\"en\" data-result-index=\"0\">\n<h6 class=\"J0lOec\"><span class=\"VIiyi\" lang=\"et\" style=\"color: #000000;\"><span class=\"JLqJ4b\" data-language-for-alternatives=\"et\" data-language-to-translate-into=\"en\" data-phrase-index=\"0\">Uut juhtpaneeli Elite Free on n\u00fc\u00fcd v\u00e4rskendatud pilvep\u00f5hise funktsiooniga, <\/span><\/span><\/h6>\n<h6 class=\"J0lOec\"><span class=\"VIiyi\" lang=\"et\" style=\"color: #000000;\"><span class=\"JLqJ4b\" data-language-for-alternatives=\"et\" data-language-to-translate-into=\"en\" data-phrase-index=\"0\">mis v\u00f5imaldab teil oma sauna juhtida k\u00f5ikjalt ja igal ajal. <\/span><\/span><\/h6>\n<h6 class=\"J0lOec\"><span style=\"color: #000000;\"><span class=\"VIiyi\" lang=\"et\"><span class=\"JLqJ4b\" data-language-for-alternatives=\"et\" data-language-to-translate-into=\"en\" data-phrase-index=\"0\">Multidistsiplinaarne juhtpaneel Elite Free on m\u00f5eldud saunade <\/span><\/span><span class=\"VIiyi\" lang=\"et\"><span class=\"JLqJ4b\" data-language-for-alternatives=\"et\" data-language-to-translate-into=\"en\" data-phrase-index=\"0\">\u00a0jaoks ning <\/span><\/span><\/span><\/h6>\n<h6 class=\"J0lOec\"><span class=\"VIiyi\" lang=\"et\" style=\"color: #000000;\"><span class=\"JLqJ4b\" data-language-for-alternatives=\"et\" data-language-to-translate-into=\"en\" data-phrase-index=\"0\">t\u00e4nu sisemisele protsessorile ja operatsioonis\u00fcsteemile on see t\u00e4iuslikum. <\/span><\/span><\/h6>\n<h6 class=\"J0lOec\"><span class=\"VIiyi\" lang=\"et\" style=\"color: #000000;\"><span class=\"JLqJ4b\" data-language-for-alternatives=\"et\" data-language-to-translate-into=\"en\" data-phrase-index=\"0\">Lisaks v\u00e4ga isikup\u00e4raste s\u00e4tetele saab Elite Free&#8217;i individuaalselt <\/span><\/span><\/h6>\n<h6 class=\"J0lOec\"><span class=\"VIiyi\" lang=\"et\" style=\"color: #000000;\"><span class=\"JLqJ4b\" data-language-for-alternatives=\"et\" data-language-to-translate-into=\"en\" data-phrase-index=\"0\">programmeerida vastavalt teie enda ajakavale. <\/span><\/span><\/h6>\n<h6 class=\"J0lOec\"><span class=\"VIiyi\" lang=\"et\" style=\"color: #000000;\"><span class=\"JLqJ4b\" data-language-for-alternatives=\"et\" data-language-to-translate-into=\"en\" data-phrase-index=\"0\">Lisage selliseid funktsioone nagu lisaventilaatorid, l\u00f5hnapumbad v\u00f5i tuled &#8212; <\/span><\/span><\/h6>\n<h6 class=\"J0lOec\"><span class=\"VIiyi\" lang=\"et\" style=\"color: #000000;\"><span class=\"JLqJ4b\" data-language-for-alternatives=\"et\" data-language-to-translate-into=\"en\" data-phrase-index=\"0\">juhtpaneel Elite Free haldab seda k\u00f5ike selge ja l\u00fchikese t\u00e4psusega. <\/span><\/span><\/h6>\n<h6 class=\"J0lOec\"><span class=\"VIiyi\" lang=\"et\" style=\"color: #000000;\"><span class=\"JLqJ4b\" data-language-for-alternatives=\"et\" data-language-to-translate-into=\"en\" data-phrase-index=\"0\">4,5-tolline puuteekraan tagab reaalajas oleku teie saunas. <\/span><\/span><\/h6>\n<h6 class=\"J0lOec\"><span class=\"VIiyi\" lang=\"et\" style=\"color: #000000;\"><span class=\"JLqJ4b\" data-language-for-alternatives=\"et\" data-language-to-translate-into=\"en\" data-phrase-index=\"0\">See sisaldab energias\u00e4\u00e4stu funktsioone. <\/span><\/span><\/h6>\n<h6 class=\"J0lOec\"><span class=\"VIiyi\" lang=\"et\" style=\"color: #000000;\"><span class=\"JLqJ4b\" data-language-for-alternatives=\"et\" data-language-to-translate-into=\"en\" data-phrase-index=\"0\">Laadige App Store&#8217;ist ja Google Play&#8217;st alla rakendus Helo Control \u2122 <\/span><\/span><\/h6>\n<h6 class=\"J0lOec\"><span class=\"VIiyi\" lang=\"et\" style=\"color: #000000;\"><span class=\"JLqJ4b\" data-language-for-alternatives=\"et\" data-language-to-translate-into=\"en\" data-phrase-index=\"0\">v\u00f5i kasutage programmi PC jaoks. <\/span><\/span><\/h6>\n<h6 class=\"J0lOec\"><span class=\"VIiyi\" lang=\"et\" style=\"color: #000000;\"><span class=\"JLqJ4b\" data-language-for-alternatives=\"et\" data-language-to-translate-into=\"en\" data-phrase-index=\"0\">Helo Control \u2122 rakenduse abil saate leili- ja aurusauna<\/span><\/span><\/h6>\n<h6 class=\"J0lOec\"><span class=\"VIiyi\" lang=\"et\" style=\"color: #000000;\"><span class=\"JLqJ4b\" data-language-for-alternatives=\"et\" data-language-to-translate-into=\"en\" data-phrase-index=\"0\"> funktsioone juhtida k\u00f5ikjal ja igal ajal. <\/span><\/span><\/h6>\n<h6 class=\"J0lOec\"><span class=\"VIiyi\" lang=\"et\" style=\"color: #000000;\"><span class=\"JLqJ4b\" data-language-for-alternatives=\"et\" data-language-to-translate-into=\"en\" data-phrase-index=\"0\">\u00dcksk\u00f5ik, kas l\u00e4hete suusarajalt\u00a0 v\u00f5i s\u00f5idate koju p\u00e4rast pikka ja v\u00e4sitavat t\u00f6\u00f6p\u00e4eva. <\/span><\/span><\/h6>\n<h6 class=\"J0lOec\"><span class=\"VIiyi\" lang=\"et\" style=\"color: #000000;\"><span class=\"JLqJ4b\" data-language-for-alternatives=\"et\" data-language-to-translate-into=\"en\" data-phrase-index=\"0\">Mis v\u00f5iks olla parem kui eelsoojendatud saun koju j\u00f5udes? <\/span><\/span><\/h6>\n<h6 class=\"J0lOec\"><span class=\"VIiyi\" lang=\"et\" style=\"color: #000000;\"><span class=\"JLqJ4b\" data-language-for-alternatives=\"et\" data-language-to-translate-into=\"en\" data-phrase-index=\"0\">Juhtpaneeli Elite Free ja rakendusega Helo Control \u2122 on see k\u00f5ik v\u00f5imalik.\u00a0<\/span><\/span><\/h6>\n<ul>\n<li class=\"J0lOec\">\n<h6><span class=\"VIiyi\" lang=\"et\" style=\"color: #000000;\"><span class=\"JLqJ4b\" data-language-for-alternatives=\"et\" data-language-to-translate-into=\"en\" data-phrase-index=\"0\"> Elite Free \u00fchildub nii leili- kui aurusaunaga. <\/span><\/span><\/h6>\n<\/li>\n<li class=\"J0lOec\">\n<h6><span class=\"VIiyi\" lang=\"et\" style=\"color: #000000;\"><span class=\"JLqJ4b\" data-language-for-alternatives=\"et\" data-language-to-translate-into=\"en\" data-phrase-index=\"0\">Nutitelefoni rakendus Helo Control tagab t\u00e4ieliku liikuvuse.\u00a0<\/span><\/span><\/h6>\n<\/li>\n<li class=\"J0lOec\">\n<h6><span class=\"VIiyi\" lang=\"et\" style=\"color: #000000;\"><span class=\"JLqJ4b\" data-language-for-alternatives=\"et\" data-language-to-translate-into=\"en\" data-phrase-index=\"0\">Rakendusega Helo Control on teie k\u00e4es alati kontroll. <\/span><\/span><\/h6>\n<\/li>\n<li class=\"J0lOec\">\n<h6><span class=\"VIiyi\" lang=\"et\" style=\"color: #000000;\"><span class=\"JLqJ4b\" data-language-for-alternatives=\"et\" data-language-to-translate-into=\"en\" data-phrase-index=\"0\">\u00dcksk\u00f5ik, kas loete oma lemmiktoolil v\u00f5i tagaaias muru niites.\u00a0<\/span><\/span><\/h6>\n<\/li>\n<li class=\"J0lOec\">\n<h6><span class=\"VIiyi\" lang=\"et\" style=\"color: #000000;\"><span class=\"JLqJ4b\" data-language-for-alternatives=\"et\" data-language-to-translate-into=\"en\" data-phrase-index=\"0\">Funktsioone saate juhtida kohaliku WiFi-v\u00f5rgu kaudu. <\/span><\/span><\/h6>\n<\/li>\n<li>\n<h6><span class=\"VIiyi\" lang=\"et\" style=\"color: #000000;\"><span class=\"JLqJ4b\" data-language-for-alternatives=\"et\" data-language-to-translate-into=\"en\" data-phrase-index=\"0\">T\u00e4ieliku paindlikkuse saavutamiseks kasutage oma arvutit v\u00f5i mobiilsea<\/span><\/span><span class=\"VIiyi\" lang=\"et\" style=\"color: #000000;\"><span class=\"JLqJ4b\" data-language-for-alternatives=\"et\" data-language-to-translate-into=\"en\" data-phrase-index=\"0\">det.<\/span><\/span><\/h6>\n<\/li>\n<\/ul>\n<\/div>\n<\/div>\n<\/div>\n<\/div>\n<\/div>\n<\/div>\n<\/div>\n<div class=\"nbesI\">\n<div class=\"ARH0jd\">\n<div class=\"s3ZRJe\">\n<h6 class=\"NwV5xd Yv4bk pahJge\"><span style=\"color: #000000;\">Tehnilised andmed:<\/span><\/h6>\n<h6><a href=\"https:\/\/f.hubspotusercontent30.net\/hubfs\/379485\/Helo%20Elite%20Free%20installation%20%26%20quickstart%20guide.pdf\">https:\/\/f.hubspotusercontent30.net\/hubfs\/379485\/Helo%20Elite%20Free%20installation%20%26%20quickstart%20guide.pdf<\/a><\/h6>\n<h6><span style=\"color: #000000;\">Garantiitingimused:<\/span><\/h6>\n<h6><a href=\"https:\/\/cdn2.hubspot.net\/hubfs\/379485\/Tyl%C3%B6Helo%20downloads%20(product%20data)\/Helo%20manuals\/Warranty%20policy.pdf\">https:\/\/cdn2.hubspot.net\/hubfs\/379485\/Tyl%C3%B6Helo%20downloads%20(product%20data)\/Helo%20manuals\/Warranty%20policy.pdf<\/a><\/h6>\n<\/div>\n<\/div>\n<\/div>\n<\/div>\n","protected":false},"excerpt":{"rendered":"<p>Uut juhtpaneeli Elite Free on n\u00fc\u00fcd v\u00e4rskendatud pilvep\u00f5hise funktsiooniga, mis v\u00f5imaldab teil oma sauna juhtida k\u00f5ikjalt ja igal ajal. Multidistsiplinaarne juhtpaneel Elite Free on m\u00f5eldud saunade \u00a0jaoks ning t\u00e4nu sisemisele protsessorile ja operatsioonis\u00fcsteemile on see t\u00e4iuslikum. Lisaks v\u00e4ga isikup\u00e4raste s\u00e4tetele saab Elite Free&#8217;i individuaalselt programmeerida vastavalt teie enda ajakavale. Lisage selliseid funktsioone nagu lisaventilaatorid, l\u00f5hnapumbad [&hellip;]<\/p>\n","protected":false},"featured_media":8512,"comment_status":"open","ping_status":"closed","template":"","meta":{"_acf_changed":false,"_genesis_hide_title":false,"_genesis_hide_breadcrumbs":false,"_genesis_hide_singular_image":false,"_genesis_hide_footer_widgets":false,"_genesis_custom_body_class":"","_genesis_custom_post_class":"","_genesis_layout":""},"product_brand":[],"product_cat":[183],"product_tag":[],"class_list":{"0":"post-8511","1":"product","2":"type-product","3":"status-publish","4":"has-post-thumbnail","6":"product_cat-juhtpaneelid","7":"entry","8":"override","10":"first","11":"instock","12":"shipping-taxable","13":"purchasable","14":"product-type-simple"},"acf":[],"_links":{"self":[{"href":"https:\/\/koduspa.ee\/ru\/wp-json\/wp\/v2\/product\/8511","targetHints":{"allow":["GET"]}}],"collection":[{"href":"https:\/\/koduspa.ee\/ru\/wp-json\/wp\/v2\/product"}],"about":[{"href":"https:\/\/koduspa.ee\/ru\/wp-json\/wp\/v2\/types\/product"}],"replies":[{"embeddable":true,"href":"https:\/\/koduspa.ee\/ru\/wp-json\/wp\/v2\/comments?post=8511"}],"wp:featuredmedia":[{"embeddable":true,"href":"https:\/\/koduspa.ee\/ru\/wp-json\/wp\/v2\/media\/8512"}],"wp:attachment":[{"href":"https:\/\/koduspa.ee\/ru\/wp-json\/wp\/v2\/media?parent=8511"}],"wp:term":[{"taxonomy":"product_brand","embeddable":true,"href":"https:\/\/koduspa.ee\/ru\/wp-json\/wp\/v2\/product_brand?post=8511"},{"taxonomy":"product_cat","embeddable":true,"href":"https:\/\/koduspa.ee\/ru\/wp-json\/wp\/v2\/product_cat?post=8511"},{"taxonomy":"product_tag","embeddable":true,"href":"https:\/\/koduspa.ee\/ru\/wp-json\/wp\/v2\/product_tag?post=8511"}],"curies":[{"name":"wp","href":"https:\/\/api.w.org\/{rel}","templated":true}]}}