{"id":8498,"date":"2021-05-06T13:59:12","date_gmt":"2021-05-06T13:59:12","guid":{"rendered":"https:\/\/koduspa.ee\/?post_type=product&#038;p=8498"},"modified":"2024-04-06T10:51:14","modified_gmt":"2024-04-06T10:51:14","slug":"led-3v-34v-12w-ip65-2","status":"publish","type":"product","link":"https:\/\/koduspa.ee\/ru\/pood\/tylo-valgustid\/led-3v-34v-12w-ip65-2\/","title":{"rendered":"TYL\u00d6 LED 3V-3,4V 1,2W IP65"},"content":{"rendered":"<div class=\"T4LgNb\">\n<div class=\"WFnNle\">\n<div class=\"OlSOob\">\n<div class=\"ccvoYb\">\n<div class=\"AxqVh\">\n<div class=\"OPPzxe\">\n<div class=\"dePhmb\">\n<div class=\"eyKpYb\" data-language=\"et\" data-original-language=\"en\" data-result-index=\"0\">\n<h6 class=\"J0lOec\"><span class=\"VIiyi\" lang=\"et\" style=\"color: #000000;\"><span class=\"JLqJ4b ChMk0b C1N51c\" data-language-for-alternatives=\"et\" data-language-to-translate-into=\"en\" data-phrase-index=\"0\">T\u00e4iter\u00f5ngaga LED (65mm) asendab vana allvalgusti suure avaga.<\/span><\/span><\/h6>\n<h6><span style=\"color: #000000;\">Saab kasutada du\u0161i- ja leiliruumis,<\/span><\/h6>\n<h6><span style=\"color: #000000;\">reguleeritav 350mA-ga.<\/span><\/h6>\n<h6><\/h6>\n<p>&nbsp;<\/p>\n<\/div>\n<\/div>\n<\/div>\n<\/div>\n<\/div>\n<\/div>\n<\/div>\n<\/div>\n","protected":false},"excerpt":{"rendered":"<p>T\u00e4iter\u00f5ngaga LED (65mm) asendab vana allvalgusti suure avaga. Saab kasutada du\u0161i- ja leiliruumis, reguleeritav 350mA-ga. &nbsp;<\/p>\n","protected":false},"featured_media":8499,"comment_status":"open","ping_status":"closed","template":"","meta":{"_acf_changed":false,"_genesis_hide_title":false,"_genesis_hide_breadcrumbs":false,"_genesis_hide_singular_image":false,"_genesis_hide_footer_widgets":false,"_genesis_custom_body_class":"","_genesis_custom_post_class":"","_genesis_layout":""},"product_brand":[],"product_cat":[372],"product_tag":[],"class_list":{"0":"post-8498","1":"product","2":"type-product","3":"status-publish","4":"has-post-thumbnail","6":"product_cat-tylo-valgustid","7":"entry","8":"override","10":"first","11":"instock","12":"shipping-taxable","13":"purchasable","14":"product-type-simple"},"acf":[],"_links":{"self":[{"href":"https:\/\/koduspa.ee\/ru\/wp-json\/wp\/v2\/product\/8498","targetHints":{"allow":["GET"]}}],"collection":[{"href":"https:\/\/koduspa.ee\/ru\/wp-json\/wp\/v2\/product"}],"about":[{"href":"https:\/\/koduspa.ee\/ru\/wp-json\/wp\/v2\/types\/product"}],"replies":[{"embeddable":true,"href":"https:\/\/koduspa.ee\/ru\/wp-json\/wp\/v2\/comments?post=8498"}],"wp:featuredmedia":[{"embeddable":true,"href":"https:\/\/koduspa.ee\/ru\/wp-json\/wp\/v2\/media\/8499"}],"wp:attachment":[{"href":"https:\/\/koduspa.ee\/ru\/wp-json\/wp\/v2\/media?parent=8498"}],"wp:term":[{"taxonomy":"product_brand","embeddable":true,"href":"https:\/\/koduspa.ee\/ru\/wp-json\/wp\/v2\/product_brand?post=8498"},{"taxonomy":"product_cat","embeddable":true,"href":"https:\/\/koduspa.ee\/ru\/wp-json\/wp\/v2\/product_cat?post=8498"},{"taxonomy":"product_tag","embeddable":true,"href":"https:\/\/koduspa.ee\/ru\/wp-json\/wp\/v2\/product_tag?post=8498"}],"curies":[{"name":"wp","href":"https:\/\/api.w.org\/{rel}","templated":true}]}}