{"id":8480,"date":"2021-05-06T13:22:25","date_gmt":"2021-05-06T13:22:25","guid":{"rendered":"https:\/\/koduspa.ee\/?post_type=product&#038;p=8480"},"modified":"2024-04-06T10:54:32","modified_gmt":"2024-04-06T10:54:32","slug":"led-valgusti-43w-alu","status":"publish","type":"product","link":"https:\/\/koduspa.ee\/ru\/pood\/tylo-valgustid\/led-valgusti-43w-alu\/","title":{"rendered":"TYL\u00d6 LED VALGUSTI 4,3W ALU"},"content":{"rendered":"<p><span style=\"color: #000000;\">3000K, 230V, IP44<\/span><\/p>\n<p><span style=\"color: #000000;\">H\u00e4mardatav, trafo on kaasas,<\/span><\/p>\n<p><span style=\"color: #000000;\">m\u00f5\u00f5t 95x110x90mm.<\/span><\/p>\n<p><span style=\"color: #000000;\">Tehnilised andmed:<\/span><\/p>\n<p><a href=\"https:\/\/s3-eu-west-1.amazonaws.com\/gung-images-bucket-ireland\/tylo\/pim-item\/90011034\/Spotlight%20LED%20Bastu%20ALU.pdf\">https:\/\/s3-eu-west-1.amazonaws.com\/gung-images-bucket-ireland\/tylo\/pim-item\/90011034\/Spotlight%20LED%20Bastu%20ALU.pdf<\/a><\/p>\n","protected":false},"excerpt":{"rendered":"<p>3000K, 230V, IP44 H\u00e4mardatav, trafo on kaasas, m\u00f5\u00f5t 95x110x90mm. Tehnilised andmed: https:\/\/s3-eu-west-1.amazonaws.com\/gung-images-bucket-ireland\/tylo\/pim-item\/90011034\/Spotlight%20LED%20Bastu%20ALU.pdf<\/p>\n","protected":false},"featured_media":8481,"comment_status":"open","ping_status":"closed","template":"","meta":{"_acf_changed":false,"_genesis_hide_title":false,"_genesis_hide_breadcrumbs":false,"_genesis_hide_singular_image":false,"_genesis_hide_footer_widgets":false,"_genesis_custom_body_class":"","_genesis_custom_post_class":"","_genesis_layout":""},"product_brand":[],"product_cat":[372],"product_tag":[],"class_list":{"0":"post-8480","1":"product","2":"type-product","3":"status-publish","4":"has-post-thumbnail","6":"product_cat-tylo-valgustid","7":"entry","8":"override","10":"first","11":"instock","12":"shipping-taxable","13":"purchasable","14":"product-type-simple"},"acf":[],"_links":{"self":[{"href":"https:\/\/koduspa.ee\/ru\/wp-json\/wp\/v2\/product\/8480","targetHints":{"allow":["GET"]}}],"collection":[{"href":"https:\/\/koduspa.ee\/ru\/wp-json\/wp\/v2\/product"}],"about":[{"href":"https:\/\/koduspa.ee\/ru\/wp-json\/wp\/v2\/types\/product"}],"replies":[{"embeddable":true,"href":"https:\/\/koduspa.ee\/ru\/wp-json\/wp\/v2\/comments?post=8480"}],"wp:featuredmedia":[{"embeddable":true,"href":"https:\/\/koduspa.ee\/ru\/wp-json\/wp\/v2\/media\/8481"}],"wp:attachment":[{"href":"https:\/\/koduspa.ee\/ru\/wp-json\/wp\/v2\/media?parent=8480"}],"wp:term":[{"taxonomy":"product_brand","embeddable":true,"href":"https:\/\/koduspa.ee\/ru\/wp-json\/wp\/v2\/product_brand?post=8480"},{"taxonomy":"product_cat","embeddable":true,"href":"https:\/\/koduspa.ee\/ru\/wp-json\/wp\/v2\/product_cat?post=8480"},{"taxonomy":"product_tag","embeddable":true,"href":"https:\/\/koduspa.ee\/ru\/wp-json\/wp\/v2\/product_tag?post=8480"}],"curies":[{"name":"wp","href":"https:\/\/api.w.org\/{rel}","templated":true}]}}