{"id":8257,"date":"2021-04-13T08:17:24","date_gmt":"2021-04-13T08:17:24","guid":{"rendered":"https:\/\/koduspa.ee\/?post_type=product&#038;p=8257"},"modified":"2024-04-05T10:15:30","modified_gmt":"2024-04-05T10:15:30","slug":"auruduss-stella-tylo","status":"publish","type":"product","link":"https:\/\/koduspa.ee\/ru\/pood\/saunaruumid-ru\/auruduss-stella-tylo\/","title":{"rendered":"TYL\u00d6 AURUDU\u0160\u0160 STELLA 2\/4 KROOM"},"content":{"rendered":"<h5><span style=\"color: #000000;\">Aurudu\u0161\u0161 Stella on valmistatud 8mm mustast karastatud klaasist.<\/span><\/h5>\n<h5><span style=\"color: #000000;\">Klaasi taga on sisse ehitatud neoon LED valgustus. <\/span><\/h5>\n<h5><span style=\"color: #000000;\">Juhtpaneel Elite Gloud on komplektis ja paigaldatakse otse klaasile.<\/span><\/h5>\n<h5><span style=\"color: #000000;\"> Aurugeneraator 2,2\/4,5kw.<\/span><\/h5>\n<h5><span style=\"color: #000000;\">Auru hakkab andma peale sisse l\u00fclitamist 2 minuti p\u00e4rast. <\/span><\/h5>\n<h5><span style=\"color: #000000;\">Termostaat, segisti ja k\u00e4sidu\u0161\u0161 on Saksamaa tootja Dornbrachtilt.<\/span><\/h5>\n<h5><span style=\"color: #000000;\">Aurud\u00fc\u00fcs on vaikne, kaks 6mm karastatud suitsuv\u00e4rvi klaasist, <\/span><\/h5>\n<h5><span style=\"color: #000000;\">mis muudab aurud\u00fc\u00fcsi ohutuks. <\/span><\/h5>\n<h5><span style=\"color: #000000;\">Aurud\u00fc\u00fcs on varustatud v\u00e4ikese aroomipumbaga.<\/span><\/h5>\n<h5><span style=\"color: #000000;\">M\u00f5\u00f5t 2060x280x110mm.<\/span><\/h5>\n<h5><span style=\"color: #000000;\">Tehnilised andmed:<\/span><\/h5>\n<p><a href=\"https:\/\/www.tylohelo.com\/hubfs\/Tyl%C3%B6Helo%20downloads%20(product%20data)\/Tyl%C3%B6%20manuals\/2900%203005%20Steam%20shower%20Stella%20installation%20%26%20user%20guide.pdf?hsLang=en\">https:\/\/www.tylohelo.com\/hubfs\/Tyl%C3%B6Helo%20downloads%20(product%20data)\/Tyl%C3%B6%20manuals\/2900%203005%20Steam%20shower%20Stella%20installation%20%26%20user%20guide.pdf?hsLang=en<\/a><\/p>\n","protected":false},"excerpt":{"rendered":"<p>Aurudu\u0161\u0161 Stella on valmistatud 8mm mustast karastatud klaasist. Klaasi taga on sisse ehitatud neoon LED valgustus. Juhtpaneel Elite Gloud on komplektis ja paigaldatakse otse klaasile. Aurugeneraator 2,2\/4,5kw. Auru hakkab andma peale sisse l\u00fclitamist 2 minuti p\u00e4rast. Termostaat, segisti ja k\u00e4sidu\u0161\u0161 on Saksamaa tootja Dornbrachtilt. Aurud\u00fc\u00fcs on vaikne, kaks 6mm karastatud suitsuv\u00e4rvi klaasist, mis muudab aurud\u00fc\u00fcsi [&hellip;]<\/p>\n","protected":false},"featured_media":8258,"comment_status":"open","ping_status":"closed","template":"","meta":{"_acf_changed":false,"_genesis_hide_title":false,"_genesis_hide_breadcrumbs":false,"_genesis_hide_singular_image":false,"_genesis_hide_footer_widgets":false,"_genesis_custom_body_class":"","_genesis_custom_post_class":"","_genesis_layout":""},"product_brand":[],"product_cat":[174],"product_tag":[],"class_list":{"0":"post-8257","1":"product","2":"type-product","3":"status-publish","4":"has-post-thumbnail","6":"product_cat-saunaruumid","7":"entry","8":"override","10":"first","11":"instock","12":"shipping-taxable","13":"purchasable","14":"product-type-simple"},"acf":[],"_links":{"self":[{"href":"https:\/\/koduspa.ee\/ru\/wp-json\/wp\/v2\/product\/8257","targetHints":{"allow":["GET"]}}],"collection":[{"href":"https:\/\/koduspa.ee\/ru\/wp-json\/wp\/v2\/product"}],"about":[{"href":"https:\/\/koduspa.ee\/ru\/wp-json\/wp\/v2\/types\/product"}],"replies":[{"embeddable":true,"href":"https:\/\/koduspa.ee\/ru\/wp-json\/wp\/v2\/comments?post=8257"}],"wp:featuredmedia":[{"embeddable":true,"href":"https:\/\/koduspa.ee\/ru\/wp-json\/wp\/v2\/media\/8258"}],"wp:attachment":[{"href":"https:\/\/koduspa.ee\/ru\/wp-json\/wp\/v2\/media?parent=8257"}],"wp:term":[{"taxonomy":"product_brand","embeddable":true,"href":"https:\/\/koduspa.ee\/ru\/wp-json\/wp\/v2\/product_brand?post=8257"},{"taxonomy":"product_cat","embeddable":true,"href":"https:\/\/koduspa.ee\/ru\/wp-json\/wp\/v2\/product_cat?post=8257"},{"taxonomy":"product_tag","embeddable":true,"href":"https:\/\/koduspa.ee\/ru\/wp-json\/wp\/v2\/product_tag?post=8257"}],"curies":[{"name":"wp","href":"https:\/\/api.w.org\/{rel}","templated":true}]}}