{"id":8251,"date":"2021-04-13T07:47:19","date_gmt":"2021-04-13T07:47:19","guid":{"rendered":"https:\/\/koduspa.ee\/?post_type=product&#038;p=8251"},"modified":"2024-04-16T09:42:54","modified_gmt":"2024-04-16T09:42:54","slug":"riiul-prixel-tylo","status":"publish","type":"product","link":"https:\/\/koduspa.ee\/ru\/pood\/saunaruumid-ru\/riiul-prixel-tylo\/","title":{"rendered":"TYL\u00d6 RIIUL PIXEL"},"content":{"rendered":"<h6><span style=\"color: #000000;\">Roostevaba terasest, kaetud musta matt v\u00e4rviga, kandvus 2kg. <\/span><\/h6>\n<h6><span style=\"color: #000000;\">Sisse l\u00f5igatud muster ei j\u00e4ta vett riiulisse. Kleebitav klaasi k\u00fclge.<\/span><\/h6>\n<h6><span style=\"color: #000000;\">M\u00f5\u00f5t 400x90mm.<\/span><\/h6>\n","protected":false},"excerpt":{"rendered":"<p>Roostevaba terasest, kaetud musta matt v\u00e4rviga, kandvus 2kg. Sisse l\u00f5igatud muster ei j\u00e4ta vett riiulisse. Kleebitav klaasi k\u00fclge. M\u00f5\u00f5t 400x90mm.<\/p>\n","protected":false},"featured_media":16037,"comment_status":"open","ping_status":"closed","template":"","meta":{"_acf_changed":false,"_genesis_hide_title":false,"_genesis_hide_breadcrumbs":false,"_genesis_hide_singular_image":false,"_genesis_hide_footer_widgets":false,"_genesis_custom_body_class":"","_genesis_custom_post_class":"","_genesis_layout":""},"product_brand":[],"product_cat":[174],"product_tag":[],"class_list":{"0":"post-8251","1":"product","2":"type-product","3":"status-publish","4":"has-post-thumbnail","6":"product_cat-saunaruumid","7":"entry","8":"override","10":"first","11":"instock","12":"shipping-taxable","13":"purchasable","14":"product-type-simple"},"acf":[],"_links":{"self":[{"href":"https:\/\/koduspa.ee\/ru\/wp-json\/wp\/v2\/product\/8251","targetHints":{"allow":["GET"]}}],"collection":[{"href":"https:\/\/koduspa.ee\/ru\/wp-json\/wp\/v2\/product"}],"about":[{"href":"https:\/\/koduspa.ee\/ru\/wp-json\/wp\/v2\/types\/product"}],"replies":[{"embeddable":true,"href":"https:\/\/koduspa.ee\/ru\/wp-json\/wp\/v2\/comments?post=8251"}],"wp:featuredmedia":[{"embeddable":true,"href":"https:\/\/koduspa.ee\/ru\/wp-json\/wp\/v2\/media\/16037"}],"wp:attachment":[{"href":"https:\/\/koduspa.ee\/ru\/wp-json\/wp\/v2\/media?parent=8251"}],"wp:term":[{"taxonomy":"product_brand","embeddable":true,"href":"https:\/\/koduspa.ee\/ru\/wp-json\/wp\/v2\/product_brand?post=8251"},{"taxonomy":"product_cat","embeddable":true,"href":"https:\/\/koduspa.ee\/ru\/wp-json\/wp\/v2\/product_cat?post=8251"},{"taxonomy":"product_tag","embeddable":true,"href":"https:\/\/koduspa.ee\/ru\/wp-json\/wp\/v2\/product_tag?post=8251"}],"curies":[{"name":"wp","href":"https:\/\/api.w.org\/{rel}","templated":true}]}}