{"id":8242,"date":"2021-04-13T07:31:07","date_gmt":"2021-04-13T07:31:07","guid":{"rendered":"https:\/\/koduspa.ee\/?post_type=product&#038;p=8242"},"modified":"2024-04-05T10:11:58","modified_gmt":"2024-04-05T10:11:58","slug":"aurudussikabiin-vista-160-tylo","status":"publish","type":"product","link":"https:\/\/koduspa.ee\/ru\/pood\/saunaruumid\/aurudussikabiin-vista-160-tylo\/","title":{"rendered":"TYL\u00d6 AURU DU\u0160IKABIIN VISTA 160 KROOM"},"content":{"rendered":"<h6 class=\"J0lOec\"><span class=\"VIiyi\" lang=\"et\" style=\"color: #000000;\"><span class=\"JLqJ4b\" data-language-for-alternatives=\"et\" data-language-to-translate-into=\"en\" data-phrase-index=\"0\">Klanitud v\u00e4limusega aurudu\u0161ikabiin, mis s\u00fcmboliseerib Skandinaavia disaini. <\/span><\/span><\/h6>\n<h6 class=\"J0lOec\"><span class=\"VIiyi\" lang=\"et\" style=\"color: #000000;\"><span class=\"JLqJ4b\" data-language-for-alternatives=\"et\" data-language-to-translate-into=\"en\" data-phrase-index=\"0\">Vista on aurudu\u0161ikabiin, mis on mustast matist alumiinium raamiga minimalistlik profiil, <\/span><\/span><\/h6>\n<h6 class=\"J0lOec\"><span class=\"VIiyi\" lang=\"et\" style=\"color: #000000;\"><span class=\"JLqJ4b\" data-language-for-alternatives=\"et\" data-language-to-translate-into=\"en\" data-phrase-index=\"0\">kas l\u00e4vega v\u00f5i ilma, et anda vannitoale kaasaegne ja luksuslik v\u00e4limus. <\/span><\/span><\/h6>\n<h6 class=\"J0lOec\"><span class=\"VIiyi\" lang=\"et\" style=\"color: #000000;\"><span class=\"JLqJ4b\" data-language-for-alternatives=\"et\" data-language-to-translate-into=\"en\" data-phrase-index=\"0\">8mm karastatud klaasist seinad on t\u00e4iendava graafilise efekti saavutamiseks suitsuhallid. <\/span><\/span><\/h6>\n<h6 class=\"J0lOec\"><span style=\"color: #000000;\"><span class=\"VIiyi\" lang=\"et\"><span class=\"JLqJ4b\" data-language-for-alternatives=\"et\" data-language-to-translate-into=\"en\" data-phrase-index=\"0\">\u00dcmbritsev aur algab 2 minuti p\u00e4rast ja varsti on teil t\u00e4ielik soe auruvann<\/span><\/span><span class=\"VIiyi\" lang=\"et\"><span class=\"JLqJ4b\" data-language-for-alternatives=\"et\" data-language-to-translate-into=\"en\" data-phrase-index=\"0\">. <\/span><\/span><\/span><\/h6>\n<h6 class=\"J0lOec\"><span class=\"VIiyi\" lang=\"et\" style=\"color: #000000;\"><span class=\"JLqJ4b\" data-language-for-alternatives=\"et\" data-language-to-translate-into=\"en\" data-phrase-index=\"0\">Saate oma Vista aurudu\u0161\u0161i juhtida t\u00e4iustatud Elite Cloudi juhtpaneeliga. <\/span><\/span><\/h6>\n<h6 class=\"J0lOec\"><span class=\"VIiyi\" lang=\"et\" style=\"color: #000000;\"><span class=\"JLqJ4b\" data-language-for-alternatives=\"et\" data-language-to-translate-into=\"en\" data-phrase-index=\"0\">Aurugeneraator v\u00f5imsusega 2,2\/4,5 kw.<\/span><\/span><\/h6>\n<h6 class=\"J0lOec\"><span class=\"VIiyi\" lang=\"et\" style=\"color: #000000;\"><span class=\"JLqJ4b\" data-language-for-alternatives=\"et\" data-language-to-translate-into=\"en\" data-phrase-index=\"0\">Suuruses 160x90x213cm.<\/span><\/span><\/h6>\n<h6 class=\"J0lOec\"><span class=\"VIiyi\" lang=\"et\" style=\"color: #000000;\"><span class=\"JLqJ4b\" data-language-for-alternatives=\"et\" data-language-to-translate-into=\"en\" data-phrase-index=\"0\">Saate valida, kas soovite seda vasakult klaasnurgaga v\u00f5i paremalt, vaadatuna eest. <\/span><\/span><\/h6>\n<h6 class=\"J0lOec\"><span class=\"VIiyi\" lang=\"et\" style=\"color: #000000;\"><span class=\"JLqJ4b\" data-language-for-alternatives=\"et\" data-language-to-translate-into=\"en\" data-phrase-index=\"0\">Vista n\u00f5uetekohaseks installimiseks vajate kahte seina ja p\u00f5randat. <\/span><\/span><\/h6>\n<h6 class=\"J0lOec\"><span class=\"VIiyi\" lang=\"et\" style=\"color: #000000;\"><span class=\"JLqJ4b\" data-language-for-alternatives=\"et\" data-language-to-translate-into=\"en\" data-phrase-index=\"0\">Selle laes on vihmadu\u0161ipea ja\u00a0 eelistusel kvaliteetne k\u00e4sidu\u0161\u0161. <\/span><\/span><\/h6>\n<h6 class=\"J0lOec\"><span class=\"VIiyi\" lang=\"et\" style=\"color: #000000;\"><span class=\"JLqJ4b\" data-language-for-alternatives=\"et\" data-language-to-translate-into=\"en\" data-phrase-index=\"0\">Auru v\u00e4ljalaskeava on v\u00e4ga vaikne ja selle peal on aroomikamber, <\/span><\/span><\/h6>\n<h6 class=\"J0lOec\"><span class=\"VIiyi\" lang=\"et\" style=\"color: #000000;\"><span class=\"JLqJ4b\" data-language-for-alternatives=\"et\" data-language-to-translate-into=\"en\" data-phrase-index=\"0\">et saaksite nautida valitud l\u00f5hnateraapiat. <\/span><\/span><\/h6>\n<h6 class=\"J0lOec\"><span class=\"VIiyi\" lang=\"et\" style=\"color: #000000;\"><span class=\"JLqJ4b\" data-language-for-alternatives=\"et\" data-language-to-translate-into=\"en\" data-phrase-index=\"0\">Selle isikup\u00e4rasemaks muutmise v\u00f5imalusena v\u00f5ite lisada (ei kuulu komplekti)<\/span><\/span><\/h6>\n<h6 class=\"J0lOec\"><span class=\"VIiyi\" lang=\"et\" style=\"color: #000000;\"><span class=\"JLqJ4b\" data-language-for-alternatives=\"et\" data-language-to-translate-into=\"en\" data-phrase-index=\"0\">tagaseina paigutatud RBG (v\u00e4rvilised) tuled, millel on kahanev gradient, <\/span><\/span><\/h6>\n<h6 class=\"J0lOec\"><span style=\"color: #000000;\"><span class=\"VIiyi\" lang=\"et\"><span class=\"JLqJ4b\" data-language-for-alternatives=\"et\" data-language-to-translate-into=\"en\" data-phrase-index=\"0\">mis vastab aurusamba tuledele. <\/span><\/span><\/span><\/h6>\n<h6 class=\"J0lOec\"><span style=\"color: #000000;\"><span class=\"VIiyi\" lang=\"et\"><span class=\"JLqJ4b\" data-language-for-alternatives=\"et\" data-language-to-translate-into=\"en\" data-phrase-index=\"0\">Lisana saadaval veel pink ja riiul matt-mustast alumiiniumist. <\/span><\/span><\/span><\/h6>\n<h6 class=\"J0lOec\"><span class=\"VIiyi\" lang=\"et\" style=\"color: #000000;\"><span class=\"JLqJ4b\" data-language-for-alternatives=\"et\" data-language-to-translate-into=\"en\" data-phrase-index=\"0\">Soovi korral v\u00f5ite valida ka valge Coriani pingi.<\/span><\/span><\/h6>\n<h6><span style=\"color: #000000;\">Tehnilised andmed:<\/span><\/h6>\n<h6><a href=\"https:\/\/www.tylohelo.com\/hubfs\/Tyl%C3%B6Helo%20downloads%20(product%20data)\/Tyl%C3%B6%20manuals\/2900%203015%20VISTA%20installation%20%26%20user%20guide.pdf?hsLang=en\">https:\/\/www.tylohelo.com\/hubfs\/Tyl%C3%B6Helo%20downloads%20(product%20data)\/Tyl%C3%B6%20manuals\/2900%203015%20VISTA%20installation%20%26%20user%20guide.pdf?hsLang=en<\/a><\/h6>\n<h6><a href=\"https:\/\/www.tylohelo.com\/hubfs\/Tyl%C3%B6Helo%20downloads%20(product%20data)\/Tyl%C3%B6%20manuals\/2900%203010%20VISTA%20installation%20guide.pdf?hsLang=en\">https:\/\/www.tylohelo.com\/hubfs\/Tyl%C3%B6Helo%20downloads%20(product%20data)\/Tyl%C3%B6%20manuals\/2900%203010%20VISTA%20installation%20guide.pdf?hsLang=en<\/a><\/h6>\n<h6><a href=\"https:\/\/www.tylohelo.com\/hubfs\/Tyl%C3%B6Helo%20downloads%20(product%20data)\/Tyl%C3%B6%20manuals\/2900%203016%20VISTA%20LED%20RGB.pdf?hsLang=en\">https:\/\/www.tylohelo.com\/hubfs\/Tyl%C3%B6Helo%20downloads%20(product%20data)\/Tyl%C3%B6%20manuals\/2900%203016%20VISTA%20LED%20RGB.pdf?hsLang=en<\/a><\/h6>\n","protected":false},"excerpt":{"rendered":"<p>Klanitud v\u00e4limusega aurudu\u0161ikabiin, mis s\u00fcmboliseerib Skandinaavia disaini. Vista on aurudu\u0161ikabiin, mis on mustast matist alumiinium raamiga minimalistlik profiil, kas l\u00e4vega v\u00f5i ilma, et anda vannitoale kaasaegne ja luksuslik v\u00e4limus. 8mm karastatud klaasist seinad on t\u00e4iendava graafilise efekti saavutamiseks suitsuhallid. \u00dcmbritsev aur algab 2 minuti p\u00e4rast ja varsti on teil t\u00e4ielik soe auruvann. Saate oma Vista [&hellip;]<\/p>\n","protected":false},"featured_media":15648,"comment_status":"open","ping_status":"closed","template":"","meta":{"_acf_changed":false,"_genesis_hide_title":false,"_genesis_hide_breadcrumbs":false,"_genesis_hide_singular_image":false,"_genesis_hide_footer_widgets":false,"_genesis_custom_body_class":"","_genesis_custom_post_class":"","_genesis_layout":""},"product_cat":[174],"product_tag":[],"acf":[],"_links":{"self":[{"href":"https:\/\/koduspa.ee\/ru\/wp-json\/wp\/v2\/product\/8242"}],"collection":[{"href":"https:\/\/koduspa.ee\/ru\/wp-json\/wp\/v2\/product"}],"about":[{"href":"https:\/\/koduspa.ee\/ru\/wp-json\/wp\/v2\/types\/product"}],"replies":[{"embeddable":true,"href":"https:\/\/koduspa.ee\/ru\/wp-json\/wp\/v2\/comments?post=8242"}],"wp:featuredmedia":[{"embeddable":true,"href":"https:\/\/koduspa.ee\/ru\/wp-json\/wp\/v2\/media\/15648"}],"wp:attachment":[{"href":"https:\/\/koduspa.ee\/ru\/wp-json\/wp\/v2\/media?parent=8242"}],"wp:term":[{"taxonomy":"product_cat","embeddable":true,"href":"https:\/\/koduspa.ee\/ru\/wp-json\/wp\/v2\/product_cat?post=8242"},{"taxonomy":"product_tag","embeddable":true,"href":"https:\/\/koduspa.ee\/ru\/wp-json\/wp\/v2\/product_tag?post=8242"}],"curies":[{"name":"wp","href":"https:\/\/api.w.org\/{rel}","templated":true}]}}