{"id":8149,"date":"2021-02-01T13:09:27","date_gmt":"2021-02-01T13:09:27","guid":{"rendered":"https:\/\/koduspa.ee\/?post_type=product&#038;p=8149"},"modified":"2025-10-27T12:41:49","modified_gmt":"2025-10-27T12:41:49","slug":"saunapaneel-taika-square-12x376x376-valge","status":"publish","type":"product","link":"https:\/\/koduspa.ee\/ru\/pood\/lisavarustus-ru\/saunapaneel-taika-square-12x376x376-valge\/","title":{"rendered":"SAUNAPANEEL TAIKA SQUARE 12x376x376 VALGE"},"content":{"rendered":"<p><span style=\"color: #000000;\">Saunapaneel Taika SQUARE seinte ja lagede sisepaneelid loovad <\/span><\/p>\n<p><span style=\"color: #000000;\">teie saunaruumi stiilse ja kaasaegse ilme. <\/span><\/p>\n<p><span style=\"color: #000000;\">Need on valmistatud sertifitseeritud kasevineerist ja on <\/span><\/p>\n<p><span style=\"color: #000000;\">saadaval v\u00e4rvivalikutena must, valge, hall, pruun v\u00f5i t\u00f6\u00f6tlemata puit. <\/span><\/p>\n<p><span style=\"color: #000000;\">Paneel on keele ja soonega. <\/span><\/p>\n<p>&nbsp;<\/p>\n","protected":false},"excerpt":{"rendered":"<p>Saunapaneel Taika SQUARE seinte ja lagede sisepaneelid loovad teie saunaruumi stiilse ja kaasaegse ilme. Need on valmistatud sertifitseeritud kasevineerist ja on saadaval v\u00e4rvivalikutena must, valge, hall, pruun v\u00f5i t\u00f6\u00f6tlemata puit. Paneel on keele ja soonega. &nbsp;<\/p>\n","protected":false},"featured_media":7197,"comment_status":"open","ping_status":"closed","template":"","meta":{"_acf_changed":false,"_genesis_hide_title":false,"_genesis_hide_breadcrumbs":false,"_genesis_hide_singular_image":false,"_genesis_hide_footer_widgets":false,"_genesis_custom_body_class":"","_genesis_custom_post_class":"","_genesis_layout":""},"product_brand":[],"product_cat":[128],"product_tag":[],"class_list":{"0":"post-8149","1":"product","2":"type-product","3":"status-publish","4":"has-post-thumbnail","6":"product_cat-lisavarustus","7":"entry","8":"override","10":"first","11":"instock","12":"shipping-taxable","13":"purchasable","14":"product-type-simple"},"acf":[],"_links":{"self":[{"href":"https:\/\/koduspa.ee\/ru\/wp-json\/wp\/v2\/product\/8149","targetHints":{"allow":["GET"]}}],"collection":[{"href":"https:\/\/koduspa.ee\/ru\/wp-json\/wp\/v2\/product"}],"about":[{"href":"https:\/\/koduspa.ee\/ru\/wp-json\/wp\/v2\/types\/product"}],"replies":[{"embeddable":true,"href":"https:\/\/koduspa.ee\/ru\/wp-json\/wp\/v2\/comments?post=8149"}],"wp:featuredmedia":[{"embeddable":true,"href":"https:\/\/koduspa.ee\/ru\/wp-json\/wp\/v2\/media\/7197"}],"wp:attachment":[{"href":"https:\/\/koduspa.ee\/ru\/wp-json\/wp\/v2\/media?parent=8149"}],"wp:term":[{"taxonomy":"product_brand","embeddable":true,"href":"https:\/\/koduspa.ee\/ru\/wp-json\/wp\/v2\/product_brand?post=8149"},{"taxonomy":"product_cat","embeddable":true,"href":"https:\/\/koduspa.ee\/ru\/wp-json\/wp\/v2\/product_cat?post=8149"},{"taxonomy":"product_tag","embeddable":true,"href":"https:\/\/koduspa.ee\/ru\/wp-json\/wp\/v2\/product_tag?post=8149"}],"curies":[{"name":"wp","href":"https:\/\/api.w.org\/{rel}","templated":true}]}}