{"id":7941,"date":"2021-01-18T11:51:25","date_gmt":"2021-01-18T11:51:25","guid":{"rendered":"https:\/\/koduspa.ee\/?post_type=product&#038;p=7941"},"modified":"2026-02-05T08:14:54","modified_gmt":"2026-02-05T08:14:54","slug":"kuttekeha-199-ohm-3-pakk","status":"publish","type":"product","link":"https:\/\/koduspa.ee\/ru\/pood\/varuosad\/kuttekeha-199-ohm-3-pakk\/","title":{"rendered":"TYL\u00d6 K\u00dcTTEKEHA 19,9 OHM 8kw (3 PAKK)"},"content":{"rendered":"<p><span style=\"color: #000000;\">Sobib k\u00f5igi Tyl\u00f6 8kw seadmetele v.a. Sense mudel. <\/span><\/p>\n<p><span style=\"color: #000000;\">Pakis 3 k\u00fcttekeha.<\/span><\/p>\n","protected":false},"excerpt":{"rendered":"<p>Sobib k\u00f5igi Tyl\u00f6 8kw seadmetele v.a. Sense mudel. Pakis 3 k\u00fcttekeha.<\/p>\n","protected":false},"featured_media":7942,"comment_status":"open","ping_status":"closed","template":"","meta":{"_acf_changed":false,"_genesis_hide_title":false,"_genesis_hide_breadcrumbs":false,"_genesis_hide_singular_image":false,"_genesis_hide_footer_widgets":false,"_genesis_custom_body_class":"","_genesis_custom_post_class":"","_genesis_layout":""},"product_cat":[73],"product_tag":[],"acf":[],"_links":{"self":[{"href":"https:\/\/koduspa.ee\/ru\/wp-json\/wp\/v2\/product\/7941"}],"collection":[{"href":"https:\/\/koduspa.ee\/ru\/wp-json\/wp\/v2\/product"}],"about":[{"href":"https:\/\/koduspa.ee\/ru\/wp-json\/wp\/v2\/types\/product"}],"replies":[{"embeddable":true,"href":"https:\/\/koduspa.ee\/ru\/wp-json\/wp\/v2\/comments?post=7941"}],"wp:featuredmedia":[{"embeddable":true,"href":"https:\/\/koduspa.ee\/ru\/wp-json\/wp\/v2\/media\/7942"}],"wp:attachment":[{"href":"https:\/\/koduspa.ee\/ru\/wp-json\/wp\/v2\/media?parent=7941"}],"wp:term":[{"taxonomy":"product_cat","embeddable":true,"href":"https:\/\/koduspa.ee\/ru\/wp-json\/wp\/v2\/product_cat?post=7941"},{"taxonomy":"product_tag","embeddable":true,"href":"https:\/\/koduspa.ee\/ru\/wp-json\/wp\/v2\/product_tag?post=7941"}],"curies":[{"name":"wp","href":"https:\/\/api.w.org\/{rel}","templated":true}]}}