{"id":7904,"date":"2021-01-18T08:55:37","date_gmt":"2021-01-18T08:55:37","guid":{"rendered":"https:\/\/koduspa.ee\/?post_type=product&#038;p=7904"},"modified":"2026-02-05T07:59:59","modified_gmt":"2026-02-05T07:59:59","slug":"auruduusi-otsik-tylo","status":"publish","type":"product","link":"https:\/\/koduspa.ee\/ru\/pood\/varuosad\/auruduusi-otsik-tylo\/","title":{"rendered":"TYL\u00d6 AURUD\u00dc\u00dcSI OTSIK"},"content":{"rendered":"<p><span style=\"color: #000000;\">Plastikust otsik auru suunamiseks.<\/span><\/p>\n","protected":false},"excerpt":{"rendered":"<p>Plastikust otsik auru suunamiseks.<\/p>\n","protected":false},"featured_media":7905,"comment_status":"open","ping_status":"closed","template":"","meta":{"_acf_changed":false,"_genesis_hide_title":false,"_genesis_hide_breadcrumbs":false,"_genesis_hide_singular_image":false,"_genesis_hide_footer_widgets":false,"_genesis_custom_body_class":"","_genesis_custom_post_class":"","_genesis_layout":""},"product_cat":[73],"product_tag":[],"acf":[],"_links":{"self":[{"href":"https:\/\/koduspa.ee\/ru\/wp-json\/wp\/v2\/product\/7904"}],"collection":[{"href":"https:\/\/koduspa.ee\/ru\/wp-json\/wp\/v2\/product"}],"about":[{"href":"https:\/\/koduspa.ee\/ru\/wp-json\/wp\/v2\/types\/product"}],"replies":[{"embeddable":true,"href":"https:\/\/koduspa.ee\/ru\/wp-json\/wp\/v2\/comments?post=7904"}],"wp:featuredmedia":[{"embeddable":true,"href":"https:\/\/koduspa.ee\/ru\/wp-json\/wp\/v2\/media\/7905"}],"wp:attachment":[{"href":"https:\/\/koduspa.ee\/ru\/wp-json\/wp\/v2\/media?parent=7904"}],"wp:term":[{"taxonomy":"product_cat","embeddable":true,"href":"https:\/\/koduspa.ee\/ru\/wp-json\/wp\/v2\/product_cat?post=7904"},{"taxonomy":"product_tag","embeddable":true,"href":"https:\/\/koduspa.ee\/ru\/wp-json\/wp\/v2\/product_tag?post=7904"}],"curies":[{"name":"wp","href":"https:\/\/api.w.org\/{rel}","templated":true}]}}