{"id":7882,"date":"2021-01-13T11:23:40","date_gmt":"2021-01-13T11:23:40","guid":{"rendered":"https:\/\/koduspa.ee\/?post_type=product&#038;p=7882"},"modified":"2025-11-21T08:50:50","modified_gmt":"2025-11-21T08:50:50","slug":"aroomioli-piparmunt-250ml","status":"publish","type":"product","link":"https:\/\/koduspa.ee\/ru\/pood\/saunaaroomid-olid\/aroomioli-piparmunt-250ml\/","title":{"rendered":"TYL\u00d6 AROOMI\u00d5LI PIPARM\u00dcNT 250ML"},"content":{"rendered":"<p><span style=\"color: #000000;\">100% eeterlik \u00f5li. <\/span><\/p>\n<p><span style=\"color: #000000;\">P\u00e4ritoluriik &#8212; Rootsi.<\/span><\/p>\n","protected":false},"excerpt":{"rendered":"<p>100% eeterlik \u00f5li. P\u00e4ritoluriik &#8212; Rootsi.<\/p>\n","protected":false},"featured_media":7883,"comment_status":"open","ping_status":"closed","template":"","meta":{"_acf_changed":false,"_genesis_hide_title":false,"_genesis_hide_breadcrumbs":false,"_genesis_hide_singular_image":false,"_genesis_hide_footer_widgets":false,"_genesis_custom_body_class":"","_genesis_custom_post_class":"","_genesis_layout":""},"product_cat":[362],"product_tag":[],"acf":[],"_links":{"self":[{"href":"https:\/\/koduspa.ee\/ru\/wp-json\/wp\/v2\/product\/7882"}],"collection":[{"href":"https:\/\/koduspa.ee\/ru\/wp-json\/wp\/v2\/product"}],"about":[{"href":"https:\/\/koduspa.ee\/ru\/wp-json\/wp\/v2\/types\/product"}],"replies":[{"embeddable":true,"href":"https:\/\/koduspa.ee\/ru\/wp-json\/wp\/v2\/comments?post=7882"}],"wp:featuredmedia":[{"embeddable":true,"href":"https:\/\/koduspa.ee\/ru\/wp-json\/wp\/v2\/media\/7883"}],"wp:attachment":[{"href":"https:\/\/koduspa.ee\/ru\/wp-json\/wp\/v2\/media?parent=7882"}],"wp:term":[{"taxonomy":"product_cat","embeddable":true,"href":"https:\/\/koduspa.ee\/ru\/wp-json\/wp\/v2\/product_cat?post=7882"},{"taxonomy":"product_tag","embeddable":true,"href":"https:\/\/koduspa.ee\/ru\/wp-json\/wp\/v2\/product_tag?post=7882"}],"curies":[{"name":"wp","href":"https:\/\/api.w.org\/{rel}","templated":true}]}}