{"id":7366,"date":"2020-11-09T11:55:02","date_gmt":"2020-11-09T11:55:02","guid":{"rendered":"https:\/\/koduspa.ee\/?post_type=product&#038;p=7366"},"modified":"2025-11-21T08:29:45","modified_gmt":"2025-11-21T08:29:45","slug":"hugromeeter-brilliant-hobehall","status":"publish","type":"product","link":"https:\/\/koduspa.ee\/ru\/pood\/aksessuaarid-ru\/hugromeeter-brilliant-hobehall\/","title":{"rendered":"TYL\u00d6 H\u00dcGROMEETER BRILLIANT H\u00d5BEHALL"},"content":{"rendered":"<p><span style=\"color: #000000;\">\u00d5huniiskuse m\u00f5\u00f5tmiseks saunas.<\/span><\/p>\n<p><span style=\"color: #000000;\">M\u00f5\u00f5t 100x100x25mm.<\/span><\/p>\n","protected":false},"excerpt":{"rendered":"<p>\u00d5huniiskuse m\u00f5\u00f5tmiseks saunas. M\u00f5\u00f5t 100x100x25mm.<\/p>\n","protected":false},"featured_media":7386,"comment_status":"open","ping_status":"closed","template":"","meta":{"_acf_changed":false,"_genesis_hide_title":false,"_genesis_hide_breadcrumbs":false,"_genesis_hide_singular_image":false,"_genesis_hide_footer_widgets":false,"_genesis_custom_body_class":"","_genesis_custom_post_class":"","_genesis_layout":""},"product_brand":[],"product_cat":[184,171],"product_tag":[],"class_list":{"0":"post-7366","1":"product","2":"type-product","3":"status-publish","4":"has-post-thumbnail","6":"product_cat-aksessuaarid","7":"product_cat-pakkumised","8":"entry","9":"override","11":"first","12":"instock","13":"sale","14":"shipping-taxable","15":"purchasable","16":"product-type-simple"},"acf":[],"_links":{"self":[{"href":"https:\/\/koduspa.ee\/ru\/wp-json\/wp\/v2\/product\/7366","targetHints":{"allow":["GET"]}}],"collection":[{"href":"https:\/\/koduspa.ee\/ru\/wp-json\/wp\/v2\/product"}],"about":[{"href":"https:\/\/koduspa.ee\/ru\/wp-json\/wp\/v2\/types\/product"}],"replies":[{"embeddable":true,"href":"https:\/\/koduspa.ee\/ru\/wp-json\/wp\/v2\/comments?post=7366"}],"wp:featuredmedia":[{"embeddable":true,"href":"https:\/\/koduspa.ee\/ru\/wp-json\/wp\/v2\/media\/7386"}],"wp:attachment":[{"href":"https:\/\/koduspa.ee\/ru\/wp-json\/wp\/v2\/media?parent=7366"}],"wp:term":[{"taxonomy":"product_brand","embeddable":true,"href":"https:\/\/koduspa.ee\/ru\/wp-json\/wp\/v2\/product_brand?post=7366"},{"taxonomy":"product_cat","embeddable":true,"href":"https:\/\/koduspa.ee\/ru\/wp-json\/wp\/v2\/product_cat?post=7366"},{"taxonomy":"product_tag","embeddable":true,"href":"https:\/\/koduspa.ee\/ru\/wp-json\/wp\/v2\/product_tag?post=7366"}],"curies":[{"name":"wp","href":"https:\/\/api.w.org\/{rel}","templated":true}]}}