{"id":7346,"date":"2020-11-05T14:22:14","date_gmt":"2020-11-05T14:22:14","guid":{"rendered":"https:\/\/koduspa.ee\/?post_type=product&#038;p=7346"},"modified":"2025-11-21T08:20:26","modified_gmt":"2025-11-21T08:20:26","slug":"saunakibu-brilliant-hobehall","status":"publish","type":"product","link":"https:\/\/koduspa.ee\/ru\/pood\/aksessuaarid-ru\/saunakibu-brilliant-hobehall\/","title":{"rendered":"SAUNAKIBU TYL\u00d6 BRILLIANT H\u00d5BEHALL"},"content":{"rendered":"<div class=\"T4LgNb\">\n<div class=\"WFnNle\">\n<div class=\"OlSOob\">\n<div class=\"ccvoYb\">\n<div class=\"AxqVh\">\n<div class=\"OPPzxe\">\n<div class=\"dePhmb\">\n<div class=\"eyKpYb\" data-language=\"et\" data-original-language=\"en\" data-result-index=\"0\">\n<h6 class=\"J0lOec\"><span class=\"VIiyi\" lang=\"et\" style=\"color: #000000;\"><span class=\"JLqJ4b\" data-language-for-alternatives=\"et\" data-language-to-translate-into=\"en\" data-phrase-index=\"0\">See uus sari on v\u00e4lja t\u00f6\u00f6tatud koost\u00f6\u00f6s Itaalia disaineri Paola Garattoga. <\/span><\/span><\/h6>\n<h6 class=\"J0lOec\"><span class=\"VIiyi\" lang=\"et\" style=\"color: #000000;\"><span class=\"JLqJ4b\" data-language-for-alternatives=\"et\" data-language-to-translate-into=\"en\" data-phrase-index=\"0\">Kaunis diagonaalkuju on inspireeritud veelainetusest. <\/span><\/span><\/h6>\n<h6 class=\"J0lOec\"><span class=\"VIiyi\" lang=\"et\" style=\"color: #000000;\"><span class=\"JLqJ4b\" data-language-for-alternatives=\"et\" data-language-to-translate-into=\"en\" data-phrase-index=\"0\">Selle sarja toodetena on saadaval kibu, kulp, termomeeter, h\u00fcgromeeter ja liivakell.<\/span><\/span><\/h6>\n<h6 class=\"J0lOec\"><span class=\"VIiyi\" lang=\"et\" style=\"color: #000000;\"><span class=\"JLqJ4b\" data-language-for-alternatives=\"et\" data-language-to-translate-into=\"en\" data-phrase-index=\"0\">Kaunis must matt v\u00f5i glamuurne h\u00f5behall v\u00e4rvitoon. <\/span><\/span><\/h6>\n<h6 class=\"J0lOec\"><span style=\"color: #000000;\"><span class=\"VIiyi\" lang=\"et\"><span class=\"JLqJ4b\" data-language-for-alternatives=\"et\" data-language-to-translate-into=\"en\" data-phrase-index=\"0\">Alumiiniumist \u00e4mber on anodeeritud liivaga, et tagada <\/span><\/span><span class=\"VIiyi\" lang=\"et\"><span class=\"JLqJ4b\" data-language-for-alternatives=\"et\" data-language-to-translate-into=\"en\" data-phrase-index=\"0\">t\u00f5eline <\/span><\/span><\/span><\/h6>\n<h6 class=\"J0lOec\"><span class=\"VIiyi\" lang=\"et\" style=\"color: #000000;\"><span class=\"JLqJ4b\" data-language-for-alternatives=\"et\" data-language-to-translate-into=\"en\" data-phrase-index=\"0\">kvaliteetne\u00a0 viimistlus ja pikaealisus. <\/span><\/span><\/h6>\n<h6 class=\"J0lOec\"><span class=\"VIiyi\" lang=\"et\" style=\"color: #000000;\"><span class=\"JLqJ4b\" data-language-for-alternatives=\"et\" data-language-to-translate-into=\"en\" data-phrase-index=\"0\">K\u00e4epide heledast kasese puisust, mis on tugevdatud haava puiduga.<\/span><\/span><\/h6>\n<h6 class=\"J0lOec\"><span class=\"VIiyi\" lang=\"et\" style=\"color: #000000;\"><span class=\"JLqJ4b\" data-language-for-alternatives=\"et\" data-language-to-translate-into=\"en\" data-phrase-index=\"0\">Lisaks stiilsele disainile on \u00e4mbril nutikas funktsionaalne tila <\/span><\/span><\/h6>\n<h6 class=\"J0lOec\"><span class=\"VIiyi\" lang=\"et\" style=\"color: #000000;\"><span class=\"JLqJ4b\" data-language-for-alternatives=\"et\" data-language-to-translate-into=\"en\" data-phrase-index=\"0\">vee t\u00e4psema valamise v\u00f5imaldamiseks. M\u00f5\u00f5t 230x290x290, maht 5l. <\/span><\/span><\/h6>\n<h6 class=\"J0lOec\"><\/h6>\n<p>&nbsp;<\/p>\n<h6 class=\"J0lOec\"><\/h6>\n<\/div>\n<\/div>\n<\/div>\n<\/div>\n<\/div>\n<\/div>\n<\/div>\n<\/div>\n","protected":false},"excerpt":{"rendered":"<p>See uus sari on v\u00e4lja t\u00f6\u00f6tatud koost\u00f6\u00f6s Itaalia disaineri Paola Garattoga. Kaunis diagonaalkuju on inspireeritud veelainetusest. Selle sarja toodetena on saadaval kibu, kulp, termomeeter, h\u00fcgromeeter ja liivakell. Kaunis must matt v\u00f5i glamuurne h\u00f5behall v\u00e4rvitoon. Alumiiniumist \u00e4mber on anodeeritud liivaga, et tagada t\u00f5eline kvaliteetne\u00a0 viimistlus ja pikaealisus. K\u00e4epide heledast kasese puisust, mis on tugevdatud haava puiduga. [&hellip;]<\/p>\n","protected":false},"featured_media":7401,"comment_status":"open","ping_status":"closed","template":"","meta":{"_acf_changed":false,"_genesis_hide_title":false,"_genesis_hide_breadcrumbs":false,"_genesis_hide_singular_image":false,"_genesis_hide_footer_widgets":false,"_genesis_custom_body_class":"","_genesis_custom_post_class":"","_genesis_layout":""},"product_brand":[],"product_cat":[184,171],"product_tag":[],"class_list":{"0":"post-7346","1":"product","2":"type-product","3":"status-publish","4":"has-post-thumbnail","6":"product_cat-aksessuaarid","7":"product_cat-pakkumised","8":"entry","9":"override","11":"first","12":"instock","13":"sale","14":"shipping-taxable","15":"purchasable","16":"product-type-simple"},"acf":[],"_links":{"self":[{"href":"https:\/\/koduspa.ee\/ru\/wp-json\/wp\/v2\/product\/7346","targetHints":{"allow":["GET"]}}],"collection":[{"href":"https:\/\/koduspa.ee\/ru\/wp-json\/wp\/v2\/product"}],"about":[{"href":"https:\/\/koduspa.ee\/ru\/wp-json\/wp\/v2\/types\/product"}],"replies":[{"embeddable":true,"href":"https:\/\/koduspa.ee\/ru\/wp-json\/wp\/v2\/comments?post=7346"}],"wp:featuredmedia":[{"embeddable":true,"href":"https:\/\/koduspa.ee\/ru\/wp-json\/wp\/v2\/media\/7401"}],"wp:attachment":[{"href":"https:\/\/koduspa.ee\/ru\/wp-json\/wp\/v2\/media?parent=7346"}],"wp:term":[{"taxonomy":"product_brand","embeddable":true,"href":"https:\/\/koduspa.ee\/ru\/wp-json\/wp\/v2\/product_brand?post=7346"},{"taxonomy":"product_cat","embeddable":true,"href":"https:\/\/koduspa.ee\/ru\/wp-json\/wp\/v2\/product_cat?post=7346"},{"taxonomy":"product_tag","embeddable":true,"href":"https:\/\/koduspa.ee\/ru\/wp-json\/wp\/v2\/product_tag?post=7346"}],"curies":[{"name":"wp","href":"https:\/\/api.w.org\/{rel}","templated":true}]}}