{"id":7090,"date":"2020-10-15T09:08:55","date_gmt":"2020-10-15T09:08:55","guid":{"rendered":"https:\/\/koduspa.ee\/?post_type=product&#038;p=7090"},"modified":"2024-06-19T09:42:15","modified_gmt":"2024-06-19T09:42:15","slug":"infrapaneel-980x680-kangas","status":"publish","type":"product","link":"https:\/\/koduspa.ee\/ru\/pood\/infrapunasaun\/infrapaneel-980x680-kangas\/","title":{"rendered":"TYL\u00d6 INFRAPANEEL 980X680 MUST"},"content":{"rendered":"<h6 class=\"result-shield-container tlid-copy-target\" tabindex=\"0\"><span class=\"tlid-translation translation\" lang=\"et\" style=\"color: #000000;\">Nautige IR-paneelide s\u00fcgavamat l\u00e4bitungivat soojust,<\/span><\/h6>\n<h6 class=\"result-shield-container tlid-copy-target\" tabindex=\"0\"><span class=\"tlid-translation translation\" lang=\"et\" style=\"color: #000000;\">infrapunasauna mitmek\u00fclgsust ja t\u00f5husust.<\/span><\/h6>\n<h6 class=\"result-shield-container tlid-copy-target\" tabindex=\"0\"><span class=\"tlid-translation translation\" lang=\"et\" style=\"color: #000000;\">IR-paneelid o<\/span><span class=\"tlid-translation translation\" lang=\"et\" style=\"color: #000000;\">n kaetud Hemlocki puidu ja kangaga, <\/span><\/h6>\n<h6 class=\"result-shield-container tlid-copy-target\" tabindex=\"0\"><span class=\"tlid-translation translation\" lang=\"et\" style=\"color: #000000;\">pakkudes nahale pehmet puudutust. <\/span><\/h6>\n<h6 class=\"result-shield-container tlid-copy-target\" tabindex=\"0\"><span style=\"color: #000000;\">Saab paigaldada t\u00e4iendusena traditsioonilises leilisaunas v\u00f5i<\/span><\/h6>\n<h6 class=\"result-shield-container tlid-copy-target\" tabindex=\"0\"><span style=\"color: #000000;\"> infrapunasauna funktsiooniga ruumis, <\/span><\/h6>\n<h6 class=\"result-shield-container tlid-copy-target\" tabindex=\"0\"><span style=\"color: #000000;\">Paigaldatakse vertikaalselt. Juhitakse juhtpaneeli Elite ja kontaktorboxi abil.<\/span><\/h6>\n<h6 class=\"result-shield-container tlid-copy-target\" tabindex=\"0\"><span style=\"color: #000000;\"><span class=\"tlid-translation translation\" lang=\"et\">Kaks saunat\u00fc\u00fcpi \u00fches ruumis, nautige eraldi v\u00f5i samaaegselt.<br \/>\n<\/span><\/span><\/h6>\n<h6 class=\"result-shield-container tlid-copy-target\" tabindex=\"0\"><span style=\"color: #000000;\"><span class=\"tlid-translation translation\" lang=\"et\">Paneeli paksus 37mm.<br \/>\n<\/span><\/span><\/h6>\n<h6 class=\"result-shield-container tlid-copy-target\" tabindex=\"0\"><span style=\"color: #000000;\"><span class=\"tlid-translation translation\" lang=\"et\">Kaabel 2m, kuumuskindel.<br \/>\n<\/span><\/span><\/h6>\n<h6 class=\"result-shield-container tlid-copy-target\" tabindex=\"0\"><span style=\"color: #000000;\"><span class=\"tlid-translation translation\" lang=\"et\">Paigutatakse\u00a0 v\u00e4limise seinapaneeli \u00fclaosale.<br \/>\n<\/span><\/span><\/h6>\n<h6 class=\"result-shield-container tlid-copy-target\" tabindex=\"0\"><span style=\"color: #000000;\"><span class=\"tlid-translation translation\" lang=\"et\">230V\/effekt 150kW v\u00f5i 300kW<\/span><\/span><\/h6>\n<h6 class=\"result-shield-container tlid-copy-target\" tabindex=\"0\"><span style=\"color: #000000;\"><span class=\"tlid-translation translation\" lang=\"et\">Kombineeritud lahendused:<\/span><\/span><\/h6>\n<h6 class=\"result-shield-container tlid-copy-target\" tabindex=\"0\"><span class=\"tlid-translation translation\" lang=\"et\"><span style=\"color: #000000;\"> \u2022 Infrapaneel + Elite juhtimine + Sense Elite el.keris<\/span><br \/>\n<\/span><\/h6>\n<h6 class=\"result-shield-container tlid-copy-target\" tabindex=\"0\"><span class=\"tlid-translation translation\" lang=\"et\"><span style=\"color: #000000;\">\u2022 <\/span><\/span><span class=\"tlid-translation translation\" lang=\"et\"><span style=\"color: #000000;\">Infrapaneel + Elite juhtimine + kontaktorbox + el.keris Sense \/ Expression (maksimaalselt 10,7 kW)<\/span><br \/>\n<\/span><\/h6>\n<h6 class=\"result-shield-container tlid-copy-target\" tabindex=\"0\"><span class=\"tlid-translation translation\" lang=\"et\"><span style=\"color: #000000;\">\u2022 Infrapaneel + Elite juhtimine + kontaktorbox<\/span><\/span><\/h6>\n<p><span style=\"color: #000000;\">Infrapaneele juhitakse Elite juhtpaneelilt kontaktorboxi v\u00f5i k\u00fctteseadme kaudu.<\/span><\/p>\n<p><span style=\"color: #000000;\">El.keris Sense Elite ja kontaktorboxi maksimaalne koormus on 2,2kW \/ 2,3kW.<\/span><\/p>\n<p><span style=\"color: #000000;\">N\u00e4ide: Kui kasutatakse 4 paneeli 300W + 4 paneeli 150W, on koormus 1,8kW.<\/span><\/p>\n<p><span style=\"color: #000000;\">Tehnilised andmed:<\/span><\/p>\n<p><a href=\"https:\/\/www.tylohelo.com\/hubfs\/TYLOHELO\/Downloads\/Infrared\/2900%200265%20Infra%20980x680%20980x360.pdf?hsLang=en\">https:\/\/www.tylohelo.com\/hubfs\/TYLOHELO\/Downloads\/Infrared\/2900%200265%20Infra%20980&#215;680%20980&#215;360.pdf?hsLang=en<\/a><\/p>\n<p>&nbsp;<\/p>\n","protected":false},"excerpt":{"rendered":"<p>Nautige IR-paneelide s\u00fcgavamat l\u00e4bitungivat soojust, infrapunasauna mitmek\u00fclgsust ja t\u00f5husust. IR-paneelid on kaetud Hemlocki puidu ja kangaga, pakkudes nahale pehmet puudutust. Saab paigaldada t\u00e4iendusena traditsioonilises leilisaunas v\u00f5i infrapunasauna funktsiooniga ruumis, Paigaldatakse vertikaalselt. Juhitakse juhtpaneeli Elite ja kontaktorboxi abil. Kaks saunat\u00fc\u00fcpi \u00fches ruumis, nautige eraldi v\u00f5i samaaegselt. Paneeli paksus 37mm. Kaabel 2m, kuumuskindel. Paigutatakse\u00a0 v\u00e4limise seinapaneeli \u00fclaosale. [&hellip;]<\/p>\n","protected":false},"featured_media":7981,"comment_status":"open","ping_status":"closed","template":"","meta":{"_acf_changed":false,"_genesis_hide_title":false,"_genesis_hide_breadcrumbs":false,"_genesis_hide_singular_image":false,"_genesis_hide_footer_widgets":false,"_genesis_custom_body_class":"","_genesis_custom_post_class":"","_genesis_layout":""},"product_cat":[185],"product_tag":[],"acf":[],"_links":{"self":[{"href":"https:\/\/koduspa.ee\/ru\/wp-json\/wp\/v2\/product\/7090"}],"collection":[{"href":"https:\/\/koduspa.ee\/ru\/wp-json\/wp\/v2\/product"}],"about":[{"href":"https:\/\/koduspa.ee\/ru\/wp-json\/wp\/v2\/types\/product"}],"replies":[{"embeddable":true,"href":"https:\/\/koduspa.ee\/ru\/wp-json\/wp\/v2\/comments?post=7090"}],"wp:featuredmedia":[{"embeddable":true,"href":"https:\/\/koduspa.ee\/ru\/wp-json\/wp\/v2\/media\/7981"}],"wp:attachment":[{"href":"https:\/\/koduspa.ee\/ru\/wp-json\/wp\/v2\/media?parent=7090"}],"wp:term":[{"taxonomy":"product_cat","embeddable":true,"href":"https:\/\/koduspa.ee\/ru\/wp-json\/wp\/v2\/product_cat?post=7090"},{"taxonomy":"product_tag","embeddable":true,"href":"https:\/\/koduspa.ee\/ru\/wp-json\/wp\/v2\/product_tag?post=7090"}],"curies":[{"name":"wp","href":"https:\/\/api.w.org\/{rel}","templated":true}]}}