{"id":7084,"date":"2020-10-15T09:05:33","date_gmt":"2020-10-15T09:05:33","guid":{"rendered":"https:\/\/koduspa.ee\/?post_type=product&#038;p=7084"},"modified":"2024-06-19T09:40:13","modified_gmt":"2024-06-19T09:40:13","slug":"infrapaneel-980x360-kangas","status":"publish","type":"product","link":"https:\/\/koduspa.ee\/ru\/pood\/infrapunasaun-ru\/infrapaneel-980x360-kangas\/","title":{"rendered":"TYL\u00d6 INFRAPANEEL 980X360 MUST"},"content":{"rendered":"<div class=\"container\">\n<div class=\"frame\">\n<div class=\"page tlid-homepage homepage translate-text\">\n<div class=\"homepage-content-wrap\">\n<div class=\"tlid-source-target main-header small-font\">\n<div class=\"source-target-row\">\n<div class=\"tlid-results-container results-container\">\n<div class=\"tlid-result result-dict-wrapper\">\n<div class=\"result tlid-copy-target\">\n<div class=\"text-wrap tlid-copy-target\">\n<h6 class=\"result-shield-container tlid-copy-target\" tabindex=\"0\"><span class=\"tlid-translation translation\" lang=\"et\" style=\"color: #000000;\">Nautige IR-paneelide s\u00fcgavamat l\u00e4bitungivat soojust,<\/span><\/h6>\n<h6 class=\"result-shield-container tlid-copy-target\" tabindex=\"0\"><span class=\"tlid-translation translation\" lang=\"et\" style=\"color: #000000;\">infrapunasauna mitmek\u00fclgsust ja t\u00f5husust.<\/span><\/h6>\n<h6 class=\"result-shield-container tlid-copy-target\" tabindex=\"0\"><span class=\"tlid-translation translation\" lang=\"et\" style=\"color: #000000;\">IR-paneelid <\/span><span class=\"tlid-translation translation\" lang=\"et\" style=\"color: #000000;\">on kaetud Hemlocki puidu ja kangaga, <\/span><\/h6>\n<h6 class=\"result-shield-container tlid-copy-target\" tabindex=\"0\"><span class=\"tlid-translation translation\" lang=\"et\" style=\"color: #000000;\">pakkudes nahale pehmet puudutust.<\/span><\/h6>\n<h6 class=\"result-shield-container tlid-copy-target\" tabindex=\"0\"><span class=\"tlid-translation translation\" lang=\"et\" style=\"color: #000000;\">Saab paigaldada t\u00e4iendusena traditsioonilises leilisaunas v\u00f5i <\/span><\/h6>\n<h6 class=\"result-shield-container tlid-copy-target\" tabindex=\"0\"><span class=\"tlid-translation translation\" lang=\"et\" style=\"color: #000000;\">infrapunasauna funktsiooniga saunas. <\/span><\/h6>\n<h6 class=\"result-shield-container tlid-copy-target\" tabindex=\"0\"><span class=\"tlid-translation translation\" lang=\"et\" style=\"color: #000000;\">Paigaldatakse vertikaalselt, kombineeritud juhtimine<\/span><\/h6>\n<h6 class=\"result-shield-container tlid-copy-target\" tabindex=\"0\"><span class=\"tlid-translation translation\" lang=\"et\" style=\"color: #000000;\"> juhtpaneeli Eliti ja kontaktoeboxi abil.<\/span><\/h6>\n<h6 class=\"result-shield-container tlid-copy-target\" tabindex=\"0\"><span class=\"tlid-translation translation\" lang=\"et\" style=\"color: #000000;\"> 230V\/effekt 300kW<\/span><\/h6>\n<h6 class=\"result-shield-container tlid-copy-target\" tabindex=\"0\"><span style=\"color: #000000;\"><span class=\"tlid-translation translation\" lang=\"et\">Paneel musta v\u00e4rvi,\u00a0 paksus 37mm.<br \/>\n<\/span><\/span><\/h6>\n<h6 class=\"result-shield-container tlid-copy-target\" tabindex=\"0\"><span style=\"color: #000000;\"><span class=\"tlid-translation translation\" lang=\"et\">Kaabel 2m, kuumuskindel.<br \/>\n<\/span><\/span><\/h6>\n<h6 class=\"result-shield-container tlid-copy-target\" tabindex=\"0\"><span style=\"color: #000000;\"><span class=\"tlid-translation translation\" lang=\"et\">Paigutatakse\u00a0 v\u00e4limise seinapaneeli \u00fclaosale.<\/span><\/span><\/h6>\n<h6 class=\"result-shield-container tlid-copy-target\" tabindex=\"0\"><span style=\"color: #000000;\"><span class=\"tlid-translation translation\" lang=\"et\">Kombineeritud lahendused:<\/span><\/span><\/h6>\n<h6 class=\"result-shield-container tlid-copy-target\" tabindex=\"0\"><span class=\"tlid-translation translation\" lang=\"et\"><span style=\"color: #000000;\"> \u2022 Infrapaneel + Elite juhtimine + Sense Elite k\u00fctteseade<\/span><br \/>\n<\/span><\/h6>\n<h6 class=\"result-shield-container tlid-copy-target\" tabindex=\"0\"><span class=\"tlid-translation translation\" lang=\"et\"><span style=\"color: #000000;\">\u2022 <\/span><\/span><span class=\"tlid-translation translation\" lang=\"et\"><span style=\"color: #000000;\">Infrapaneel + Elite-juhtimine + kontaktorbox + El.keris Sense \/<\/span><\/span><span class=\"tlid-translation translation\" lang=\"et\"><span style=\"color: #000000;\"> Expression (maksimaalselt 10,7 kW)<\/span><br \/>\n<\/span><\/h6>\n<h6 class=\"result-shield-container tlid-copy-target\" tabindex=\"0\"><span class=\"tlid-translation translation\" lang=\"et\"><span style=\"color: #000000;\">\u2022 Infrapaneel + Elite juhtimine + kontaktorbox\u00a0<\/span><\/span><\/h6>\n<p><span style=\"color: #000000;\">Infrapaneele juhitakse Elite juhtpaneelilt kontaktorboxi v\u00f5i k\u00fctteseadme kaudu.<\/span><\/p>\n<p><span style=\"color: #000000;\">El.kerise Sense Elite ja kontakrorboxi maksimaalne koormus on 2,2kW \/ 2,3kW.<\/span><\/p>\n<p><span style=\"color: #000000;\">N\u00e4ide: Kui kasutatakse 4 paneeli 300W + 4 paneeli 150W, on koormus 1,8kW.<\/span><\/p>\n<p><span style=\"color: #000000;\">Tehnilised andmed:<\/span><\/p>\n<p><a href=\"https:\/\/www.tylohelo.com\/hubfs\/TYLOHELO\/Downloads\/Infrared\/2900%200265%20Infra%20980x680%20980x360.pdf?hsLang=en\">https:\/\/www.tylohelo.com\/hubfs\/TYLOHELO\/Downloads\/Infrared\/2900%200265%20Infra%20980&#215;680%20980&#215;360.pdf?hsLang=en<\/a><\/p>\n<p>&nbsp;<\/p>\n<\/div>\n<\/div>\n<\/div>\n<\/div>\n<\/div>\n<\/div>\n<\/div>\n<\/div>\n<\/div>\n<\/div>\n","protected":false},"excerpt":{"rendered":"<p>Nautige IR-paneelide s\u00fcgavamat l\u00e4bitungivat soojust, infrapunasauna mitmek\u00fclgsust ja t\u00f5husust. IR-paneelid on kaetud Hemlocki puidu ja kangaga, pakkudes nahale pehmet puudutust. Saab paigaldada t\u00e4iendusena traditsioonilises leilisaunas v\u00f5i infrapunasauna funktsiooniga saunas. Paigaldatakse vertikaalselt, kombineeritud juhtimine juhtpaneeli Eliti ja kontaktoeboxi abil. 230V\/effekt 300kW Paneel musta v\u00e4rvi,\u00a0 paksus 37mm. Kaabel 2m, kuumuskindel. Paigutatakse\u00a0 v\u00e4limise seinapaneeli \u00fclaosale. Kombineeritud lahendused: \u2022 [&hellip;]<\/p>\n","protected":false},"featured_media":7979,"comment_status":"open","ping_status":"closed","template":"","meta":{"_acf_changed":false,"_genesis_hide_title":false,"_genesis_hide_breadcrumbs":false,"_genesis_hide_singular_image":false,"_genesis_hide_footer_widgets":false,"_genesis_custom_body_class":"","_genesis_custom_post_class":"","_genesis_layout":""},"product_brand":[],"product_cat":[185],"product_tag":[],"class_list":{"0":"post-7084","1":"product","2":"type-product","3":"status-publish","4":"has-post-thumbnail","6":"product_cat-infrapunasaun","7":"entry","8":"override","10":"first","11":"instock","12":"shipping-taxable","13":"purchasable","14":"product-type-simple"},"acf":[],"_links":{"self":[{"href":"https:\/\/koduspa.ee\/ru\/wp-json\/wp\/v2\/product\/7084","targetHints":{"allow":["GET"]}}],"collection":[{"href":"https:\/\/koduspa.ee\/ru\/wp-json\/wp\/v2\/product"}],"about":[{"href":"https:\/\/koduspa.ee\/ru\/wp-json\/wp\/v2\/types\/product"}],"replies":[{"embeddable":true,"href":"https:\/\/koduspa.ee\/ru\/wp-json\/wp\/v2\/comments?post=7084"}],"wp:featuredmedia":[{"embeddable":true,"href":"https:\/\/koduspa.ee\/ru\/wp-json\/wp\/v2\/media\/7979"}],"wp:attachment":[{"href":"https:\/\/koduspa.ee\/ru\/wp-json\/wp\/v2\/media?parent=7084"}],"wp:term":[{"taxonomy":"product_brand","embeddable":true,"href":"https:\/\/koduspa.ee\/ru\/wp-json\/wp\/v2\/product_brand?post=7084"},{"taxonomy":"product_cat","embeddable":true,"href":"https:\/\/koduspa.ee\/ru\/wp-json\/wp\/v2\/product_cat?post=7084"},{"taxonomy":"product_tag","embeddable":true,"href":"https:\/\/koduspa.ee\/ru\/wp-json\/wp\/v2\/product_tag?post=7084"}],"curies":[{"name":"wp","href":"https:\/\/api.w.org\/{rel}","templated":true}]}}