{"id":6996,"date":"2020-10-14T08:43:02","date_gmt":"2020-10-14T08:43:02","guid":{"rendered":"https:\/\/koduspa.ee\/?post_type=product&#038;p=6996"},"modified":"2024-04-06T10:51:49","modified_gmt":"2024-04-06T10:51:49","slug":"led-meeleolu-valgus-rgb-2x19","status":"publish","type":"product","link":"https:\/\/koduspa.ee\/ru\/pood\/tylo-valgustid\/led-meeleolu-valgus-rgb-2x19\/","title":{"rendered":"TYL\u00d6 LED MEELEOLU VALGUS RGB 2&#215;1,91"},"content":{"rendered":"<p><span style=\"color: #000000;\">T\u00e4iustage oma sauna Tyl\u00f6Helo l\u00f5\u00f5gastavate kromateraapiliste meeleolutuledega. <\/span><\/p>\n<p><span style=\"color: #000000;\">Pakett sisaldab t\u00e4ielikku komplekti RGB v\u00e4rvi muutvaid <\/span><\/p>\n<p><span style=\"color: #000000;\">LED-ribavalgusteid trafo ja kaugjuhtimispuldiga. <\/span><\/p>\n<p><span style=\"color: #000000;\">Valguspakett on spetsiaalselt toodetud Tyl\u00f6Helo saunaruumide jaoks, <\/span><\/p>\n<p><span style=\"color: #000000;\">kus k\u00f5rged temperatuurid ja niiskustasemed seavad <\/span><\/p>\n<p><span style=\"color: #000000;\">disainile ja j\u00f5udlusele m\u00e4rkimisv\u00e4\u00e4rseid n\u00f5udmisi.<\/span><\/p>\n<p><span style=\"color: #000000;\">Komplekti kuulub 2 x 1,91m2 LED-ribavalgustit, trafo ja kaugjuhtimispult. <\/span><\/p>\n<p><span style=\"color: #000000;\">Juhtseade ja trafo paigaldatakse saunaruumist v\u00e4ljapoole. <\/span><\/p>\n<p><span style=\"color: #000000;\">Tehnilised andmed:<\/span><\/p>\n<p><a href=\"https:\/\/s3-eu-west-1.amazonaws.com\/gung-images-bucket-ireland\/tylo\/2900%200712%20RGB%20remote%20controller.pdf\">https:\/\/s3-eu-west-1.amazonaws.com\/gung-images-bucket-ireland\/tylo\/2900%200712%20RGB%20remote%20controller.pdf<\/a><\/p>\n<p><a href=\"https:\/\/s3-eu-west-1.amazonaws.com\/gung-images-bucket-ireland\/tylo\/pim-item\/90011360\/TuV%20CE-EMC-Test%20Report%20-%20%20LED%20Strip%20Light.PDF\">https:\/\/s3-eu-west-1.amazonaws.com\/gung-images-bucket-ireland\/tylo\/pim-item\/90011360\/TuV%20CE-EMC-Test%20Report%20-%20%20LED%20Strip%20Light.PDF<\/a><\/p>\n<p>&nbsp;<\/p>\n<p>&nbsp;<\/p>\n","protected":false},"excerpt":{"rendered":"<p>T\u00e4iustage oma sauna Tyl\u00f6Helo l\u00f5\u00f5gastavate kromateraapiliste meeleolutuledega. Pakett sisaldab t\u00e4ielikku komplekti RGB v\u00e4rvi muutvaid LED-ribavalgusteid trafo ja kaugjuhtimispuldiga. Valguspakett on spetsiaalselt toodetud Tyl\u00f6Helo saunaruumide jaoks, kus k\u00f5rged temperatuurid ja niiskustasemed seavad disainile ja j\u00f5udlusele m\u00e4rkimisv\u00e4\u00e4rseid n\u00f5udmisi. Komplekti kuulub 2 x 1,91m2 LED-ribavalgustit, trafo ja kaugjuhtimispult. Juhtseade ja trafo paigaldatakse saunaruumist v\u00e4ljapoole. Tehnilised andmed: https:\/\/s3-eu-west-1.amazonaws.com\/gung-images-bucket-ireland\/tylo\/2900%200712%20RGB%20remote%20controller.pdf https:\/\/s3-eu-west-1.amazonaws.com\/gung-images-bucket-ireland\/tylo\/pim-item\/90011360\/TuV%20CE-EMC-Test%20Report%20-%20%20LED%20Strip%20Light.PDF [&hellip;]<\/p>\n","protected":false},"featured_media":13144,"comment_status":"open","ping_status":"closed","template":"","meta":{"_acf_changed":false,"_genesis_hide_title":false,"_genesis_hide_breadcrumbs":false,"_genesis_hide_singular_image":false,"_genesis_hide_footer_widgets":false,"_genesis_custom_body_class":"","_genesis_custom_post_class":"","_genesis_layout":""},"product_brand":[],"product_cat":[372],"product_tag":[],"class_list":{"0":"post-6996","1":"product","2":"type-product","3":"status-publish","4":"has-post-thumbnail","6":"product_cat-tylo-valgustid","7":"entry","8":"override","10":"first","11":"instock","12":"shipping-taxable","13":"purchasable","14":"product-type-simple"},"acf":[],"_links":{"self":[{"href":"https:\/\/koduspa.ee\/ru\/wp-json\/wp\/v2\/product\/6996","targetHints":{"allow":["GET"]}}],"collection":[{"href":"https:\/\/koduspa.ee\/ru\/wp-json\/wp\/v2\/product"}],"about":[{"href":"https:\/\/koduspa.ee\/ru\/wp-json\/wp\/v2\/types\/product"}],"replies":[{"embeddable":true,"href":"https:\/\/koduspa.ee\/ru\/wp-json\/wp\/v2\/comments?post=6996"}],"wp:featuredmedia":[{"embeddable":true,"href":"https:\/\/koduspa.ee\/ru\/wp-json\/wp\/v2\/media\/13144"}],"wp:attachment":[{"href":"https:\/\/koduspa.ee\/ru\/wp-json\/wp\/v2\/media?parent=6996"}],"wp:term":[{"taxonomy":"product_brand","embeddable":true,"href":"https:\/\/koduspa.ee\/ru\/wp-json\/wp\/v2\/product_brand?post=6996"},{"taxonomy":"product_cat","embeddable":true,"href":"https:\/\/koduspa.ee\/ru\/wp-json\/wp\/v2\/product_cat?post=6996"},{"taxonomy":"product_tag","embeddable":true,"href":"https:\/\/koduspa.ee\/ru\/wp-json\/wp\/v2\/product_tag?post=6996"}],"curies":[{"name":"wp","href":"https:\/\/api.w.org\/{rel}","templated":true}]}}