{"id":6978,"date":"2020-10-13T14:38:46","date_gmt":"2020-10-13T14:38:46","guid":{"rendered":"https:\/\/koduspa.ee\/?post_type=product&#038;p=6978"},"modified":"2024-04-06T10:54:00","modified_gmt":"2024-04-06T10:54:00","slug":"led-valgusriba-016w-38cm","status":"publish","type":"product","link":"https:\/\/koduspa.ee\/ru\/pood\/tylo-valgustid\/led-valgusriba-016w-38cm\/","title":{"rendered":"TYL\u00d6 LED VALGUSRIBA 12V\/DC 38CM"},"content":{"rendered":"<h6><span style=\"color: #000000;\">Valgusriba LED on v\u00e4lja t\u00f6\u00f6tatud keskkondade jaoks, <\/span><\/h6>\n<h6><span style=\"color: #000000;\">kus soovite h\u00e4maramat valgustust.\u00a0<\/span><\/h6>\n<h6><span style=\"color: #000000;\">V\u00f5imalik h\u00e4mardada, soe valge 3000K.\u00a012V DC.\u00a0<\/span><\/h6>\n<h6><span style=\"color: #000000;\">Kombineeritud TRAFO 90901030 LED 0-20W.\u00a038 cm.\u00a0<\/span><\/h6>\n","protected":false},"excerpt":{"rendered":"<p>Valgusriba LED on v\u00e4lja t\u00f6\u00f6tatud keskkondade jaoks, kus soovite h\u00e4maramat valgustust.\u00a0 V\u00f5imalik h\u00e4mardada, soe valge 3000K.\u00a012V DC.\u00a0 Kombineeritud TRAFO 90901030 LED 0-20W.\u00a038 cm.\u00a0<\/p>\n","protected":false},"featured_media":6979,"comment_status":"open","ping_status":"closed","template":"","meta":{"_acf_changed":false,"_genesis_hide_title":false,"_genesis_hide_breadcrumbs":false,"_genesis_hide_singular_image":false,"_genesis_hide_footer_widgets":false,"_genesis_custom_body_class":"","_genesis_custom_post_class":"","_genesis_layout":""},"product_brand":[],"product_cat":[372],"product_tag":[],"class_list":{"0":"post-6978","1":"product","2":"type-product","3":"status-publish","4":"has-post-thumbnail","6":"product_cat-tylo-valgustid","7":"entry","8":"override","10":"first","11":"instock","12":"shipping-taxable","13":"purchasable","14":"product-type-simple"},"acf":[],"_links":{"self":[{"href":"https:\/\/koduspa.ee\/ru\/wp-json\/wp\/v2\/product\/6978","targetHints":{"allow":["GET"]}}],"collection":[{"href":"https:\/\/koduspa.ee\/ru\/wp-json\/wp\/v2\/product"}],"about":[{"href":"https:\/\/koduspa.ee\/ru\/wp-json\/wp\/v2\/types\/product"}],"replies":[{"embeddable":true,"href":"https:\/\/koduspa.ee\/ru\/wp-json\/wp\/v2\/comments?post=6978"}],"wp:featuredmedia":[{"embeddable":true,"href":"https:\/\/koduspa.ee\/ru\/wp-json\/wp\/v2\/media\/6979"}],"wp:attachment":[{"href":"https:\/\/koduspa.ee\/ru\/wp-json\/wp\/v2\/media?parent=6978"}],"wp:term":[{"taxonomy":"product_brand","embeddable":true,"href":"https:\/\/koduspa.ee\/ru\/wp-json\/wp\/v2\/product_brand?post=6978"},{"taxonomy":"product_cat","embeddable":true,"href":"https:\/\/koduspa.ee\/ru\/wp-json\/wp\/v2\/product_cat?post=6978"},{"taxonomy":"product_tag","embeddable":true,"href":"https:\/\/koduspa.ee\/ru\/wp-json\/wp\/v2\/product_tag?post=6978"}],"curies":[{"name":"wp","href":"https:\/\/api.w.org\/{rel}","templated":true}]}}