{"id":6859,"date":"2020-10-13T07:36:22","date_gmt":"2020-10-13T07:36:22","guid":{"rendered":"https:\/\/koduspa.ee\/?post_type=product&#038;p=6859"},"modified":"2025-10-24T10:37:20","modified_gmt":"2025-10-24T10:37:20","slug":"auru-valjalaskeava-bahia-pro","status":"publish","type":"product","link":"https:\/\/koduspa.ee\/ru\/pood\/aurugeneraatorid-et-ru\/auru-valjalaskeava-bahia-pro\/","title":{"rendered":"TYL\u00d6  AURU V\u00c4LJALASKEAVA BAHIA PRO STEAM OUTLET"},"content":{"rendered":"<p><span style=\"color: #000000;\">Kujunduse eest p\u00e4lvinud tunnustuse, <\/span><\/p>\n<p><span style=\"color: #000000;\">auru v\u00e4ljalaskeava on n\u00fc\u00fcd m\u00fc\u00fcgil iseseisva tootena nimega Bahia Pro. <\/span><\/p>\n<p><span style=\"color: #000000;\">Auru v\u00e4ljalaskeava on eriti vaikne ja on m\u00f5eldud spetsiaalselt seadistuste jaoks, <\/span><\/p>\n<p><span style=\"color: #000000;\">kus t\u00f6\u00f6kindlus ja l\u00e4bilaskev\u00f5ime <\/span><span style=\"color: #000000;\">on esmat\u00e4htsad. <\/span><\/p>\n<p><span style=\"color: #000000;\">Bahia Pro auru v\u00e4ljalaskeava on valikuv\u00f5imalus, <\/span><\/p>\n<p><span style=\"color: #000000;\">kus disain, <\/span><span style=\"color: #000000;\">j\u00f5udlus ja esteetika on eelarvekaalutlustest \u00fclimuslikud. <\/span><\/p>\n<p><span style=\"color: #000000;\">Sobib suurtesse aurusaunadesse.<\/span><\/p>\n<p><span style=\"color: #000000;\">M\u00f5\u00f5t 500 x 300mm, karastatud turvaklaasist.<\/span><\/p>\n<p><a href=\"https:\/\/koduspa.ee\/wp-content\/uploads\/2020\/10\/Bahia-PRO-Steam-Outlet.pdf\">Bahia PRO Steam Outlet<\/a><\/p>\n","protected":false},"excerpt":{"rendered":"<p>Kujunduse eest p\u00e4lvinud tunnustuse, auru v\u00e4ljalaskeava on n\u00fc\u00fcd m\u00fc\u00fcgil iseseisva tootena nimega Bahia Pro. Auru v\u00e4ljalaskeava on eriti vaikne ja on m\u00f5eldud spetsiaalselt seadistuste jaoks, kus t\u00f6\u00f6kindlus ja l\u00e4bilaskev\u00f5ime on esmat\u00e4htsad. Bahia Pro auru v\u00e4ljalaskeava on valikuv\u00f5imalus, kus disain, j\u00f5udlus ja esteetika on eelarvekaalutlustest \u00fclimuslikud. Sobib suurtesse aurusaunadesse. M\u00f5\u00f5t 500 x 300mm, karastatud turvaklaasist. Bahia [&hellip;]<\/p>\n","protected":false},"featured_media":6860,"comment_status":"open","ping_status":"closed","template":"","meta":{"_acf_changed":false,"_genesis_hide_title":false,"_genesis_hide_breadcrumbs":false,"_genesis_hide_singular_image":false,"_genesis_hide_footer_widgets":false,"_genesis_custom_body_class":"","_genesis_custom_post_class":"","_genesis_layout":""},"product_brand":[],"product_cat":[72,128],"product_tag":[],"class_list":{"0":"post-6859","1":"product","2":"type-product","3":"status-publish","4":"has-post-thumbnail","6":"product_cat-aurugeneraatorid-et","7":"product_cat-lisavarustus","8":"entry","9":"override","11":"first","12":"instock","13":"shipping-taxable","14":"purchasable","15":"product-type-simple"},"acf":[],"_links":{"self":[{"href":"https:\/\/koduspa.ee\/ru\/wp-json\/wp\/v2\/product\/6859","targetHints":{"allow":["GET"]}}],"collection":[{"href":"https:\/\/koduspa.ee\/ru\/wp-json\/wp\/v2\/product"}],"about":[{"href":"https:\/\/koduspa.ee\/ru\/wp-json\/wp\/v2\/types\/product"}],"replies":[{"embeddable":true,"href":"https:\/\/koduspa.ee\/ru\/wp-json\/wp\/v2\/comments?post=6859"}],"wp:featuredmedia":[{"embeddable":true,"href":"https:\/\/koduspa.ee\/ru\/wp-json\/wp\/v2\/media\/6860"}],"wp:attachment":[{"href":"https:\/\/koduspa.ee\/ru\/wp-json\/wp\/v2\/media?parent=6859"}],"wp:term":[{"taxonomy":"product_brand","embeddable":true,"href":"https:\/\/koduspa.ee\/ru\/wp-json\/wp\/v2\/product_brand?post=6859"},{"taxonomy":"product_cat","embeddable":true,"href":"https:\/\/koduspa.ee\/ru\/wp-json\/wp\/v2\/product_cat?post=6859"},{"taxonomy":"product_tag","embeddable":true,"href":"https:\/\/koduspa.ee\/ru\/wp-json\/wp\/v2\/product_tag?post=6859"}],"curies":[{"name":"wp","href":"https:\/\/api.w.org\/{rel}","templated":true}]}}