{"id":6746,"date":"2020-10-06T13:43:55","date_gmt":"2020-10-06T13:43:55","guid":{"rendered":"https:\/\/koduspa.ee\/?post_type=product&#038;p=6746"},"modified":"2025-10-27T12:54:25","modified_gmt":"2025-10-27T12:54:25","slug":"kerise-piire-6-8-v-haab","status":"publish","type":"product","link":"https:\/\/koduspa.ee\/ru\/pood\/lisavarustus-ru\/kerise-piire-6-8-v-haab\/","title":{"rendered":"TYL\u00d6 KERISE PIIRE 6-8 V HAAB"},"content":{"rendered":"<h6><span style=\"color: #000000;\">Haava puidust seina- v\u00f5i nurgas paikneva k\u00fctteseadme kaitseks.<\/span><\/h6>\n<div class=\"container\">\n<div class=\"frame\">\n<div class=\"page tlid-homepage homepage translate-text\">\n<div class=\"homepage-content-wrap\">\n<div class=\"tlid-source-target main-header small-font\">\n<div class=\"source-target-row\">\n<div class=\"tlid-results-container results-container\">\n<div class=\"tlid-result result-dict-wrapper\">\n<div class=\"result tlid-copy-target\">\n<div class=\"text-wrap tlid-copy-target\">\n<h6 class=\"result-shield-container tlid-copy-target\" tabindex=\"0\"><span class=\"tlid-translation translation\" lang=\"et\" style=\"color: #000000;\"><span title=\"\">Sobib keristele 6,6-8 kW. <\/span><\/span><\/h6>\n<h6 class=\"result-shield-container tlid-copy-target\" tabindex=\"0\"><span class=\"tlid-translation translation\" lang=\"et\" style=\"color: #000000;\"><span title=\"\">M\u00f5\u00f5t 725 x 700 x 448mm.<\/span><\/span><\/h6>\n<p><a href=\"https:\/\/koduspa.ee\/wp-content\/uploads\/2020\/10\/kerisepiire.pdf\">kerisepiire<\/a><\/p>\n<\/div>\n<\/div>\n<\/div>\n<\/div>\n<\/div>\n<\/div>\n<\/div>\n<\/div>\n<\/div>\n<\/div>\n<p>&nbsp;<\/p>\n","protected":false},"excerpt":{"rendered":"<p>Haava puidust seina- v\u00f5i nurgas paikneva k\u00fctteseadme kaitseks. Sobib keristele 6,6-8 kW. M\u00f5\u00f5t 725 x 700 x 448mm. kerisepiire &nbsp;<\/p>\n","protected":false},"featured_media":6747,"comment_status":"open","ping_status":"closed","template":"","meta":{"_acf_changed":false,"_genesis_hide_title":false,"_genesis_hide_breadcrumbs":false,"_genesis_hide_singular_image":false,"_genesis_hide_footer_widgets":false,"_genesis_custom_body_class":"","_genesis_custom_post_class":"","_genesis_layout":""},"product_brand":[],"product_cat":[128],"product_tag":[],"class_list":{"0":"post-6746","1":"product","2":"type-product","3":"status-publish","4":"has-post-thumbnail","6":"product_cat-lisavarustus","7":"entry","8":"override","10":"first","11":"instock","12":"shipping-taxable","13":"purchasable","14":"product-type-simple"},"acf":[],"_links":{"self":[{"href":"https:\/\/koduspa.ee\/ru\/wp-json\/wp\/v2\/product\/6746","targetHints":{"allow":["GET"]}}],"collection":[{"href":"https:\/\/koduspa.ee\/ru\/wp-json\/wp\/v2\/product"}],"about":[{"href":"https:\/\/koduspa.ee\/ru\/wp-json\/wp\/v2\/types\/product"}],"replies":[{"embeddable":true,"href":"https:\/\/koduspa.ee\/ru\/wp-json\/wp\/v2\/comments?post=6746"}],"wp:featuredmedia":[{"embeddable":true,"href":"https:\/\/koduspa.ee\/ru\/wp-json\/wp\/v2\/media\/6747"}],"wp:attachment":[{"href":"https:\/\/koduspa.ee\/ru\/wp-json\/wp\/v2\/media?parent=6746"}],"wp:term":[{"taxonomy":"product_brand","embeddable":true,"href":"https:\/\/koduspa.ee\/ru\/wp-json\/wp\/v2\/product_brand?post=6746"},{"taxonomy":"product_cat","embeddable":true,"href":"https:\/\/koduspa.ee\/ru\/wp-json\/wp\/v2\/product_cat?post=6746"},{"taxonomy":"product_tag","embeddable":true,"href":"https:\/\/koduspa.ee\/ru\/wp-json\/wp\/v2\/product_tag?post=6746"}],"curies":[{"name":"wp","href":"https:\/\/api.w.org\/{rel}","templated":true}]}}