{"id":6738,"date":"2020-10-06T13:10:08","date_gmt":"2020-10-06T13:10:08","guid":{"rendered":"https:\/\/koduspa.ee\/?post_type=product&#038;p=6738"},"modified":"2025-11-21T08:27:05","modified_gmt":"2025-11-21T08:27:05","slug":"termomeeter-hugromeeter-classic","status":"publish","type":"product","link":"https:\/\/koduspa.ee\/ru\/pood\/aksessuaarid-ru\/termomeeter-hugromeeter-classic\/","title":{"rendered":"TERMO\/H\u00dcGROMEETER CLASSIC"},"content":{"rendered":"<p><span style=\"color: #000000;\">Klassikaline termomeeter \/ h\u00fcgromeeter on mugavalt komplekteeritud. <\/span><\/p>\n<p><span style=\"color: #000000;\">M\u00f5\u00f5dab teie sauna t\u00e4pset temperatuuri ja niiskustaset.<\/span><\/p>\n","protected":false},"excerpt":{"rendered":"<p>Klassikaline termomeeter \/ h\u00fcgromeeter on mugavalt komplekteeritud. M\u00f5\u00f5dab teie sauna t\u00e4pset temperatuuri ja niiskustaset.<\/p>\n","protected":false},"featured_media":6739,"comment_status":"open","ping_status":"closed","template":"","meta":{"_acf_changed":false,"_genesis_hide_title":false,"_genesis_hide_breadcrumbs":false,"_genesis_hide_singular_image":false,"_genesis_hide_footer_widgets":false,"_genesis_custom_body_class":"","_genesis_custom_post_class":"","_genesis_layout":""},"product_brand":[],"product_cat":[184],"product_tag":[],"class_list":{"0":"post-6738","1":"product","2":"type-product","3":"status-publish","4":"has-post-thumbnail","6":"product_cat-aksessuaarid","7":"entry","8":"override","10":"first","11":"instock","12":"shipping-taxable","13":"purchasable","14":"product-type-simple"},"acf":[],"_links":{"self":[{"href":"https:\/\/koduspa.ee\/ru\/wp-json\/wp\/v2\/product\/6738","targetHints":{"allow":["GET"]}}],"collection":[{"href":"https:\/\/koduspa.ee\/ru\/wp-json\/wp\/v2\/product"}],"about":[{"href":"https:\/\/koduspa.ee\/ru\/wp-json\/wp\/v2\/types\/product"}],"replies":[{"embeddable":true,"href":"https:\/\/koduspa.ee\/ru\/wp-json\/wp\/v2\/comments?post=6738"}],"wp:featuredmedia":[{"embeddable":true,"href":"https:\/\/koduspa.ee\/ru\/wp-json\/wp\/v2\/media\/6739"}],"wp:attachment":[{"href":"https:\/\/koduspa.ee\/ru\/wp-json\/wp\/v2\/media?parent=6738"}],"wp:term":[{"taxonomy":"product_brand","embeddable":true,"href":"https:\/\/koduspa.ee\/ru\/wp-json\/wp\/v2\/product_brand?post=6738"},{"taxonomy":"product_cat","embeddable":true,"href":"https:\/\/koduspa.ee\/ru\/wp-json\/wp\/v2\/product_cat?post=6738"},{"taxonomy":"product_tag","embeddable":true,"href":"https:\/\/koduspa.ee\/ru\/wp-json\/wp\/v2\/product_tag?post=6738"}],"curies":[{"name":"wp","href":"https:\/\/api.w.org\/{rel}","templated":true}]}}