{"id":6732,"date":"2020-10-06T12:53:54","date_gmt":"2020-10-06T12:53:54","guid":{"rendered":"https:\/\/koduspa.ee\/?post_type=product&#038;p=6732"},"modified":"2026-01-28T07:32:32","modified_gmt":"2026-01-28T07:32:32","slug":"tylohelo-kerisekivid-suur","status":"publish","type":"product","link":"https:\/\/koduspa.ee\/ru\/pood\/kastori-puukerise-lisatarvikud-ru\/tylohelo-kerisekivid-suur\/","title":{"rendered":"HELO KERISEKIVI SUUR"},"content":{"rendered":"<p><span style=\"color: #000000;\">\u00dcle 100mm l\u00e4bim\u00f5\u00f5duga kerisekivid, kastis 20kg.<\/span><\/p>\n<p><span style=\"color: #000000;\">Kerisekivid sobivad p\u00f5randakeristele.<\/span><\/p>\n","protected":false},"excerpt":{"rendered":"<p>\u00dcle 100mm l\u00e4bim\u00f5\u00f5duga kerisekivid, kastis 20kg. Kerisekivid sobivad p\u00f5randakeristele.<\/p>\n","protected":false},"featured_media":5849,"comment_status":"open","ping_status":"closed","template":"","meta":{"_acf_changed":false,"_genesis_hide_title":false,"_genesis_hide_breadcrumbs":false,"_genesis_hide_singular_image":false,"_genesis_hide_footer_widgets":false,"_genesis_custom_body_class":"","_genesis_custom_post_class":"","_genesis_layout":""},"product_brand":[],"product_cat":[188,128,70],"product_tag":[],"class_list":{"0":"post-6732","1":"product","2":"type-product","3":"status-publish","4":"has-post-thumbnail","6":"product_cat-kastori-puukerise-lisatarvikud","7":"product_cat-lisavarustus","8":"product_cat-puukerised","9":"entry","10":"override","12":"first","13":"instock","14":"shipping-taxable","15":"purchasable","16":"product-type-simple"},"acf":[],"_links":{"self":[{"href":"https:\/\/koduspa.ee\/ru\/wp-json\/wp\/v2\/product\/6732","targetHints":{"allow":["GET"]}}],"collection":[{"href":"https:\/\/koduspa.ee\/ru\/wp-json\/wp\/v2\/product"}],"about":[{"href":"https:\/\/koduspa.ee\/ru\/wp-json\/wp\/v2\/types\/product"}],"replies":[{"embeddable":true,"href":"https:\/\/koduspa.ee\/ru\/wp-json\/wp\/v2\/comments?post=6732"}],"wp:featuredmedia":[{"embeddable":true,"href":"https:\/\/koduspa.ee\/ru\/wp-json\/wp\/v2\/media\/5849"}],"wp:attachment":[{"href":"https:\/\/koduspa.ee\/ru\/wp-json\/wp\/v2\/media?parent=6732"}],"wp:term":[{"taxonomy":"product_brand","embeddable":true,"href":"https:\/\/koduspa.ee\/ru\/wp-json\/wp\/v2\/product_brand?post=6732"},{"taxonomy":"product_cat","embeddable":true,"href":"https:\/\/koduspa.ee\/ru\/wp-json\/wp\/v2\/product_cat?post=6732"},{"taxonomy":"product_tag","embeddable":true,"href":"https:\/\/koduspa.ee\/ru\/wp-json\/wp\/v2\/product_tag?post=6732"}],"curies":[{"name":"wp","href":"https:\/\/api.w.org\/{rel}","templated":true}]}}