{"id":6100,"date":"2020-04-29T07:50:09","date_gmt":"2020-04-29T07:50:09","guid":{"rendered":"https:\/\/koduspa.ee\/?post_type=product&#038;p=6100"},"modified":"2025-10-24T07:52:50","modified_gmt":"2025-10-24T07:52:50","slug":"el-keris-helo-rocher-70-elite-68-kw","status":"publish","type":"product","link":"https:\/\/koduspa.ee\/ru\/pood\/helo-elektrikerised\/el-keris-helo-rocher-70-elite-68-kw\/","title":{"rendered":"ELEKTRIKERIS HELO ROCHER ELITE FREE"},"content":{"rendered":"<p><span style=\"color: #000000;\">P\u00f5randakeris Rocher tagab oma 100 kilose kivimassiga<\/span><\/p>\n<p><span style=\"color: #000000;\">imeliselt pehme, tilgakujulise auru ja m\u00f5nusa sauna atmosf\u00e4\u00e4ri.<\/span><\/p>\n<p><span style=\"color: #000000;\">Rocheri \u00fcmarat, ajatut ja elegantset disaini saab imetleda iga nurga alt.<\/span><\/p>\n<p><span style=\"color: #000000;\">K\u00fcttekehale on n\u00fc\u00fcd lisatud uus stiilne juhtpaneel Elite Free wifi-ga mis kuulub komplekti.<\/span><\/p>\n<p><span style=\"color: #000000;\">T\u00e4ispikkusega k\u00fctteelemendid soojendavad k\u00fcttekeha kogu pikkuses.<\/span><\/p>\n<p><strong><span style=\"color: #000000;\">Kerisekivid ei kuulu komplekti.<\/span><\/strong><\/p>\n<p><strong><span style=\"color: #000000;\">Lisavarustusena saadaval kerise kaelus.<\/span><\/strong><\/p>\n<p><span style=\"color: #000000;\">Tehnilised andmed:<\/span><\/p>\n<p><a href=\"https:\/\/cdn2.hubspot.net\/hubfs\/379485\/Tyl%C3%B6Helo%20downloads%20(product%20data)\/Helo%20manuals\/Rocher%20Elite%20Installation%20user%20guide.pdf\">https:\/\/cdn2.hubspot.net\/hubfs\/379485\/Tyl%C3%B6Helo%20downloads%20(product%20data)\/Helo%20manuals\/Rocher%20Elite%20Installation%20user%20guide.pdf<\/a><\/p>\n<p><span style=\"color: #000000;\">Garantiitingimused:<\/span><\/p>\n<p><a href=\"https:\/\/cdn2.hubspot.net\/hubfs\/379485\/Tyl%C3%B6Helo%20downloads%20(product%20data)\/Helo%20manuals\/Warranty%20policy.pdf\">https:\/\/cdn2.hubspot.net\/hubfs\/379485\/Tyl%C3%B6Helo%20downloads%20(product%20data)\/Helo%20manuals\/Warranty%20policy.pdf<\/a><\/p>\n","protected":false},"excerpt":{"rendered":"<p>P\u00f5randakeris Rocher tagab oma 100 kilose kivimassiga imeliselt pehme, tilgakujulise auru ja m\u00f5nusa sauna atmosf\u00e4\u00e4ri. Rocheri \u00fcmarat, ajatut ja elegantset disaini saab imetleda iga nurga alt. K\u00fcttekehale on n\u00fc\u00fcd lisatud uus stiilne juhtpaneel Elite Free wifi-ga mis kuulub komplekti. T\u00e4ispikkusega k\u00fctteelemendid soojendavad k\u00fcttekeha kogu pikkuses. Kerisekivid ei kuulu komplekti. Lisavarustusena saadaval kerise kaelus. Tehnilised andmed: [&hellip;]<\/p>\n","protected":false},"featured_media":6101,"comment_status":"open","ping_status":"closed","template":"","meta":{"_acf_changed":false,"_genesis_hide_title":false,"_genesis_hide_breadcrumbs":false,"_genesis_hide_singular_image":false,"_genesis_hide_footer_widgets":false,"_genesis_custom_body_class":"","_genesis_custom_post_class":"","_genesis_layout":""},"product_cat":[172],"product_tag":[],"acf":[],"_links":{"self":[{"href":"https:\/\/koduspa.ee\/ru\/wp-json\/wp\/v2\/product\/6100"}],"collection":[{"href":"https:\/\/koduspa.ee\/ru\/wp-json\/wp\/v2\/product"}],"about":[{"href":"https:\/\/koduspa.ee\/ru\/wp-json\/wp\/v2\/types\/product"}],"replies":[{"embeddable":true,"href":"https:\/\/koduspa.ee\/ru\/wp-json\/wp\/v2\/comments?post=6100"}],"wp:featuredmedia":[{"embeddable":true,"href":"https:\/\/koduspa.ee\/ru\/wp-json\/wp\/v2\/media\/6101"}],"wp:attachment":[{"href":"https:\/\/koduspa.ee\/ru\/wp-json\/wp\/v2\/media?parent=6100"}],"wp:term":[{"taxonomy":"product_cat","embeddable":true,"href":"https:\/\/koduspa.ee\/ru\/wp-json\/wp\/v2\/product_cat?post=6100"},{"taxonomy":"product_tag","embeddable":true,"href":"https:\/\/koduspa.ee\/ru\/wp-json\/wp\/v2\/product_tag?post=6100"}],"curies":[{"name":"wp","href":"https:\/\/api.w.org\/{rel}","templated":true}]}}