{"id":6094,"date":"2020-04-29T07:19:31","date_gmt":"2020-04-29T07:19:31","guid":{"rendered":"https:\/\/koduspa.ee\/?post_type=product&#038;p=6094"},"modified":"2025-10-24T06:51:37","modified_gmt":"2025-10-24T06:51:37","slug":"el-keris-helo-himalaya-70bwt-elite-68-kw","status":"publish","type":"product","link":"https:\/\/koduspa.ee\/ru\/pood\/helo-elektrikerised-ru\/el-keris-helo-himalaya-70bwt-elite-68-kw\/","title":{"rendered":"ELEKTRIKERIS HELO HIMALAYA WT ELITE FREE MUST"},"content":{"rendered":"<p><span style=\"color: #000000;\">Himalaya p\u00f5randakeris varjab leidliku Helo-WT niisutus-<\/span><\/p>\n<p><span style=\"color: #000000;\">tehnoloogiaga Helo Water Tech veemahutit.<\/span><\/p>\n<p><span style=\"color: #000000;\">See tekitab kogu saunas rikkaliku sujuva niiskuse.<\/span><\/p>\n<p><span style=\"color: #000000;\">Ahvatlev ja pikk Himalaya on v\u00e4rvilt mattmust<\/span><\/p>\n<p><span style=\"color: #000000;\">ning sellel on n\u00fc\u00fcd uus stiilne juhtpaneel Elite Free wifi-ga mis kuulub komplekti.<\/span><\/p>\n<p><span style=\"color: #000000;\">BWT tehnoloogia paljude saunateraapiate jaoks \u00fches ilusas lahenduses.<\/span><\/p>\n<p><span style=\"color: #000000;\">Kindel 100-kilone kivimass <strong>(ei kuulu komplekti)<\/strong> t\u00f5stab saunatunnet.<\/span><\/p>\n<p><strong><span style=\"color: #000000;\">Lisavarustusena saadaval kerise kaelus.<\/span><\/strong><\/p>\n<p><span style=\"color: #000000;\">Tehnilised andmed:<\/span><\/p>\n<p><a href=\"https:\/\/cdn2.hubspot.net\/hubfs\/379485\/Tyl%C3%B6Helo%20downloads%20(product%20data)\/Helo%20manuals\/Himalaya%20Elite%20%20Installation%20user%20guide.pdf\">https:\/\/cdn2.hubspot.net\/hubfs\/379485\/Tyl%C3%B6Helo%20downloads%20(product%20data)\/Helo%20manuals\/Himalaya%20Elite%20%20Installation%20user%20guide.pdf<\/a><\/p>\n<p><span style=\"color: #000000;\">Garantiitingimused:<\/span><\/p>\n<p><a href=\"https:\/\/cdn2.hubspot.net\/hubfs\/379485\/Tyl%C3%B6Helo%20downloads%20(product%20data)\/Helo%20manuals\/Warranty%20policy.pdf\">https:\/\/cdn2.hubspot.net\/hubfs\/379485\/Tyl%C3%B6Helo%20downloads%20(product%20data)\/Helo%20manuals\/Warranty%20policy.pdf<\/a><\/p>\n<p>&nbsp;<\/p>\n<p>&nbsp;<\/p>\n","protected":false},"excerpt":{"rendered":"<p>Himalaya p\u00f5randakeris varjab leidliku Helo-WT niisutus- tehnoloogiaga Helo Water Tech veemahutit. See tekitab kogu saunas rikkaliku sujuva niiskuse. Ahvatlev ja pikk Himalaya on v\u00e4rvilt mattmust ning sellel on n\u00fc\u00fcd uus stiilne juhtpaneel Elite Free wifi-ga mis kuulub komplekti. BWT tehnoloogia paljude saunateraapiate jaoks \u00fches ilusas lahenduses. Kindel 100-kilone kivimass (ei kuulu komplekti) t\u00f5stab saunatunnet. Lisavarustusena [&hellip;]<\/p>\n","protected":false},"featured_media":9847,"comment_status":"open","ping_status":"closed","template":"","meta":{"_acf_changed":false,"_genesis_hide_title":false,"_genesis_hide_breadcrumbs":false,"_genesis_hide_singular_image":false,"_genesis_hide_footer_widgets":false,"_genesis_custom_body_class":"","_genesis_custom_post_class":"","_genesis_layout":""},"product_brand":[],"product_cat":[172],"product_tag":[],"class_list":{"0":"post-6094","1":"product","2":"type-product","3":"status-publish","4":"has-post-thumbnail","6":"product_cat-helo-elektrikerised","7":"entry","8":"override","10":"first","11":"instock","12":"shipping-taxable","13":"purchasable","14":"product-type-variable","15":"has-default-attributes"},"acf":[],"_links":{"self":[{"href":"https:\/\/koduspa.ee\/ru\/wp-json\/wp\/v2\/product\/6094","targetHints":{"allow":["GET"]}}],"collection":[{"href":"https:\/\/koduspa.ee\/ru\/wp-json\/wp\/v2\/product"}],"about":[{"href":"https:\/\/koduspa.ee\/ru\/wp-json\/wp\/v2\/types\/product"}],"replies":[{"embeddable":true,"href":"https:\/\/koduspa.ee\/ru\/wp-json\/wp\/v2\/comments?post=6094"}],"wp:featuredmedia":[{"embeddable":true,"href":"https:\/\/koduspa.ee\/ru\/wp-json\/wp\/v2\/media\/9847"}],"wp:attachment":[{"href":"https:\/\/koduspa.ee\/ru\/wp-json\/wp\/v2\/media?parent=6094"}],"wp:term":[{"taxonomy":"product_brand","embeddable":true,"href":"https:\/\/koduspa.ee\/ru\/wp-json\/wp\/v2\/product_brand?post=6094"},{"taxonomy":"product_cat","embeddable":true,"href":"https:\/\/koduspa.ee\/ru\/wp-json\/wp\/v2\/product_cat?post=6094"},{"taxonomy":"product_tag","embeddable":true,"href":"https:\/\/koduspa.ee\/ru\/wp-json\/wp\/v2\/product_tag?post=6094"}],"curies":[{"name":"wp","href":"https:\/\/api.w.org\/{rel}","templated":true}]}}