{"id":6016,"date":"2020-04-27T08:07:10","date_gmt":"2020-04-27T08:07:10","guid":{"rendered":"https:\/\/koduspa.ee\/?post_type=product&#038;p=6016"},"modified":"2025-10-28T12:13:58","modified_gmt":"2025-10-28T12:13:58","slug":"kontaktor-box-tylo-commercial","status":"publish","type":"product","link":"https:\/\/koduspa.ee\/ru\/pood\/juhtpaneelid-ru\/kontaktor-box-tylo-commercial\/","title":{"rendered":"TYL\u00d6 KONTAKTOR BOX COMMERCIAL"},"content":{"rendered":"<p><span style=\"color: #000000;\">V\u00e4lja t\u00f6\u00f6tatud t\u00f5rgeteta t\u00f6\u00f6ks juhtpaneelidega Elite (wifi)<\/span><\/p>\n<p><span style=\"color: #000000;\"> v\u00f5i Pure ja saunak\u00fcttega kuni 20 kW.<\/span><\/p>\n<p><span style=\"color: #000000;\">\u00dchildub Sense Commercial ja Expression saunak\u00fctteseadmetega,<\/span><\/p>\n<p><span style=\"color: #000000;\">v\u00f5imaldab vanemaid SD \/ SDK elektrikeriseid uuendada.<\/span><\/p>\n<p><strong><span style=\"color: #000000;\">Juhtpaneelid ei kuulu komplekti.<\/span><\/strong><\/p>\n<p><strong><span style=\"color: #000000;\">Tehnilised andmed:<\/span><\/strong><\/p>\n<p><a href=\"https:\/\/cdn2.hubspot.net\/hubfs\/379485\/Tyl%C3%B6Helo%20downloads%20(product%20data)\/Tyl%C3%B6%20manuals\/2900%204153%20Relay%20box%20Commercial%20installation%2Fuser%20guide.pdf\">https:\/\/cdn2.hubspot.net\/hubfs\/379485\/Tyl%C3%B6Helo%20downloads%20(product%20data)\/Tyl%C3%B6%20manuals\/2900%204153%20Relay%20box%20Commercial%20installation%2Fuser%20guide.pdf<\/a><\/p>\n<p><strong><span style=\"color: #000000;\">Garantiitingimused:<\/span><\/strong><\/p>\n<p><a href=\"https:\/\/cdn2.hubspot.net\/hubfs\/379485\/Tyl%C3%B6Helo%20downloads%20(product%20data)\/Helo%20manuals\/Warranty%20policy.pdf\">https:\/\/cdn2.hubspot.net\/hubfs\/379485\/Tyl%C3%B6Helo%20downloads%20(product%20data)\/Helo%20manuals\/Warranty%20policy.pdf<\/a><\/p>\n","protected":false},"excerpt":{"rendered":"<p>V\u00e4lja t\u00f6\u00f6tatud t\u00f5rgeteta t\u00f6\u00f6ks juhtpaneelidega Elite (wifi) v\u00f5i Pure ja saunak\u00fcttega kuni 20 kW. \u00dchildub Sense Commercial ja Expression saunak\u00fctteseadmetega, v\u00f5imaldab vanemaid SD \/ SDK elektrikeriseid uuendada. Juhtpaneelid ei kuulu komplekti. Tehnilised andmed: https:\/\/cdn2.hubspot.net\/hubfs\/379485\/Tyl%C3%B6Helo%20downloads%20(product%20data)\/Tyl%C3%B6%20manuals\/2900%204153%20Relay%20box%20Commercial%20installation%2Fuser%20guide.pdf Garantiitingimused: https:\/\/cdn2.hubspot.net\/hubfs\/379485\/Tyl%C3%B6Helo%20downloads%20(product%20data)\/Helo%20manuals\/Warranty%20policy.pdf<\/p>\n","protected":false},"featured_media":6017,"comment_status":"open","ping_status":"closed","template":"","meta":{"_acf_changed":false,"_genesis_hide_title":false,"_genesis_hide_breadcrumbs":false,"_genesis_hide_singular_image":false,"_genesis_hide_footer_widgets":false,"_genesis_custom_body_class":"","_genesis_custom_post_class":"","_genesis_layout":""},"product_brand":[],"product_cat":[183],"product_tag":[],"class_list":{"0":"post-6016","1":"product","2":"type-product","3":"status-publish","4":"has-post-thumbnail","6":"product_cat-juhtpaneelid","7":"entry","8":"override","10":"first","11":"instock","12":"shipping-taxable","13":"purchasable","14":"product-type-simple"},"acf":[],"_links":{"self":[{"href":"https:\/\/koduspa.ee\/ru\/wp-json\/wp\/v2\/product\/6016","targetHints":{"allow":["GET"]}}],"collection":[{"href":"https:\/\/koduspa.ee\/ru\/wp-json\/wp\/v2\/product"}],"about":[{"href":"https:\/\/koduspa.ee\/ru\/wp-json\/wp\/v2\/types\/product"}],"replies":[{"embeddable":true,"href":"https:\/\/koduspa.ee\/ru\/wp-json\/wp\/v2\/comments?post=6016"}],"wp:featuredmedia":[{"embeddable":true,"href":"https:\/\/koduspa.ee\/ru\/wp-json\/wp\/v2\/media\/6017"}],"wp:attachment":[{"href":"https:\/\/koduspa.ee\/ru\/wp-json\/wp\/v2\/media?parent=6016"}],"wp:term":[{"taxonomy":"product_brand","embeddable":true,"href":"https:\/\/koduspa.ee\/ru\/wp-json\/wp\/v2\/product_brand?post=6016"},{"taxonomy":"product_cat","embeddable":true,"href":"https:\/\/koduspa.ee\/ru\/wp-json\/wp\/v2\/product_cat?post=6016"},{"taxonomy":"product_tag","embeddable":true,"href":"https:\/\/koduspa.ee\/ru\/wp-json\/wp\/v2\/product_tag?post=6016"}],"curies":[{"name":"wp","href":"https:\/\/api.w.org\/{rel}","templated":true}]}}