{"id":5976,"date":"2020-04-24T08:02:14","date_gmt":"2020-04-24T08:02:14","guid":{"rendered":"https:\/\/koduspa.ee\/?post_type=product&#038;p=5976"},"modified":"2025-10-28T11:49:09","modified_gmt":"2025-10-28T11:49:09","slug":"el-keris-tylohelo-sense-sport-6","status":"publish","type":"product","link":"https:\/\/koduspa.ee\/ru\/pood\/tylo-elektrikerised-ru\/el-keris-tylohelo-sense-sport-6\/","title":{"rendered":"ELEKTRIKERIS TYL\u00d6 SENSE SPORT"},"content":{"rendered":"<h6><span style=\"color: #000000;\">Elektriline saunakeris Sense Sport on saadaval kahe erineva<\/span><\/h6>\n<h6><span style=\"color: #000000;\">v\u00e4ljundv\u00f5imsusega versioonides ja selle v\u00f5ib paigaldada p\u00f5randale v\u00f5i seinale.<\/span><\/h6>\n<h6><span style=\"color: #000000;\">Juhtpaneel on kerisse sisse ehitatud ja asub selle aluses.<\/span><\/h6>\n<h6><span style=\"color: #000000;\">Termokaitsega kaitsekate hoiab \u00e4ra tahtmatu nahap\u00f5letuse.<\/span><\/h6>\n<h6><span style=\"color: #000000;\">\u00c4\u00e4rmiselt kiire kuumutamisaeg. Jaotatud v\u00e4ljundi funktsionaalsus.<\/span><\/h6>\n<h6><span style=\"color: #000000;\">V\u00e4hendab v\u00f5imsust, kui seatud temperatuur on saavutatud.<\/span><\/h6>\n<h6><span style=\"color: #000000;\">Nuppudega, manuaalne juhtimine.<\/span><\/h6>\n<h6><span style=\"color: #000000;\">Kerisekivid ei kuulu komplekti.<\/span><\/h6>\n<h6><span style=\"color: #000000;\">Tehnilised andmed:<\/span><\/h6>\n<p><a href=\"https:\/\/cdn2.hubspot.net\/hubfs\/379485\/Tyl%C3%B6Helo%20downloads%20(product%20data)\/Tyl%C3%B6%20manuals\/2900%205250%20SENSE%20SPORT%20installation%20guide.pdf\">https:\/\/cdn2.hubspot.net\/hubfs\/379485\/Tyl%C3%B6Helo%20downloads%20(product%20data)\/Tyl%C3%B6%20manuals\/2900%205250%20SENSE%20SPORT%20installation%20guide.pdf<\/a><\/p>\n<p><span style=\"color: #000000;\">Garantiitingimused:<\/span><\/p>\n<p><a href=\"https:\/\/cdn2.hubspot.net\/hubfs\/379485\/Tyl%C3%B6Helo%20downloads%20(product%20data)\/Helo%20manuals\/Warranty%20policy.pdf\">https:\/\/cdn2.hubspot.net\/hubfs\/379485\/Tyl%C3%B6Helo%20downloads%20(product%20data)\/Helo%20manuals\/Warranty%20policy.pdf<\/a><\/p>\n<p>&nbsp;<\/p>\n<p>&nbsp;<\/p>\n","protected":false},"excerpt":{"rendered":"<p>Elektriline saunakeris Sense Sport on saadaval kahe erineva v\u00e4ljundv\u00f5imsusega versioonides ja selle v\u00f5ib paigaldada p\u00f5randale v\u00f5i seinale. Juhtpaneel on kerisse sisse ehitatud ja asub selle aluses. Termokaitsega kaitsekate hoiab \u00e4ra tahtmatu nahap\u00f5letuse. \u00c4\u00e4rmiselt kiire kuumutamisaeg. Jaotatud v\u00e4ljundi funktsionaalsus. V\u00e4hendab v\u00f5imsust, kui seatud temperatuur on saavutatud. Nuppudega, manuaalne juhtimine. Kerisekivid ei kuulu komplekti. Tehnilised andmed: https:\/\/cdn2.hubspot.net\/hubfs\/379485\/Tyl%C3%B6Helo%20downloads%20(product%20data)\/Tyl%C3%B6%20manuals\/2900%205250%20SENSE%20SPORT%20installation%20guide.pdf [&hellip;]<\/p>\n","protected":false},"featured_media":5977,"comment_status":"open","ping_status":"closed","template":"","meta":{"_acf_changed":false,"_genesis_hide_title":false,"_genesis_hide_breadcrumbs":false,"_genesis_hide_singular_image":false,"_genesis_hide_footer_widgets":false,"_genesis_custom_body_class":"","_genesis_custom_post_class":"","_genesis_layout":""},"product_brand":[],"product_cat":[173],"product_tag":[],"class_list":{"0":"post-5976","1":"product","2":"type-product","3":"status-publish","4":"has-post-thumbnail","6":"product_cat-tylo-elektrikerised","7":"entry","8":"override","10":"first","11":"instock","12":"shipping-taxable","13":"purchasable","14":"product-type-variable","15":"has-default-attributes"},"acf":[],"_links":{"self":[{"href":"https:\/\/koduspa.ee\/ru\/wp-json\/wp\/v2\/product\/5976","targetHints":{"allow":["GET"]}}],"collection":[{"href":"https:\/\/koduspa.ee\/ru\/wp-json\/wp\/v2\/product"}],"about":[{"href":"https:\/\/koduspa.ee\/ru\/wp-json\/wp\/v2\/types\/product"}],"replies":[{"embeddable":true,"href":"https:\/\/koduspa.ee\/ru\/wp-json\/wp\/v2\/comments?post=5976"}],"wp:featuredmedia":[{"embeddable":true,"href":"https:\/\/koduspa.ee\/ru\/wp-json\/wp\/v2\/media\/5977"}],"wp:attachment":[{"href":"https:\/\/koduspa.ee\/ru\/wp-json\/wp\/v2\/media?parent=5976"}],"wp:term":[{"taxonomy":"product_brand","embeddable":true,"href":"https:\/\/koduspa.ee\/ru\/wp-json\/wp\/v2\/product_brand?post=5976"},{"taxonomy":"product_cat","embeddable":true,"href":"https:\/\/koduspa.ee\/ru\/wp-json\/wp\/v2\/product_cat?post=5976"},{"taxonomy":"product_tag","embeddable":true,"href":"https:\/\/koduspa.ee\/ru\/wp-json\/wp\/v2\/product_tag?post=5976"}],"curies":[{"name":"wp","href":"https:\/\/api.w.org\/{rel}","templated":true}]}}