{"id":5860,"date":"2020-04-20T07:25:11","date_gmt":"2020-04-20T07:25:11","guid":{"rendered":"http:\/\/koduspa.ee\/?post_type=product&#038;p=5860"},"modified":"2025-10-24T05:57:27","modified_gmt":"2025-10-24T05:57:27","slug":"juhtpaneel-pure","status":"publish","type":"product","link":"https:\/\/koduspa.ee\/ru\/pood\/juhtpaneelid-ru\/juhtpaneel-pure\/","title":{"rendered":"HELO JUHTPANEEL PURE"},"content":{"rendered":"<p><span style=\"color: #000000;\" title=\"\">\u00d5hukese musta juhtseadmega saab l\u00fclitada sisse saunaseadme,\u00a0 valgustuse,<\/span><\/p>\n<p><span style=\"color: #000000;\" title=\"\"> temperatuuri ja saunaaja h\u00f5lpsalt seada vaid m\u00f5ne puudutusega.<\/span><\/p>\n<p><span style=\"color: #000000;\" title=\"\">Paiguta saunaruumi sisse v\u00f5i v\u00e4lja.<\/span><\/p>\n<p><span style=\"color: #000000;\">Juhtpaneeli juhitakse sujuva pehme puudutusega juhtimisseadmete abil,<\/span><\/p>\n<p><span style=\"color: #000000;\">see sobib nii leili- kui aurusauna juhtima.<\/span><\/p>\n<p><span style=\"color: #000000;\">Spetsiaalselt kautamiseks Helo saunakeristega, aurugeneraatoritega.<\/span><\/p>\n<p><span style=\"color: #000000;\">Tehnilised andmed:<\/span><\/p>\n<p><a href=\"https:\/\/cdn2.hubspot.net\/hubfs\/379485\/Tyl%C3%B6Helo%20downloads%20(product%20data)\/Helo%20manuals\/Pure%20installation%20%20user%20guide.pdf\">https:\/\/cdn2.hubspot.net\/hubfs\/379485\/Tyl%C3%B6Helo%20downloads%20(product%20data)\/Helo%20manuals\/Pure%20installation%20%20user%20guide.pdf<\/a><\/p>\n<p><span style=\"color: #000000;\">Garantiitingimused:<\/span><\/p>\n<p><a href=\"https:\/\/cdn2.hubspot.net\/hubfs\/379485\/Tyl%C3%B6Helo%20downloads%20(product%20data)\/Helo%20manuals\/Warranty%20policy.pdf\">https:\/\/cdn2.hubspot.net\/hubfs\/379485\/Tyl%C3%B6Helo%20downloads%20(product%20data)\/Helo%20manuals\/Warranty%20policy.pdf<\/a><\/p>\n","protected":false},"excerpt":{"rendered":"<p>\u00d5hukese musta juhtseadmega saab l\u00fclitada sisse saunaseadme,\u00a0 valgustuse, temperatuuri ja saunaaja h\u00f5lpsalt seada vaid m\u00f5ne puudutusega. Paiguta saunaruumi sisse v\u00f5i v\u00e4lja. Juhtpaneeli juhitakse sujuva pehme puudutusega juhtimisseadmete abil, see sobib nii leili- kui aurusauna juhtima. Spetsiaalselt kautamiseks Helo saunakeristega, aurugeneraatoritega. Tehnilised andmed: https:\/\/cdn2.hubspot.net\/hubfs\/379485\/Tyl%C3%B6Helo%20downloads%20(product%20data)\/Helo%20manuals\/Pure%20installation%20%20user%20guide.pdf Garantiitingimused: https:\/\/cdn2.hubspot.net\/hubfs\/379485\/Tyl%C3%B6Helo%20downloads%20(product%20data)\/Helo%20manuals\/Warranty%20policy.pdf<\/p>\n","protected":false},"featured_media":9284,"comment_status":"open","ping_status":"closed","template":"","meta":{"_acf_changed":false,"_genesis_hide_title":false,"_genesis_hide_breadcrumbs":false,"_genesis_hide_singular_image":false,"_genesis_hide_footer_widgets":false,"_genesis_custom_body_class":"","_genesis_custom_post_class":"","_genesis_layout":""},"product_brand":[],"product_cat":[183],"product_tag":[],"class_list":{"0":"post-5860","1":"product","2":"type-product","3":"status-publish","4":"has-post-thumbnail","6":"product_cat-juhtpaneelid","7":"entry","8":"override","10":"first","11":"instock","12":"shipping-taxable","13":"purchasable","14":"product-type-simple"},"acf":[],"_links":{"self":[{"href":"https:\/\/koduspa.ee\/ru\/wp-json\/wp\/v2\/product\/5860","targetHints":{"allow":["GET"]}}],"collection":[{"href":"https:\/\/koduspa.ee\/ru\/wp-json\/wp\/v2\/product"}],"about":[{"href":"https:\/\/koduspa.ee\/ru\/wp-json\/wp\/v2\/types\/product"}],"replies":[{"embeddable":true,"href":"https:\/\/koduspa.ee\/ru\/wp-json\/wp\/v2\/comments?post=5860"}],"wp:featuredmedia":[{"embeddable":true,"href":"https:\/\/koduspa.ee\/ru\/wp-json\/wp\/v2\/media\/9284"}],"wp:attachment":[{"href":"https:\/\/koduspa.ee\/ru\/wp-json\/wp\/v2\/media?parent=5860"}],"wp:term":[{"taxonomy":"product_brand","embeddable":true,"href":"https:\/\/koduspa.ee\/ru\/wp-json\/wp\/v2\/product_brand?post=5860"},{"taxonomy":"product_cat","embeddable":true,"href":"https:\/\/koduspa.ee\/ru\/wp-json\/wp\/v2\/product_cat?post=5860"},{"taxonomy":"product_tag","embeddable":true,"href":"https:\/\/koduspa.ee\/ru\/wp-json\/wp\/v2\/product_tag?post=5860"}],"curies":[{"name":"wp","href":"https:\/\/api.w.org\/{rel}","templated":true}]}}