{"id":5829,"date":"2020-04-19T14:44:56","date_gmt":"2020-04-19T14:44:56","guid":{"rendered":"http:\/\/koduspa.ee\/?post_type=product&#038;p=5829"},"modified":"2025-12-01T00:01:51","modified_gmt":"2025-12-01T00:01:51","slug":"puukeris-helo-karhu","status":"publish","type":"product","link":"https:\/\/koduspa.ee\/ru\/pood\/puukerised-ru\/puukeris-helo-karhu\/","title":{"rendered":"PUUKERIS KASTOR KARHU"},"content":{"rendered":"<p><span style=\"color: #000000;\">Puuk\u00fcttega keris Kastor Karhu kaunid jooned ja kroomitud esipaneel<\/span><\/p>\n<p><span style=\"color: #000000;\">t\u00f5stavad esile k\u00f5ik saunakujunduse intelligentsed lahendused,<\/span><\/p>\n<p><span style=\"color: #000000;\">mis on v\u00e4lja t\u00f6\u00f6tatud maksimaalse soojuse eraldamiseks<\/span><\/p>\n<p><span style=\"color: #000000;\">v\u00f5imalikult v\u00e4ike k\u00fcttepuu kulu.<\/span><\/p>\n<p><span style=\"color: #000000;\">Kaitsev seinaelement ja alus on saadaval lisavarustusena.<\/span><\/p>\n<p><span style=\"color: #000000;\">K\u00f5igil Karhu pliidimudelitel on reguleeritavad jalad, CE-m\u00e4rgisega k\u00fctteseade.<\/span><\/p>\n<p><span style=\"color: #000000;\">Muljetavaldavad soojust s\u00e4ilitavad omadused, klaasuksega.<\/span><\/p>\n<p><span style=\"color: #000000;\">Tulekolde lae paksus 5mm, suitsutoru 115mm.<\/span><\/p>\n<p><span style=\"color: #000000;\">Kerisekivid ei kuulu komplekti.<\/span><\/p>\n<p><span style=\"color: #000000;\">Tehnilised andmed:<\/span><\/p>\n<p><a href=\"https:\/\/cdn2.hubspot.net\/hubfs\/379485\/KARHU%20Wood-burning%20Heater%20Series%20Installation%20and%20User%20Manual.pdf\">https:\/\/cdn2.hubspot.net\/hubfs\/379485\/KARHU%20Wood-burning%20Heater%20Series%20Installation%20and%20User%20Manual.pdf<\/a><\/p>\n<p><span style=\"color: #000000;\">Garantiitingimused:<\/span><\/p>\n<p><a href=\"https:\/\/cdn2.hubspot.net\/hubfs\/379485\/Tyl%C3%B6Helo%20downloads%20(product%20data)\/Helo%20manuals\/Warranty%20policy.pdf\">https:\/\/cdn2.hubspot.net\/hubfs\/379485\/Tyl%C3%B6Helo%20downloads%20(product%20data)\/Helo%20manuals\/Warranty%20policy.pdf<\/a><\/p>\n","protected":false},"excerpt":{"rendered":"<p>Puuk\u00fcttega keris Kastor Karhu kaunid jooned ja kroomitud esipaneel t\u00f5stavad esile k\u00f5ik saunakujunduse intelligentsed lahendused, mis on v\u00e4lja t\u00f6\u00f6tatud maksimaalse soojuse eraldamiseks v\u00f5imalikult v\u00e4ike k\u00fcttepuu kulu. Kaitsev seinaelement ja alus on saadaval lisavarustusena. K\u00f5igil Karhu pliidimudelitel on reguleeritavad jalad, CE-m\u00e4rgisega k\u00fctteseade. Muljetavaldavad soojust s\u00e4ilitavad omadused, klaasuksega. Tulekolde lae paksus 5mm, suitsutoru 115mm. Kerisekivid ei kuulu [&hellip;]<\/p>\n","protected":false},"featured_media":5830,"comment_status":"open","ping_status":"closed","template":"","meta":{"_acf_changed":false,"_genesis_hide_title":false,"_genesis_hide_breadcrumbs":false,"_genesis_hide_singular_image":false,"_genesis_hide_footer_widgets":false,"_genesis_custom_body_class":"","_genesis_custom_post_class":"","_genesis_layout":""},"product_brand":[],"product_cat":[70],"product_tag":[],"class_list":{"0":"post-5829","1":"product","2":"type-product","3":"status-publish","4":"has-post-thumbnail","6":"product_cat-puukerised","7":"entry","8":"override","10":"first","11":"instock","12":"shipping-taxable","13":"purchasable","14":"product-type-variable"},"acf":[],"_links":{"self":[{"href":"https:\/\/koduspa.ee\/ru\/wp-json\/wp\/v2\/product\/5829","targetHints":{"allow":["GET"]}}],"collection":[{"href":"https:\/\/koduspa.ee\/ru\/wp-json\/wp\/v2\/product"}],"about":[{"href":"https:\/\/koduspa.ee\/ru\/wp-json\/wp\/v2\/types\/product"}],"replies":[{"embeddable":true,"href":"https:\/\/koduspa.ee\/ru\/wp-json\/wp\/v2\/comments?post=5829"}],"wp:featuredmedia":[{"embeddable":true,"href":"https:\/\/koduspa.ee\/ru\/wp-json\/wp\/v2\/media\/5830"}],"wp:attachment":[{"href":"https:\/\/koduspa.ee\/ru\/wp-json\/wp\/v2\/media?parent=5829"}],"wp:term":[{"taxonomy":"product_brand","embeddable":true,"href":"https:\/\/koduspa.ee\/ru\/wp-json\/wp\/v2\/product_brand?post=5829"},{"taxonomy":"product_cat","embeddable":true,"href":"https:\/\/koduspa.ee\/ru\/wp-json\/wp\/v2\/product_cat?post=5829"},{"taxonomy":"product_tag","embeddable":true,"href":"https:\/\/koduspa.ee\/ru\/wp-json\/wp\/v2\/product_tag?post=5829"}],"curies":[{"name":"wp","href":"https:\/\/api.w.org\/{rel}","templated":true}]}}