{"id":5826,"date":"2020-04-19T14:42:20","date_gmt":"2020-04-19T14:42:20","guid":{"rendered":"http:\/\/koduspa.ee\/?post_type=product&#038;p=5826"},"modified":"2025-12-01T00:01:51","modified_gmt":"2025-12-01T00:01:51","slug":"puukeris-helo-saga-22-t-2","status":"publish","type":"product","link":"https:\/\/koduspa.ee\/ru\/pood\/puukerised-ru\/puukeris-helo-saga-22-t-2\/","title":{"rendered":"PUUKERIS KASTOR SAGA T tunnel"},"content":{"rendered":"<p><span style=\"color: #000000;\">L\u00e4bi seina k\u00f6etav puuk\u00fcttega keris Kastor Saga pakub k\u00f5ige<\/span><\/p>\n<p><span style=\"color: #000000;\">pehmema mugavama kuumuse ja auru j\u00e4rel lainet.<\/span><\/p>\n<p><span style=\"color: #000000;\">Selle sepistatud terasvardad peavad kestma veatult aastaid.<\/span><\/p>\n<p><span style=\"color: #000000;\">Kastor Saga karm stiil muudab sauna interj\u00f6\u00f6ri keskpunktiks.<\/span><\/p>\n<p><span style=\"color: #000000;\">Muljetavaldavad soojust s\u00e4ilitavad omadused, pakub pehmet mugavat soojust ja auru,<\/span><\/p>\n<p><span style=\"color: #000000;\">CE-m\u00e4rgisega k\u00fctteseade. Korstnakorv on saadaval lisavarustusena. <\/span><\/p>\n<p><span style=\"color: #000000;\">L\u00e4bi seina osa reguleeritav vastavalt seina paksusele.<\/span><\/p>\n<p><span style=\"color: #000000;\">Suitsutoru 115 mm.<\/span><\/p>\n<p><strong><span style=\"color: #000000;\">Lisana: kerise ilukrae ja kerisekivid ei kuulu komplekti.<\/span><\/strong><\/p>\n<p><span style=\"color: #000000;\">Tehnilised andmed:<\/span><\/p>\n<p><a href=\"https:\/\/cdn2.hubspot.net\/hubfs\/379485\/Tyl%C3%B6Helo%20downloads%20(product%20data)\/Helo%20manuals\/T%20-%20Heater%20Karhu%20and%20Saga.pdf\">https:\/\/cdn2.hubspot.net\/hubfs\/379485\/Tyl%C3%B6Helo%20downloads%20(product%20data)\/Helo%20manuals\/T%20-%20Heater%20Karhu%20and%20Saga.pdf<\/a><\/p>\n<p><span style=\"color: #000000;\">Garantiitingimused:<\/span><\/p>\n<p><a href=\"https:\/\/cdn2.hubspot.net\/hubfs\/379485\/Tyl%C3%B6Helo%20downloads%20(product%20data)\/Helo%20manuals\/Warranty%20policy.pdf\">https:\/\/cdn2.hubspot.net\/hubfs\/379485\/Tyl%C3%B6Helo%20downloads%20(product%20data)\/Helo%20manuals\/Warranty%20policy.pdf<\/a><\/p>\n<p>&nbsp;<\/p>\n<p>&nbsp;<\/p>\n<p>&nbsp;<\/p>\n","protected":false},"excerpt":{"rendered":"<p>L\u00e4bi seina k\u00f6etav puuk\u00fcttega keris Kastor Saga pakub k\u00f5ige pehmema mugavama kuumuse ja auru j\u00e4rel lainet. Selle sepistatud terasvardad peavad kestma veatult aastaid. Kastor Saga karm stiil muudab sauna interj\u00f6\u00f6ri keskpunktiks. Muljetavaldavad soojust s\u00e4ilitavad omadused, pakub pehmet mugavat soojust ja auru, CE-m\u00e4rgisega k\u00fctteseade. Korstnakorv on saadaval lisavarustusena. L\u00e4bi seina osa reguleeritav vastavalt seina paksusele. Suitsutoru [&hellip;]<\/p>\n","protected":false},"featured_media":6030,"comment_status":"open","ping_status":"closed","template":"","meta":{"_acf_changed":false,"_genesis_hide_title":false,"_genesis_hide_breadcrumbs":false,"_genesis_hide_singular_image":false,"_genesis_hide_footer_widgets":false,"_genesis_custom_body_class":"","_genesis_custom_post_class":"","_genesis_layout":""},"product_brand":[],"product_cat":[70],"product_tag":[],"class_list":{"0":"post-5826","1":"product","2":"type-product","3":"status-publish","4":"has-post-thumbnail","6":"product_cat-puukerised","7":"entry","8":"override","10":"first","11":"instock","12":"shipping-taxable","13":"purchasable","14":"product-type-variable"},"acf":[],"_links":{"self":[{"href":"https:\/\/koduspa.ee\/ru\/wp-json\/wp\/v2\/product\/5826","targetHints":{"allow":["GET"]}}],"collection":[{"href":"https:\/\/koduspa.ee\/ru\/wp-json\/wp\/v2\/product"}],"about":[{"href":"https:\/\/koduspa.ee\/ru\/wp-json\/wp\/v2\/types\/product"}],"replies":[{"embeddable":true,"href":"https:\/\/koduspa.ee\/ru\/wp-json\/wp\/v2\/comments?post=5826"}],"wp:featuredmedia":[{"embeddable":true,"href":"https:\/\/koduspa.ee\/ru\/wp-json\/wp\/v2\/media\/6030"}],"wp:attachment":[{"href":"https:\/\/koduspa.ee\/ru\/wp-json\/wp\/v2\/media?parent=5826"}],"wp:term":[{"taxonomy":"product_brand","embeddable":true,"href":"https:\/\/koduspa.ee\/ru\/wp-json\/wp\/v2\/product_brand?post=5826"},{"taxonomy":"product_cat","embeddable":true,"href":"https:\/\/koduspa.ee\/ru\/wp-json\/wp\/v2\/product_cat?post=5826"},{"taxonomy":"product_tag","embeddable":true,"href":"https:\/\/koduspa.ee\/ru\/wp-json\/wp\/v2\/product_tag?post=5826"}],"curies":[{"name":"wp","href":"https:\/\/api.w.org\/{rel}","templated":true}]}}