{"id":5820,"date":"2020-04-19T14:34:22","date_gmt":"2020-04-19T14:34:22","guid":{"rendered":"http:\/\/koduspa.ee\/?post_type=product&#038;p=5820"},"modified":"2025-12-01T00:01:51","modified_gmt":"2025-12-01T00:01:51","slug":"puukeris-helo-saga","status":"publish","type":"product","link":"https:\/\/koduspa.ee\/ru\/pood\/puukerised-ru\/puukeris-helo-saga\/","title":{"rendered":"PUUKERIS KASTOR SAGA"},"content":{"rendered":"<p><span style=\"color: #000000;\">Puuk\u00fcttega keris Kastor Saga pakub lainet laine j\u00e4rel k\u00f5ige <\/span><\/p>\n<p><span style=\"color: #000000;\">pehmema ja mugavama kuumuse ja auru eest. <\/span><\/p>\n<p><span style=\"color: #000000;\">Selle sepistatud terasvardad peavad kestma veatu aastaid. <\/span><\/p>\n<p><span style=\"color: #000000;\">Kastor Saga karm stiil muudab teie sauna interj\u00f6\u00f6ri keskpunktiks.<\/span><\/p>\n<p><span style=\"color: #000000;\">Muljetavaldavad soojust s\u00e4ilitavad omadused, pakub pehmet ja mugavat soojust ja auru. <\/span><\/p>\n<p><span style=\"color: #000000;\">CE-m\u00e4rgisega k\u00fctteseade. Korstnakorv on saadaval lisavarustusena.<\/span><\/p>\n<p><span style=\"color: #000000;\">Suitsutoru 115mm, Kerisekivid ei kuulu komplekti.<\/span><\/p>\n<p><span style=\"color: #000000;\">Tehnilised andmed:<\/span><\/p>\n<p><a href=\"https:\/\/cdn2.hubspot.net\/hubfs\/379485\/Tyl%C3%B6Helo%20downloads%20(product%20data)\/Helo%20manuals\/Saga%2022,%20Saga%2030.pdf\">https:\/\/cdn2.hubspot.net\/hubfs\/379485\/Tyl%C3%B6Helo%20downloads%20(product%20data)\/Helo%20manuals\/Saga%2022,%20Saga%2030.pdf<\/a><\/p>\n<p><span style=\"color: #000000;\">Garantiitingimused:<\/span><\/p>\n<p><a href=\"https:\/\/cdn2.hubspot.net\/hubfs\/379485\/Tyl%C3%B6Helo%20downloads%20(product%20data)\/Helo%20manuals\/Warranty%20policy.pdf\">https:\/\/cdn2.hubspot.net\/hubfs\/379485\/Tyl%C3%B6Helo%20downloads%20(product%20data)\/Helo%20manuals\/Warranty%20policy.pdf<\/a><\/p>\n","protected":false},"excerpt":{"rendered":"<p>Puuk\u00fcttega keris Kastor Saga pakub lainet laine j\u00e4rel k\u00f5ige pehmema ja mugavama kuumuse ja auru eest. Selle sepistatud terasvardad peavad kestma veatu aastaid. Kastor Saga karm stiil muudab teie sauna interj\u00f6\u00f6ri keskpunktiks. Muljetavaldavad soojust s\u00e4ilitavad omadused, pakub pehmet ja mugavat soojust ja auru. CE-m\u00e4rgisega k\u00fctteseade. Korstnakorv on saadaval lisavarustusena. Suitsutoru 115mm, Kerisekivid ei kuulu komplekti. [&hellip;]<\/p>\n","protected":false},"featured_media":5821,"comment_status":"open","ping_status":"closed","template":"","meta":{"_acf_changed":false,"_genesis_hide_title":false,"_genesis_hide_breadcrumbs":false,"_genesis_hide_singular_image":false,"_genesis_hide_footer_widgets":false,"_genesis_custom_body_class":"","_genesis_custom_post_class":"","_genesis_layout":""},"product_brand":[],"product_cat":[70],"product_tag":[],"class_list":{"0":"post-5820","1":"product","2":"type-product","3":"status-publish","4":"has-post-thumbnail","6":"product_cat-puukerised","7":"entry","8":"override","10":"first","11":"instock","12":"shipping-taxable","13":"purchasable","14":"product-type-variable","15":"has-default-attributes"},"acf":[],"_links":{"self":[{"href":"https:\/\/koduspa.ee\/ru\/wp-json\/wp\/v2\/product\/5820","targetHints":{"allow":["GET"]}}],"collection":[{"href":"https:\/\/koduspa.ee\/ru\/wp-json\/wp\/v2\/product"}],"about":[{"href":"https:\/\/koduspa.ee\/ru\/wp-json\/wp\/v2\/types\/product"}],"replies":[{"embeddable":true,"href":"https:\/\/koduspa.ee\/ru\/wp-json\/wp\/v2\/comments?post=5820"}],"wp:featuredmedia":[{"embeddable":true,"href":"https:\/\/koduspa.ee\/ru\/wp-json\/wp\/v2\/media\/5821"}],"wp:attachment":[{"href":"https:\/\/koduspa.ee\/ru\/wp-json\/wp\/v2\/media?parent=5820"}],"wp:term":[{"taxonomy":"product_brand","embeddable":true,"href":"https:\/\/koduspa.ee\/ru\/wp-json\/wp\/v2\/product_brand?post=5820"},{"taxonomy":"product_cat","embeddable":true,"href":"https:\/\/koduspa.ee\/ru\/wp-json\/wp\/v2\/product_cat?post=5820"},{"taxonomy":"product_tag","embeddable":true,"href":"https:\/\/koduspa.ee\/ru\/wp-json\/wp\/v2\/product_tag?post=5820"}],"curies":[{"name":"wp","href":"https:\/\/api.w.org\/{rel}","templated":true}]}}