{"id":5808,"date":"2020-04-19T14:23:28","date_gmt":"2020-04-19T14:23:28","guid":{"rendered":"http:\/\/koduspa.ee\/?post_type=product&#038;p=5808"},"modified":"2025-10-24T10:08:37","modified_gmt":"2025-10-24T10:08:37","slug":"aurugeneraator-tylo-steam-home","status":"publish","type":"product","link":"https:\/\/koduspa.ee\/ru\/pood\/aurugeneraatorid-et-ru\/aurugeneraator-tylo-steam-home\/","title":{"rendered":"AURUGENERAATOR TYL\u00d6 STEAM HOME"},"content":{"rendered":"<p><span style=\"color: #000000;\">Kompaktsel ja t\u00f5husal koduseks kasutamiseks m\u00f5eldud aurugeneraatoril<\/span><\/p>\n<p><span style=\"color: #000000;\">on mitmeid mugavaid funktsioone: ootere\u017eiim,aroomiteraapia <\/span><\/p>\n<p><span style=\"color: #000000;\">funktsioon ja parem kaitse katkestuste eest.<\/span><\/p>\n<p><span style=\"color: #000000;\">S\u00e4\u00e4stab energiat t\u00e4nu Tyl\u00f6Helo patenteeritud ootere\u017eiimi funktsioonile.<\/span><\/p>\n<p><span style=\"color: #000000;\">T\u00e4pne kvaliteedikontroll, nutikas tehnoloogia ning keskendumine <\/span><\/p>\n<p><span style=\"color: #000000;\">vee- ja energiakasutusele t\u00e4hendab keskkonnale v\u00e4hem m\u00f5ju.<\/span><\/p>\n<p><span style=\"color: #000000;\">V\u00e4hem hooldust automaatse loputusfunktsiooniga.<\/span><\/p>\n<p><span style=\"color: #000000;\">Kalibreeritud vastavalt teie piirkonna veekvaliteedile.<\/span><\/p>\n<p><span style=\"color: #000000;\">Seadet saab kohaldada erinevate v\u00f5imsustega: 3kw, 6kw ja 9kw.<\/span><\/p>\n<p><span style=\"color: #000000;\">M\u00f5\u00f5t 480x350x159, saunale 2 &#8212; 16m3.<\/span><\/p>\n<p><span style=\"color: #000000;\">Lisavarustusena saadaval:<\/span><\/p>\n<p><span style=\"color: #000000;\">&#8212; aroomipump<\/span><\/p>\n<p><span style=\"color: #000000;\">&#8212; arurd\u00fc\u00fcs erinevad (k\u00fcsi variante)<\/span><\/p>\n<p><span style=\"color: #000000;\">&#8212; aroomi kanister 20l<\/span><\/p>\n<p><span style=\"color: #000000;\">&#8212; adapter kanistrile<\/span><\/p>\n<p><span style=\"color: #000080;\">Saadaval k\u00f5ik varuosad!<\/span><\/p>\n<p><strong><span style=\"color: #000000;\">Lisana: Juhtpaneel Pure v\u00f5i Elite (wifi) ei kuulu komplekti.<\/span><\/strong><\/p>\n<p><span style=\"color: #000000;\">Tehnilised andmed:<\/span><\/p>\n<p><a href=\"https:\/\/cdn2.hubspot.net\/hubfs\/379485\/2900%204160%20Steam%20Commercial%20Home.pdf\">https:\/\/cdn2.hubspot.net\/hubfs\/379485\/2900%204160%20Steam%20Commercial%20Home.pdf<\/a><\/p>\n<p><span style=\"color: #000000;\">Garantiitingimused:<\/span><\/p>\n<p><a href=\"https:\/\/cdn2.hubspot.net\/hubfs\/379485\/Tyl%C3%B6Helo%20downloads%20(product%20data)\/Helo%20manuals\/Warranty%20policy.pdf\">https:\/\/cdn2.hubspot.net\/hubfs\/379485\/Tyl%C3%B6Helo%20downloads%20(product%20data)\/Helo%20manuals\/Warranty%20policy.pdf<\/a><\/p>\n","protected":false},"excerpt":{"rendered":"<p>Kompaktsel ja t\u00f5husal koduseks kasutamiseks m\u00f5eldud aurugeneraatoril on mitmeid mugavaid funktsioone: ootere\u017eiim,aroomiteraapia funktsioon ja parem kaitse katkestuste eest. S\u00e4\u00e4stab energiat t\u00e4nu Tyl\u00f6Helo patenteeritud ootere\u017eiimi funktsioonile. T\u00e4pne kvaliteedikontroll, nutikas tehnoloogia ning keskendumine vee- ja energiakasutusele t\u00e4hendab keskkonnale v\u00e4hem m\u00f5ju. V\u00e4hem hooldust automaatse loputusfunktsiooniga. Kalibreeritud vastavalt teie piirkonna veekvaliteedile. Seadet saab kohaldada erinevate v\u00f5imsustega: 3kw, 6kw ja [&hellip;]<\/p>\n","protected":false},"featured_media":6038,"comment_status":"open","ping_status":"closed","template":"","meta":{"_acf_changed":false,"_genesis_hide_title":false,"_genesis_hide_breadcrumbs":false,"_genesis_hide_singular_image":false,"_genesis_hide_footer_widgets":false,"_genesis_custom_body_class":"","_genesis_custom_post_class":"","_genesis_layout":""},"product_brand":[],"product_cat":[72],"product_tag":[],"class_list":{"0":"post-5808","1":"product","2":"type-product","3":"status-publish","4":"has-post-thumbnail","6":"product_cat-aurugeneraatorid-et","7":"entry","8":"override","10":"first","11":"instock","12":"shipping-taxable","13":"purchasable","14":"product-type-simple"},"acf":[],"_links":{"self":[{"href":"https:\/\/koduspa.ee\/ru\/wp-json\/wp\/v2\/product\/5808","targetHints":{"allow":["GET"]}}],"collection":[{"href":"https:\/\/koduspa.ee\/ru\/wp-json\/wp\/v2\/product"}],"about":[{"href":"https:\/\/koduspa.ee\/ru\/wp-json\/wp\/v2\/types\/product"}],"replies":[{"embeddable":true,"href":"https:\/\/koduspa.ee\/ru\/wp-json\/wp\/v2\/comments?post=5808"}],"wp:featuredmedia":[{"embeddable":true,"href":"https:\/\/koduspa.ee\/ru\/wp-json\/wp\/v2\/media\/6038"}],"wp:attachment":[{"href":"https:\/\/koduspa.ee\/ru\/wp-json\/wp\/v2\/media?parent=5808"}],"wp:term":[{"taxonomy":"product_brand","embeddable":true,"href":"https:\/\/koduspa.ee\/ru\/wp-json\/wp\/v2\/product_brand?post=5808"},{"taxonomy":"product_cat","embeddable":true,"href":"https:\/\/koduspa.ee\/ru\/wp-json\/wp\/v2\/product_cat?post=5808"},{"taxonomy":"product_tag","embeddable":true,"href":"https:\/\/koduspa.ee\/ru\/wp-json\/wp\/v2\/product_tag?post=5808"}],"curies":[{"name":"wp","href":"https:\/\/api.w.org\/{rel}","templated":true}]}}