{"id":5783,"date":"2020-04-19T13:37:00","date_gmt":"2020-04-19T13:37:00","guid":{"rendered":"http:\/\/koduspa.ee\/?post_type=product&#038;p=5783"},"modified":"2025-10-24T08:37:58","modified_gmt":"2025-10-24T08:37:58","slug":"el-keris-helo-saunatonttu","status":"publish","type":"product","link":"https:\/\/koduspa.ee\/ru\/pood\/helo-elektrikerised-ru\/el-keris-helo-saunatonttu\/","title":{"rendered":"TERMOS ELEKTRIKERIS HELO SAUNATONTTU"},"content":{"rendered":"<p><span style=\"color: #000000;\">Helo Saunatonttu keris sisaldab mitmeid patenteeritud funktsioone ja ka<\/span><\/p>\n<p><span style=\"color: #000000;\">suurep\u00e4rast Soome disaini, mille on kujundanud disainer Ristomatti Ratia.<\/span><\/p>\n<p><span style=\"color: #000000;\"> Saunatonttu v\u00e4idab \u00f5igustatult, <\/span><span style=\"color: #000000;\">et on parim <\/span><span style=\"color: #000000;\">saunakeris maailmas.<\/span><\/p>\n<p><span style=\"color: #000000;\">Saunatonttu saladus on pidevas soojapidavuses ja \u00fclisoojustatud v\u00e4liskestas.<\/span><\/p>\n<p><span style=\"color: #000000;\"> Juhtpaneel on komplektis. Termoskestaga alativalmis saun.<\/span><\/p>\n<p><span style=\"color: #000000;\">Kivide poolt kinni hoitud soojus v\u00f5imaldab Saunatonttut kasutada igal ajal<\/span><\/p>\n<p><span style=\"color: #000000;\">ilma eelkuumutamiseta. <\/span><span style=\"color: #000000;\">\u00d5rn niiske ja aurav saunaelamus, h\u00e4sti isoleeritud, <\/span><\/p>\n<p><span style=\"color: #000000;\">salvestab ooteajal toodetud soojuse.<\/span><\/p>\n<p><span style=\"color: #000000;\">Juhtpaneel kuulub komplekti (OLEA 63).<\/span><\/p>\n<p><span style=\"color: #000000;\">Kerisekivid ei kuulu komplekti.<\/span><\/p>\n<p><span style=\"color: #000000;\">Tehnilised andmed:<\/span><\/p>\n<p><a href=\"https:\/\/cdn2.hubspot.net\/hubfs\/379485\/Tyl%C3%B6Helo%20downloads%20(product%20data)\/Helo%20manuals\/Saunatonttu%20user%20manual.pdf\">https:\/\/cdn2.hubspot.net\/hubfs\/379485\/Tyl%C3%B6Helo%20downloads%20(product%20data)\/Helo%20manuals\/Saunatonttu%20user%20manual.pdf<\/a><\/p>\n<p><span style=\"color: #000000;\">Garantiitingimused:<\/span><\/p>\n<p><a href=\"https:\/\/cdn2.hubspot.net\/hubfs\/379485\/Tyl%C3%B6Helo%20downloads%20(product%20data)\/Helo%20manuals\/Warranty%20policy.pdf\">https:\/\/cdn2.hubspot.net\/hubfs\/379485\/Tyl%C3%B6Helo%20downloads%20(product%20data)\/Helo%20manuals\/Warranty%20policy.pdf<\/a><\/p>\n<p>&nbsp;<\/p>\n<p>&nbsp;<\/p>\n<p>&nbsp;<\/p>\n","protected":false},"excerpt":{"rendered":"<p>Helo Saunatonttu keris sisaldab mitmeid patenteeritud funktsioone ja ka suurep\u00e4rast Soome disaini, mille on kujundanud disainer Ristomatti Ratia. Saunatonttu v\u00e4idab \u00f5igustatult, et on parim saunakeris maailmas. Saunatonttu saladus on pidevas soojapidavuses ja \u00fclisoojustatud v\u00e4liskestas. Juhtpaneel on komplektis. Termoskestaga alativalmis saun. Kivide poolt kinni hoitud soojus v\u00f5imaldab Saunatonttut kasutada igal ajal ilma eelkuumutamiseta. \u00d5rn niiske ja [&hellip;]<\/p>\n","protected":false},"featured_media":6075,"comment_status":"open","ping_status":"closed","template":"","meta":{"_acf_changed":false,"_genesis_hide_title":false,"_genesis_hide_breadcrumbs":false,"_genesis_hide_singular_image":false,"_genesis_hide_footer_widgets":false,"_genesis_custom_body_class":"","_genesis_custom_post_class":"","_genesis_layout":""},"product_brand":[],"product_cat":[172],"product_tag":[],"class_list":{"0":"post-5783","1":"product","2":"type-product","3":"status-publish","4":"has-post-thumbnail","6":"product_cat-helo-elektrikerised","7":"entry","8":"override","10":"first","11":"instock","12":"shipping-taxable","13":"purchasable","14":"product-type-variable"},"acf":[],"_links":{"self":[{"href":"https:\/\/koduspa.ee\/ru\/wp-json\/wp\/v2\/product\/5783","targetHints":{"allow":["GET"]}}],"collection":[{"href":"https:\/\/koduspa.ee\/ru\/wp-json\/wp\/v2\/product"}],"about":[{"href":"https:\/\/koduspa.ee\/ru\/wp-json\/wp\/v2\/types\/product"}],"replies":[{"embeddable":true,"href":"https:\/\/koduspa.ee\/ru\/wp-json\/wp\/v2\/comments?post=5783"}],"wp:featuredmedia":[{"embeddable":true,"href":"https:\/\/koduspa.ee\/ru\/wp-json\/wp\/v2\/media\/6075"}],"wp:attachment":[{"href":"https:\/\/koduspa.ee\/ru\/wp-json\/wp\/v2\/media?parent=5783"}],"wp:term":[{"taxonomy":"product_brand","embeddable":true,"href":"https:\/\/koduspa.ee\/ru\/wp-json\/wp\/v2\/product_brand?post=5783"},{"taxonomy":"product_cat","embeddable":true,"href":"https:\/\/koduspa.ee\/ru\/wp-json\/wp\/v2\/product_cat?post=5783"},{"taxonomy":"product_tag","embeddable":true,"href":"https:\/\/koduspa.ee\/ru\/wp-json\/wp\/v2\/product_tag?post=5783"}],"curies":[{"name":"wp","href":"https:\/\/api.w.org\/{rel}","templated":true}]}}