{"id":5780,"date":"2020-04-19T13:33:48","date_gmt":"2020-04-19T13:33:48","guid":{"rendered":"http:\/\/koduspa.ee\/?post_type=product&#038;p=5780"},"modified":"2025-10-24T08:35:11","modified_gmt":"2025-10-24T08:35:11","slug":"el-keris-helo-rondo","status":"publish","type":"product","link":"https:\/\/koduspa.ee\/ru\/pood\/helo-elektrikerised-ru\/el-keris-helo-rondo\/","title":{"rendered":"TERMOS ELEKTRIKERIS HELO RONDO"},"content":{"rendered":"<p><span style=\"color: #000000;\">Elektriline saunakeris Rondo on m\u00f5eldud integreerimiseks igasse saunaruumi.<\/span><\/p>\n<p><span style=\"color: #000000;\">See on \u00fcks Helo Ever-Ready saunak\u00fcttekehadest,<\/span><\/p>\n<p><span style=\"color: #000000;\">mis on hetkega valmis t\u00e4nu massiivsele 90-kilosele kivimassile ja<\/span><\/p>\n<p><span style=\"color: #000000;\">\u00a0selle isolatsioonile, mis s\u00e4ilitab \u00fcletamatult efektiivse kuumuse.<\/span><\/p>\n<p><span style=\"color: #000000;\">Juhtpaneel on komplektis (RA 19). Alativalmis termokeris &#8212; eelsoojendus pole vajalik.<\/span><\/p>\n<p><span style=\"color: #000000;\">Paigutage see praktiliselt \u00fcksk\u00f5ik kuhu.<\/span><\/p>\n<p><span style=\"color: #000000;\">Kerisekivid ei kuulu komplekti.<\/span><\/p>\n<p><span style=\"color: #000000;\">Tehnilised andmed:<\/span><\/p>\n<p><a href=\"https:\/\/cdn2.hubspot.net\/hubfs\/379485\/Tyl%C3%B6Helo%20downloads%20(product%20data)\/Helo%20manuals\/Rondo.pdf\">https:\/\/cdn2.hubspot.net\/hubfs\/379485\/Tyl%C3%B6Helo%20downloads%20(product%20data)\/Helo%20manuals\/Rondo.pdf<\/a><\/p>\n<p><span style=\"color: #000000;\">Garantiitingimused:<\/span><\/p>\n<p><a href=\"https:\/\/cdn2.hubspot.net\/hubfs\/379485\/Tyl%C3%B6Helo%20downloads%20(product%20data)\/Helo%20manuals\/Warranty%20policy.pdf\">https:\/\/cdn2.hubspot.net\/hubfs\/379485\/Tyl%C3%B6Helo%20downloads%20(product%20data)\/Helo%20manuals\/Warranty%20policy.pdf<\/a><\/p>\n","protected":false},"excerpt":{"rendered":"<p>Elektriline saunakeris Rondo on m\u00f5eldud integreerimiseks igasse saunaruumi. See on \u00fcks Helo Ever-Ready saunak\u00fcttekehadest, mis on hetkega valmis t\u00e4nu massiivsele 90-kilosele kivimassile ja \u00a0selle isolatsioonile, mis s\u00e4ilitab \u00fcletamatult efektiivse kuumuse. Juhtpaneel on komplektis (RA 19). Alativalmis termokeris &#8212; eelsoojendus pole vajalik. Paigutage see praktiliselt \u00fcksk\u00f5ik kuhu. Kerisekivid ei kuulu komplekti. Tehnilised andmed: https:\/\/cdn2.hubspot.net\/hubfs\/379485\/Tyl%C3%B6Helo%20downloads%20(product%20data)\/Helo%20manuals\/Rondo.pdf Garantiitingimused: https:\/\/cdn2.hubspot.net\/hubfs\/379485\/Tyl%C3%B6Helo%20downloads%20(product%20data)\/Helo%20manuals\/Warranty%20policy.pdf<\/p>\n","protected":false},"featured_media":6761,"comment_status":"open","ping_status":"closed","template":"","meta":{"_acf_changed":false,"_genesis_hide_title":false,"_genesis_hide_breadcrumbs":false,"_genesis_hide_singular_image":false,"_genesis_hide_footer_widgets":false,"_genesis_custom_body_class":"","_genesis_custom_post_class":"","_genesis_layout":""},"product_brand":[],"product_cat":[172],"product_tag":[],"class_list":{"0":"post-5780","1":"product","2":"type-product","3":"status-publish","4":"has-post-thumbnail","6":"product_cat-helo-elektrikerised","7":"entry","8":"override","10":"first","11":"instock","12":"shipping-taxable","13":"purchasable","14":"product-type-variable"},"acf":[],"_links":{"self":[{"href":"https:\/\/koduspa.ee\/ru\/wp-json\/wp\/v2\/product\/5780","targetHints":{"allow":["GET"]}}],"collection":[{"href":"https:\/\/koduspa.ee\/ru\/wp-json\/wp\/v2\/product"}],"about":[{"href":"https:\/\/koduspa.ee\/ru\/wp-json\/wp\/v2\/types\/product"}],"replies":[{"embeddable":true,"href":"https:\/\/koduspa.ee\/ru\/wp-json\/wp\/v2\/comments?post=5780"}],"wp:featuredmedia":[{"embeddable":true,"href":"https:\/\/koduspa.ee\/ru\/wp-json\/wp\/v2\/media\/6761"}],"wp:attachment":[{"href":"https:\/\/koduspa.ee\/ru\/wp-json\/wp\/v2\/media?parent=5780"}],"wp:term":[{"taxonomy":"product_brand","embeddable":true,"href":"https:\/\/koduspa.ee\/ru\/wp-json\/wp\/v2\/product_brand?post=5780"},{"taxonomy":"product_cat","embeddable":true,"href":"https:\/\/koduspa.ee\/ru\/wp-json\/wp\/v2\/product_cat?post=5780"},{"taxonomy":"product_tag","embeddable":true,"href":"https:\/\/koduspa.ee\/ru\/wp-json\/wp\/v2\/product_tag?post=5780"}],"curies":[{"name":"wp","href":"https:\/\/api.w.org\/{rel}","templated":true}]}}