{"id":19416,"date":"2026-04-22T05:41:40","date_gmt":"2026-04-22T05:41:40","guid":{"rendered":"https:\/\/koduspa.ee\/?post_type=product&#038;p=19416"},"modified":"2026-04-22T05:50:39","modified_gmt":"2026-04-22T05:50:39","slug":"eos-i-orbiit-standardversioon-professionaalne","status":"publish","type":"product","link":"https:\/\/koduspa.ee\/ru\/pood\/eos-elektrikerised\/eos-i-orbiit-standardversioon-professionaalne\/","title":{"rendered":"EOS-i ORBIIT standardversioon \/ professionaalne"},"content":{"rendered":"<h6><span style=\"color: #000000;\">K\u00dcSI PAKKUMIST! <\/span><\/h6>\n<h6><span style=\"color: #000000;\">Saadaval 18, 21 ja 24 kW.<\/span><\/h6>\n<h6><span style=\"color: #000000;\"><span dir=\"auto\">Kvaliteetne ja esmaklassiline eraldiseisev saunakeris \u00e4risaunade\u00a0<\/span><span dir=\"auto\">jaoks<\/span><span dir=\"auto\">.<\/span><\/span><\/h6>\n<h6><span style=\"color: #000000;\"><span dir=\"auto\">Soome\u00a0<\/span><span dir=\"auto\">saunade\u00a0<\/span><span dir=\"auto\">saunakeris\u00a0ajatult klassikalises \u00fcmaras disainis. <\/span><\/span><\/h6>\n<h6><span style=\"color: #000000;\"><span dir=\"auto\">V\u00f5imsusega 18\u201324 kW sobib EOS Orbit ideaalselt 24\u201340 m\u00b3 suurustesse \u00e4risaunadesse.<\/span><\/span><\/h6>\n<h6><span dir=\"auto\" style=\"color: #000000;\">Saunakerise silmatorkavat v\u00e4limust r\u00f5hutab kvaliteetse antratsiitv\u00e4rvi p\u00e4rlmutterefektiga <\/span><\/h6>\n<h6><span dir=\"auto\" style=\"color: #000000;\">pulberv\u00e4rvi ja heledama roostevabast terasest \u00fclemise osa koosm\u00f5ju. <\/span><\/h6>\n<h6><span dir=\"auto\" style=\"color: #000000;\">T\u00e4nu atraktiivsele disainile ja peidetud kaabli\u00fchendusele alak\u00fcljel sobib <\/span><\/h6>\n<h6><span dir=\"auto\" style=\"color: #000000;\">saunakeris ideaalselt paigutamiseks klaaspindade ette ja saunakabiini keskele.<\/span><\/h6>\n<h6><span dir=\"auto\" style=\"color: #000000;\">V\u00f5imas ja vastupidav konstruktsioon optimaalse kiirgus- ja <\/span><\/h6>\n<h6><span dir=\"auto\" style=\"color: #000000;\">konvektiivsoojuse tasakaaluga tagab eriti energias\u00e4\u00e4stliku t\u00f6\u00f6. <\/span><\/h6>\n<h6><span dir=\"auto\" style=\"color: #000000;\">Lisaks avaldab EOS Orbit muljet oma pikaajalise ja pideva soojusv\u00e4ljundiga.<\/span><\/h6>\n<h6><span dir=\"auto\" style=\"color: #000000;\">Soovi korral on saadaval ka punakaspruuni pulberv\u00e4rviga &#171;Rust Marble&#187;. <\/span><\/h6>\n<h6><span dir=\"auto\" style=\"color: #000000;\">Komplektis on ahju kontaktkaitse kinnitusklamber.<\/span><\/h6>\n<h6><span dir=\"auto\" style=\"color: #000000;\">Kivikorv kuni umbes 40 kg kivide jaoks.<\/span><\/h6>\n<h6><span style=\"color: #000000;\"><span dir=\"auto\">Disaini t\u00e4iendab ideaalselt\u00a0<\/span><span dir=\"auto\">valikuline<\/span><span dir=\"auto\">\u00a0360\u00b0 v\u00f5i 270\u00b0 ahjukaitse, <\/span><\/span><\/h6>\n<h6><span style=\"color: #000000;\"><span dir=\"auto\">mis on valmistatud abachi- v\u00f5i p\u00e4hklipuust.<\/span><\/span><\/h6>\n<h6><span style=\"color: #000000;\">Tehnilised andmed:<\/span><\/h6>\n<table class=\"contenttable\" border=\"0\" cellspacing=\"0\" cellpadding=\"0\">\n<tbody>\n<tr>\n<td valign=\"top\" width=\"302\">\n<h6><span style=\"color: #000000;\"><b><span dir=\"auto\">Elektri\u00fchendus<\/span><\/b><\/span><\/h6>\n<\/td>\n<td valign=\"top\" width=\"302\">\n<h6><span dir=\"auto\" style=\"color: #000000;\">400 V 3N ~ 50 Hz<\/span><\/h6>\n<\/td>\n<\/tr>\n<tr>\n<td valign=\"top\" width=\"302\">\n<h6><span style=\"color: #000000;\"><b><span dir=\"auto\">Juhtseadme kaitse<\/span><\/b><\/span><\/h6>\n<\/td>\n<td valign=\"top\" width=\"302\">\n<h6><span dir=\"auto\" style=\"color: #000000;\">3 x 16 A<\/span><\/h6>\n<\/td>\n<\/tr>\n<tr>\n<td valign=\"top\" width=\"302\">\n<h6><span style=\"color: #000000;\"><b><span dir=\"auto\">LSG kaitse<\/span><\/b><\/span><\/h6>\n<\/td>\n<td valign=\"top\" width=\"302\">\n<h6><span dir=\"auto\" style=\"color: #000000;\">3 x 16 A \/ 3 x 35 A (21 ja 24 kW puhul)<\/span><\/h6>\n<\/td>\n<\/tr>\n<tr>\n<td valign=\"top\" width=\"302\">\n<h6><span style=\"color: #000000;\"><b><span dir=\"auto\">Seadme m\u00f5\u00f5tmed (l\u00e4bim\u00f5\u00f5t x k\u00f5rgus)<\/span><\/b><\/span><\/h6>\n<\/td>\n<td valign=\"top\" width=\"302\">\n<h6><span dir=\"auto\" style=\"color: #000000;\">65,5 x 92 cm<\/span><\/h6>\n<\/td>\n<\/tr>\n<tr>\n<td valign=\"top\" width=\"302\">\n<h6><span style=\"color: #000000;\"><b><span dir=\"auto\">Kaal ilma kivide ja pakendita<\/span><\/b><\/span><\/h6>\n<\/td>\n<td valign=\"top\" width=\"302\">\n<h6><span dir=\"auto\" style=\"color: #000000;\">~55 kg<\/span><\/h6>\n<\/td>\n<\/tr>\n<tr>\n<td valign=\"top\" width=\"302\">\n<h6><span style=\"color: #000000;\"><b><span dir=\"auto\">Kivit\u00e4idis<\/span><\/b><\/span><\/h6>\n<\/td>\n<td valign=\"top\" width=\"302\">\n<h6><span dir=\"auto\" style=\"color: #000000;\">40 kg<\/span><\/h6>\n<\/td>\n<\/tr>\n<tr>\n<td valign=\"top\" width=\"302\">\n<h6><span style=\"color: #000000;\"><b><span dir=\"auto\">Vajalik on toitel\u00fcliti<\/span><\/b><\/span><\/h6>\n<\/td>\n<td valign=\"top\" width=\"302\">\n<h6><span dir=\"auto\" style=\"color: #000000;\">PEB 10 \/ PEB 18 (21 ja 24 kW juures)<\/span><\/h6>\n<\/td>\n<\/tr>\n<\/tbody>\n<\/table>\n<table class=\"contenttable\" border=\"0\" cellspacing=\"0\" cellpadding=\"0\">\n<tbody>\n<tr>\n<td valign=\"top\" width=\"201\">\n<h6><span style=\"color: #000000;\"><span dir=\"auto\">J\u00f5udlus<\/span><\/span><\/h6>\n<\/td>\n<td valign=\"top\" width=\"201\">\n<h6><span style=\"color: #000000;\"><span dir=\"auto\">saunaruumi <\/span><\/span><\/h6>\n<h6><span style=\"color: #000000;\"><span dir=\"auto\">mahu jaoks<\/span><\/span><\/h6>\n<\/td>\n<td valign=\"top\" width=\"201\">\n<h6><span style=\"color: #000000;\"><span dir=\"auto\">Minimaalne ventilatsioonitase<\/span><\/span><\/h6>\n<\/td>\n<\/tr>\n<tr>\n<td valign=\"top\" width=\"201\">\n<h6><span dir=\"auto\" style=\"color: #000000;\">18,0 kW<\/span><\/h6>\n<\/td>\n<td valign=\"top\" width=\"201\">\n<h6><span dir=\"auto\" style=\"color: #000000;\">24\u201330 m\u00b3<\/span><\/h6>\n<\/td>\n<td valign=\"top\" width=\"201\">\n<h6><span dir=\"auto\" style=\"color: #000000;\">50 x 8 cm<\/span><\/h6>\n<\/td>\n<\/tr>\n<tr>\n<td valign=\"top\" width=\"201\">\n<h6><span dir=\"auto\" style=\"color: #000000;\">21,0 kW<\/span><\/h6>\n<\/td>\n<td valign=\"top\" width=\"201\">\n<h6><span dir=\"auto\" style=\"color: #000000;\">30\u201334 m\u00b3<\/span><\/h6>\n<\/td>\n<td valign=\"top\" width=\"201\">\n<h6><span dir=\"auto\" style=\"color: #000000;\">50 x 8 cm<\/span><\/h6>\n<\/td>\n<\/tr>\n<tr>\n<td valign=\"top\" width=\"201\">\n<h6><span dir=\"auto\" style=\"color: #000000;\">24,0 kW<\/span><\/h6>\n<\/td>\n<td valign=\"top\" width=\"201\">\n<h6><span dir=\"auto\" style=\"color: #000000;\">35\u201340 m\u00b3<\/span><\/h6>\n<\/td>\n<td valign=\"top\" width=\"201\">\n<h6><span dir=\"auto\" style=\"color: #000000;\">50 x 10 cm<\/span><\/h6>\n<\/td>\n<\/tr>\n<\/tbody>\n<\/table>\n","protected":false},"excerpt":{"rendered":"<p>K\u00dcSI PAKKUMIST! Saadaval 18, 21 ja 24 kW. Kvaliteetne ja esmaklassiline eraldiseisev saunakeris \u00e4risaunade\u00a0jaoks. Soome\u00a0saunade\u00a0saunakeris\u00a0ajatult klassikalises \u00fcmaras disainis. V\u00f5imsusega 18\u201324 kW sobib EOS Orbit ideaalselt 24\u201340 m\u00b3 suurustesse \u00e4risaunadesse. Saunakerise silmatorkavat v\u00e4limust r\u00f5hutab kvaliteetse antratsiitv\u00e4rvi p\u00e4rlmutterefektiga pulberv\u00e4rvi ja heledama roostevabast terasest \u00fclemise osa koosm\u00f5ju. T\u00e4nu atraktiivsele disainile ja peidetud kaabli\u00fchendusele alak\u00fcljel sobib saunakeris ideaalselt paigutamiseks [&hellip;]<\/p>\n","protected":false},"featured_media":19417,"comment_status":"open","ping_status":"closed","template":"","meta":{"_acf_changed":false,"_genesis_hide_title":false,"_genesis_hide_breadcrumbs":false,"_genesis_hide_singular_image":false,"_genesis_hide_footer_widgets":false,"_genesis_custom_body_class":"","_genesis_custom_post_class":"","_genesis_layout":""},"product_brand":[],"product_cat":[392],"product_tag":[],"class_list":{"0":"post-19416","1":"product","2":"type-product","3":"status-publish","4":"has-post-thumbnail","6":"product_cat-eos-elektrikerised","7":"entry","8":"override","10":"first","11":"instock","12":"shipping-taxable","13":"product-type-simple"},"acf":[],"_links":{"self":[{"href":"https:\/\/koduspa.ee\/ru\/wp-json\/wp\/v2\/product\/19416","targetHints":{"allow":["GET"]}}],"collection":[{"href":"https:\/\/koduspa.ee\/ru\/wp-json\/wp\/v2\/product"}],"about":[{"href":"https:\/\/koduspa.ee\/ru\/wp-json\/wp\/v2\/types\/product"}],"replies":[{"embeddable":true,"href":"https:\/\/koduspa.ee\/ru\/wp-json\/wp\/v2\/comments?post=19416"}],"wp:featuredmedia":[{"embeddable":true,"href":"https:\/\/koduspa.ee\/ru\/wp-json\/wp\/v2\/media\/19417"}],"wp:attachment":[{"href":"https:\/\/koduspa.ee\/ru\/wp-json\/wp\/v2\/media?parent=19416"}],"wp:term":[{"taxonomy":"product_brand","embeddable":true,"href":"https:\/\/koduspa.ee\/ru\/wp-json\/wp\/v2\/product_brand?post=19416"},{"taxonomy":"product_cat","embeddable":true,"href":"https:\/\/koduspa.ee\/ru\/wp-json\/wp\/v2\/product_cat?post=19416"},{"taxonomy":"product_tag","embeddable":true,"href":"https:\/\/koduspa.ee\/ru\/wp-json\/wp\/v2\/product_tag?post=19416"}],"curies":[{"name":"wp","href":"https:\/\/api.w.org\/{rel}","templated":true}]}}