{"id":19383,"date":"2026-04-21T11:24:47","date_gmt":"2026-04-21T11:24:47","guid":{"rendered":"https:\/\/koduspa.ee\/?post_type=product&#038;p=19383"},"modified":"2026-04-21T11:27:32","modified_gmt":"2026-04-21T11:27:32","slug":"eos-46-u-seeria-tagaseina-kerised","status":"publish","type":"product","link":"https:\/\/koduspa.ee\/ru\/pood\/eos-elektrikerised\/eos-46-u-seeria-tagaseina-kerised\/","title":{"rendered":"EOS 46.U seeria, tagaseina kerised"},"content":{"rendered":"<h6><span style=\"color: #000000;\">K\u00dcSI PAKKUMIST!<\/span><\/h6>\n<h6><span style=\"color: #000000;\">Saadaval 6 &#8212; 12 kW<\/span><\/h6>\n<h6><span style=\"color: #000000;\"><strong><span dir=\"auto\">Ruumis\u00e4\u00e4stlikud tagaseinale paigaldatavad kerised <\/span><\/strong><\/span><\/h6>\n<h6><span style=\"color: #000000;\"><strong><span dir=\"auto\">n\u00e4htamatuks paigaldamiseks vaheseina taha<\/span><\/strong><\/span><\/h6>\n<h6><span style=\"color: #000000;\"><span dir=\"auto\">EOS 46.U seeria saunakeristel<\/span><span dir=\"auto\">\u00a0on kaks peamist eelist: <\/span><\/span><\/h6>\n<h6><span style=\"color: #000000;\"><span dir=\"auto\">need paigaldatakse n\u00e4htamatult vaheseina taha, <\/span><\/span><\/h6>\n<h6><span style=\"color: #000000;\"><span dir=\"auto\">mille vahe on vaid 22 cm, s\u00e4\u00e4stes seel\u00e4bi saunaruumis v\u00e4\u00e4rtuslikku ruumi. <\/span><\/span><\/h6>\n<h6><span style=\"color: #000000;\"><span dir=\"auto\">See annab\u00a0<\/span><span dir=\"auto\">rohkem ruumi<\/span><span dir=\"auto\">\u00a0saunapinkidele. <\/span><\/span><\/h6>\n<h6><span style=\"color: #000000;\"><span dir=\"auto\">Vaid 20 cm s\u00fcgavusega on EOS 46.U kerised turul k\u00f5ige lamedamad.<\/span><\/span><\/h6>\n<h6><span style=\"color: #000000;\"><span dir=\"auto\">Samal ajal pakub see disain teile\u00a0<\/span><span dir=\"auto\">eriti k\u00f5rget ohutustaset<\/span><span dir=\"auto\">\u00a0\u2013 <\/span><\/span><\/h6>\n<h6><span style=\"color: #000000;\"><span dir=\"auto\">saunakerist puudutamise ohtu pole. <\/span><\/span><\/h6>\n<h6><span style=\"color: #000000;\"><span dir=\"auto\">Kerise kohale vaheseina \u00fclaserva paigaldatud turvav\u00f5re hoiab t\u00f5husalt \u00e4ra<\/span><\/span><\/h6>\n<h6><span style=\"color: #000000;\"><span dir=\"auto\"> esemete kogemata kerisele kukkumise.<\/span><\/span><\/h6>\n<h6><span style=\"color: #000000;\"><span dir=\"auto\">Loomulikult ei pea te loobuma traditsioonilisest\u00a0<\/span><span dir=\"auto\">saunainfusioonist<\/span><span dir=\"auto\">\u00a0. <\/span><\/span><\/h6>\n<h6><span style=\"color: #000000;\"><span dir=\"auto\">Infusioonilehter ja voolik on komplektis kaasas. <\/span><\/span><\/h6>\n<h6><span style=\"color: #000000;\"><span dir=\"auto\">T\u00e4nu spetsiaalsele kanalile jaotub vesi kogu infusiooni laiusele.<\/span><\/span><\/h6>\n<h6><span dir=\"auto\" style=\"color: #000000;\">EOS 46.U seeria sobib nii era- kui ka \u00e4riliseks kasutamiseks. <\/span><\/h6>\n<h6><span dir=\"auto\" style=\"color: #000000;\">See on v\u00e4ga vastupidav ja vastupidav. <\/span><\/h6>\n<h6><span dir=\"auto\" style=\"color: #000000;\">Sise- ja v\u00e4liskorpus on valmistatud t\u00e4ielikult roostevabast terasest. <\/span><\/h6>\n<h6><span dir=\"auto\" style=\"color: #000000;\">Alusplaadil on tilgaalus. Kivikorvil on valamiskanal, <\/span><\/h6>\n<h6><span dir=\"auto\" style=\"color: #000000;\">mis ulatub \u00fcle kogu kerise laiuse. <\/span><\/h6>\n<h6><span dir=\"auto\" style=\"color: #000000;\">Kaitsekate ja valamiskomplekt on komplektis.<\/span><\/h6>\n<h6><span style=\"color: #000000;\"><span dir=\"auto\">Bi\u00a0\u00a0<\/span><strong><span dir=\"auto\">&#8212;<\/span><\/strong><span dir=\"auto\">O<\/span><span dir=\"auto\"> \u00a0variant on lisaks varustatud integreeritud aurutiga <\/span><\/span><\/h6>\n<h6><span style=\"color: #000000;\"><span dir=\"auto\">paindliku kliimaseadme tagamiseks. <\/span><\/span><\/h6>\n<h6><span style=\"color: #000000;\"><span dir=\"auto\">K\u00e4sitsi t\u00e4itmine (umbes 5 liitrit). Integreeritud kuivk\u00e4igukaitse ja <\/span><\/span><\/h6>\n<h6><span style=\"color: #000000;\"><span dir=\"auto\">akustiline madala veetaseme alarm.<\/span><\/span><\/h6>\n","protected":false},"excerpt":{"rendered":"<p>K\u00dcSI PAKKUMIST! Saadaval 6 &#8212; 12 kW Ruumis\u00e4\u00e4stlikud tagaseinale paigaldatavad kerised n\u00e4htamatuks paigaldamiseks vaheseina taha EOS 46.U seeria saunakeristel\u00a0on kaks peamist eelist: need paigaldatakse n\u00e4htamatult vaheseina taha, mille vahe on vaid 22 cm, s\u00e4\u00e4stes seel\u00e4bi saunaruumis v\u00e4\u00e4rtuslikku ruumi. See annab\u00a0rohkem ruumi\u00a0saunapinkidele. Vaid 20 cm s\u00fcgavusega on EOS 46.U kerised turul k\u00f5ige lamedamad. Samal ajal pakub [&hellip;]<\/p>\n","protected":false},"featured_media":19384,"comment_status":"open","ping_status":"closed","template":"","meta":{"_acf_changed":false,"_genesis_hide_title":false,"_genesis_hide_breadcrumbs":false,"_genesis_hide_singular_image":false,"_genesis_hide_footer_widgets":false,"_genesis_custom_body_class":"","_genesis_custom_post_class":"","_genesis_layout":""},"product_brand":[],"product_cat":[392],"product_tag":[],"class_list":{"0":"post-19383","1":"product","2":"type-product","3":"status-publish","4":"has-post-thumbnail","6":"product_cat-eos-elektrikerised","7":"entry","8":"override","10":"first","11":"instock","12":"shipping-taxable","13":"product-type-simple"},"acf":[],"_links":{"self":[{"href":"https:\/\/koduspa.ee\/ru\/wp-json\/wp\/v2\/product\/19383","targetHints":{"allow":["GET"]}}],"collection":[{"href":"https:\/\/koduspa.ee\/ru\/wp-json\/wp\/v2\/product"}],"about":[{"href":"https:\/\/koduspa.ee\/ru\/wp-json\/wp\/v2\/types\/product"}],"replies":[{"embeddable":true,"href":"https:\/\/koduspa.ee\/ru\/wp-json\/wp\/v2\/comments?post=19383"}],"wp:featuredmedia":[{"embeddable":true,"href":"https:\/\/koduspa.ee\/ru\/wp-json\/wp\/v2\/media\/19384"}],"wp:attachment":[{"href":"https:\/\/koduspa.ee\/ru\/wp-json\/wp\/v2\/media?parent=19383"}],"wp:term":[{"taxonomy":"product_brand","embeddable":true,"href":"https:\/\/koduspa.ee\/ru\/wp-json\/wp\/v2\/product_brand?post=19383"},{"taxonomy":"product_cat","embeddable":true,"href":"https:\/\/koduspa.ee\/ru\/wp-json\/wp\/v2\/product_cat?post=19383"},{"taxonomy":"product_tag","embeddable":true,"href":"https:\/\/koduspa.ee\/ru\/wp-json\/wp\/v2\/product_tag?post=19383"}],"curies":[{"name":"wp","href":"https:\/\/api.w.org\/{rel}","templated":true}]}}