{"id":19070,"date":"2026-03-11T08:52:52","date_gmt":"2026-03-11T08:52:52","guid":{"rendered":"https:\/\/koduspa.ee\/?post_type=product&#038;p=19070"},"modified":"2026-03-11T08:53:08","modified_gmt":"2026-03-11T08:53:08","slug":"roostevabast-terasest-kulmavee-vann-uhele","status":"publish","type":"product","link":"https:\/\/koduspa.ee\/ru\/pood\/baltresto-kumblustunnid\/roostevabast-terasest-kulmavee-vann-uhele\/","title":{"rendered":"ROOSTEVABAST TERASEST K\u00dcLMAVEE VANN \u00dcHELE"},"content":{"rendered":"<h6><span style=\"color: #000000;\">Tootmisaeg on umbes 4-5 n\u00e4dalat<\/span><\/h6>\n<h6><span style=\"color: #000000;\">Roostevabast terasest k\u00fclmavann \u00fchele inimesele<\/span><\/h6>\n<h6><span style=\"color: #000000;\"> maksimaalse terviseh\u00fcve saavutamiseks. <\/span><\/h6>\n<h6><span style=\"color: #000000;\">Lisage jahuti, kate, trepp ja muud tarvikud (ei kuulu komplekti). <\/span><\/h6>\n<h6><span style=\"color: #000000;\">Roostevabast terasest siset\u00fcki ja termopuidust \u00e4\u00e4risega <\/span><\/h6>\n<h6><span style=\"color: #000000;\">k\u00fclmavann pakub hubast ja maal\u00e4hedast tunnet,<\/span><\/h6>\n<h6><span style=\"color: #000000;\">mis on loodud \u00fchele kasutajale. <\/span><\/h6>\n<h6><span style=\"color: #000000;\">Kompaktse 86 cm l\u00e4bim\u00f5\u00f5du ja 105 cm k\u00f5rgusega <\/span><\/h6>\n<h6><span style=\"color: #000000;\">sobib see sujuvalt igasse ruumi, <\/span><\/h6>\n<h6><span style=\"color: #000000;\">pakkudes samal ajal piisavalt ruumi noorendavaks sukeldumiseks.<\/span><\/h6>\n<h6><span style=\"color: #000000;\"> 400-liitrine roostevabast terasest paak tagab erakordse vastupidavuse ja j\u00f5udluse, <\/span><\/h6>\n<h6><span style=\"color: #000000;\">mida t\u00e4iendab elegantne 18 mm termopuidust v\u00e4lispind <\/span><\/h6>\n<h6><span style=\"color: #000000;\">loomuliku ja peene ilme saavutamiseks.<\/span><\/h6>\n<h6><span style=\"color: #000000;\">T\u00f5stke oma rutiini k\u00f5rgemale tasemele valikulise v\u00e4lise elektrilise jahutiga, <\/span><\/h6>\n<h6><span style=\"color: #000000;\">mis on loodud pakkuma ergutavat k\u00fclmateraapiat taastumiseks ja eluj\u00f5u taastamiseks. <\/span><\/h6>\n<h6><span style=\"color: #000000;\">Lisapaindlikkuse tagamiseks saab jahutit kasutada ka k\u00fcttekehana, <\/span><\/h6>\n<h6><span style=\"color: #000000;\">pakkudes vajadusel rahustavat soojust.<\/span><\/h6>\n<h6><span style=\"color: #000000;\">P\u00f5hikomplekt sisaldab:<\/span><\/h6>\n<h6><span style=\"color: #000000;\">Roostevabast terasest vann, mis on kaetud termopuiduga<\/span><br \/>\n<span style=\"color: #000000;\">2 roostevabast terasest r\u00f5ngast<\/span><br \/>\n<span style=\"color: #000000;\">Termopuidust pink<\/span><br \/>\n<span style=\"color: #000000;\">\u00c4ravool<\/span><br \/>\n<span style=\"color: #000000;\">Dekoratiivne \u00fclemine \u00e4\u00e4ris <\/span><\/h6>\n<h6><span style=\"color: #000000;\">TOOTJA: <\/span><\/h6>\n<h6><span style=\"color: #000000;\">BALTRESTO PRODUCTION O\u00dc <\/span><\/h6>\n<h6><span style=\"color: #000000;\">EESTI<\/span><\/h6>\n","protected":false},"excerpt":{"rendered":"<p>Tootmisaeg on umbes 4-5 n\u00e4dalat Roostevabast terasest k\u00fclmavann \u00fchele inimesele maksimaalse terviseh\u00fcve saavutamiseks. Lisage jahuti, kate, trepp ja muud tarvikud (ei kuulu komplekti). Roostevabast terasest siset\u00fcki ja termopuidust \u00e4\u00e4risega k\u00fclmavann pakub hubast ja maal\u00e4hedast tunnet, mis on loodud \u00fchele kasutajale. Kompaktse 86 cm l\u00e4bim\u00f5\u00f5du ja 105 cm k\u00f5rgusega sobib see sujuvalt igasse ruumi, pakkudes samal [&hellip;]<\/p>\n","protected":false},"featured_media":19071,"comment_status":"open","ping_status":"closed","template":"","meta":{"_acf_changed":false,"_genesis_hide_title":false,"_genesis_hide_breadcrumbs":false,"_genesis_hide_singular_image":false,"_genesis_hide_footer_widgets":false,"_genesis_custom_body_class":"","_genesis_custom_post_class":"","_genesis_layout":""},"product_brand":[],"product_cat":[418],"product_tag":[],"class_list":{"0":"post-19070","1":"product","2":"type-product","3":"status-publish","4":"has-post-thumbnail","6":"product_cat-baltresto-kumblustunnid","7":"entry","8":"override","10":"first","11":"instock","12":"shipping-taxable","13":"purchasable","14":"product-type-simple"},"acf":[],"_links":{"self":[{"href":"https:\/\/koduspa.ee\/ru\/wp-json\/wp\/v2\/product\/19070","targetHints":{"allow":["GET"]}}],"collection":[{"href":"https:\/\/koduspa.ee\/ru\/wp-json\/wp\/v2\/product"}],"about":[{"href":"https:\/\/koduspa.ee\/ru\/wp-json\/wp\/v2\/types\/product"}],"replies":[{"embeddable":true,"href":"https:\/\/koduspa.ee\/ru\/wp-json\/wp\/v2\/comments?post=19070"}],"wp:featuredmedia":[{"embeddable":true,"href":"https:\/\/koduspa.ee\/ru\/wp-json\/wp\/v2\/media\/19071"}],"wp:attachment":[{"href":"https:\/\/koduspa.ee\/ru\/wp-json\/wp\/v2\/media?parent=19070"}],"wp:term":[{"taxonomy":"product_brand","embeddable":true,"href":"https:\/\/koduspa.ee\/ru\/wp-json\/wp\/v2\/product_brand?post=19070"},{"taxonomy":"product_cat","embeddable":true,"href":"https:\/\/koduspa.ee\/ru\/wp-json\/wp\/v2\/product_cat?post=19070"},{"taxonomy":"product_tag","embeddable":true,"href":"https:\/\/koduspa.ee\/ru\/wp-json\/wp\/v2\/product_tag?post=19070"}],"curies":[{"name":"wp","href":"https:\/\/api.w.org\/{rel}","templated":true}]}}