{"id":19061,"date":"2026-03-11T08:37:40","date_gmt":"2026-03-11T08:37:40","guid":{"rendered":"https:\/\/koduspa.ee\/?post_type=product&#038;p=19061"},"modified":"2026-03-11T08:37:40","modified_gmt":"2026-03-11T08:37:40","slug":"jahuti-kulmavee-vannile","status":"publish","type":"product","link":"https:\/\/koduspa.ee\/ru\/pood\/kumblustunni-lisatarvikud\/jahuti-kulmavee-vannile\/","title":{"rendered":"JAHUTI K\u00dcLMAVEE VANNILE"},"content":{"rendered":"<h6><span style=\"color: #000000;\">Spawer Ice Spa 7kW on varustatud t\u00e4iustatud EVI-tehnoloogiaga, <\/span><\/h6>\n<h6><span style=\"color: #000000;\">mis t\u00f6\u00f6tab t\u00f5husalt kuni -25 \u00b0C-ni,<\/span><\/h6>\n<h6><span style=\"color: #000000;\"> tarbides samal ajal 75% v\u00e4hem energiat kui traditsioonilised k\u00fctteseadmed. <\/span><\/h6>\n<h6><span style=\"color: #000000;\">Selle p\u00f6\u00f6ratav re\u017eiim pakub talvel k\u00fctmist ja suvel jahutamist, <\/span><\/h6>\n<h6><span style=\"color: #000000;\">luues aastaringse lahenduse, mis v\u00e4listab vee raiskamise. <\/span><\/h6>\n<h6><span style=\"color: #000000;\">Integreeritud WiFi-juhtimine v\u00f5imaldab temperatuuri kaugjuhtimisega<\/span><\/h6>\n<h6><span style=\"color: #000000;\"> reguleerida ja t\u00f6\u00f6graafikut nutitelefoni rakenduse kaudu.<\/span><\/h6>\n<h6><span style=\"color: #000000;\">Plug &amp; Play s\u00fcsteem ei vaja professionaalset paigaldust ega spetsiaalseid t\u00f6\u00f6riistu <\/span><\/h6>\n<h6><span style=\"color: #000000;\">ning sobib k\u00f5ikidele spaat\u00fc\u00fcpidele kuni 1,5 m\u00b3. V<\/span><\/h6>\n<h6><span style=\"color: #000000;\">aikse 28 dB t\u00f6\u00f6, korrosioonikindla titaanist soojusvaheti ja <\/span><\/h6>\n<h6><span style=\"color: #000000;\">kompaktse disainiga pakub see erakordset j\u00f5udlust ja <\/span><\/h6>\n<h6><span style=\"color: #000000;\">mugavust igasugustes ilmastikutingimustes.<\/span><\/h6>\n<h6><span style=\"color: #000000;\">Toiteallikas 220-240 V; 50 Hz<\/span><br \/>\n<span style=\"color: #000000;\">Sisendv\u00f5imsus 1700 W<\/span><br \/>\n<span style=\"color: #000000;\">T\u00f6\u00f6temperatuuri vahemik -25\u00b0C\/43\u00b0C<\/span><br \/>\n<span style=\"color: #000000;\">Kompressori t\u00fc\u00fcp: rootor<\/span><br \/>\n<span style=\"color: #000000;\">V\u00f5imsus 7kW<\/span><br \/>\n<span style=\"color: #000000;\">K\u00fclmaaine R32 \/ 0,65kg<\/span><br \/>\n<span style=\"color: #000000;\">Vee temperatuur 4-40 \u00b0C, reguleeritav<\/span><br \/>\n<span style=\"color: #000000;\">H\u00fcdraulilised \u00fchendused 32 \/ 38mm<\/span><\/h6>\n<h6><span style=\"color: #000000;\">\u2705 Energias\u00e4\u00e4st<\/span><br \/>\n<span style=\"color: #000000;\">Toote m\u00f5\u00f5tmed (mm): 710x490x500<\/span><br \/>\n<span style=\"color: #000000;\">Neto-\/brutokaal (kg): 43\/46<\/span><br \/>\n<span style=\"color: #000000;\">Spawer IceSpa 7kW (jahutus + k\u00fcte)<\/span><br \/>\n<span style=\"color: #000000;\">J\u00e4\u00e4vannjahuti<\/span><br \/>\n<span style=\"color: #000000;\">\u2705 K\u00fctmine ja jahutamine<\/span><br \/>\n<span style=\"color: #000000;\">\u2705 WiFi-\u00fchendus<\/span><br \/>\n<span style=\"color: #000000;\">\u2705 \u00c4\u00e4rmuslikud tingimused (-25 \u00b0C)<\/span><br \/>\n<span style=\"color: #000000;\">\u2705 \u00dclivaikne<\/span><\/h6>\n","protected":false},"excerpt":{"rendered":"<p>Spawer Ice Spa 7kW on varustatud t\u00e4iustatud EVI-tehnoloogiaga, mis t\u00f6\u00f6tab t\u00f5husalt kuni -25 \u00b0C-ni, tarbides samal ajal 75% v\u00e4hem energiat kui traditsioonilised k\u00fctteseadmed. Selle p\u00f6\u00f6ratav re\u017eiim pakub talvel k\u00fctmist ja suvel jahutamist, luues aastaringse lahenduse, mis v\u00e4listab vee raiskamise. Integreeritud WiFi-juhtimine v\u00f5imaldab temperatuuri kaugjuhtimisega reguleerida ja t\u00f6\u00f6graafikut nutitelefoni rakenduse kaudu. Plug &amp; Play s\u00fcsteem ei [&hellip;]<\/p>\n","protected":false},"featured_media":19062,"comment_status":"open","ping_status":"closed","template":"","meta":{"_acf_changed":false,"_genesis_hide_title":false,"_genesis_hide_breadcrumbs":false,"_genesis_hide_singular_image":false,"_genesis_hide_footer_widgets":false,"_genesis_custom_body_class":"","_genesis_custom_post_class":"","_genesis_layout":""},"product_brand":[],"product_cat":[421],"product_tag":[],"class_list":{"0":"post-19061","1":"product","2":"type-product","3":"status-publish","4":"has-post-thumbnail","6":"product_cat-kumblustunni-lisatarvikud","7":"entry","8":"override","10":"first","11":"instock","12":"shipping-taxable","13":"purchasable","14":"product-type-simple"},"acf":[],"_links":{"self":[{"href":"https:\/\/koduspa.ee\/ru\/wp-json\/wp\/v2\/product\/19061","targetHints":{"allow":["GET"]}}],"collection":[{"href":"https:\/\/koduspa.ee\/ru\/wp-json\/wp\/v2\/product"}],"about":[{"href":"https:\/\/koduspa.ee\/ru\/wp-json\/wp\/v2\/types\/product"}],"replies":[{"embeddable":true,"href":"https:\/\/koduspa.ee\/ru\/wp-json\/wp\/v2\/comments?post=19061"}],"wp:featuredmedia":[{"embeddable":true,"href":"https:\/\/koduspa.ee\/ru\/wp-json\/wp\/v2\/media\/19062"}],"wp:attachment":[{"href":"https:\/\/koduspa.ee\/ru\/wp-json\/wp\/v2\/media?parent=19061"}],"wp:term":[{"taxonomy":"product_brand","embeddable":true,"href":"https:\/\/koduspa.ee\/ru\/wp-json\/wp\/v2\/product_brand?post=19061"},{"taxonomy":"product_cat","embeddable":true,"href":"https:\/\/koduspa.ee\/ru\/wp-json\/wp\/v2\/product_cat?post=19061"},{"taxonomy":"product_tag","embeddable":true,"href":"https:\/\/koduspa.ee\/ru\/wp-json\/wp\/v2\/product_tag?post=19061"}],"curies":[{"name":"wp","href":"https:\/\/api.w.org\/{rel}","templated":true}]}}