{"id":18937,"date":"2026-03-02T08:50:11","date_gmt":"2026-03-02T08:50:11","guid":{"rendered":"https:\/\/koduspa.ee\/?post_type=product&#038;p=18937"},"modified":"2026-03-11T09:19:49","modified_gmt":"2026-03-11T09:19:49","slug":"filter","status":"publish","type":"product","link":"https:\/\/koduspa.ee\/ru\/pood\/baltresto-kumblustunni-lisatarvikud\/filter\/","title":{"rendered":"FILTER"},"content":{"rendered":"<h6><span style=\"color: #000000;\">See filter puhastab vett ja eemaldab veest aineid ja rasvu<\/span><\/h6>\n<h6><span style=\"color: #000000;\"> absoluutselt minimaalse keemiliste lisandite hulgaga.<\/span><\/h6>\n<h6><span style=\"color: #000000;\">P\u00f5hikomplekt sisaldab:\u00a0<\/span><br \/>\n<span style=\"color: #000000;\">Filter<\/span><br \/>\n<span style=\"color: #000000;\">Pol\u00fcet\u00fcleenist filtreerimispallid<\/span><br \/>\n<span style=\"color: #000000;\">Voolik &#8212; 2 m<\/span><br \/>\n<span style=\"color: #000000;\">\u00c4\u00e4rikud &#8212; 2 komplekti<\/span><br \/>\n<span style=\"color: #000000;\">Klambrid &#8212; 4 tk<\/span><br \/>\n<span style=\"color: #000000;\">Pistikud &#8212; 2 tk<\/span><\/h6>\n","protected":false},"excerpt":{"rendered":"<p>See filter puhastab vett ja eemaldab veest aineid ja rasvu absoluutselt minimaalse keemiliste lisandite hulgaga. P\u00f5hikomplekt sisaldab:\u00a0 Filter Pol\u00fcet\u00fcleenist filtreerimispallid Voolik &#8212; 2 m \u00c4\u00e4rikud &#8212; 2 komplekti Klambrid &#8212; 4 tk Pistikud &#8212; 2 tk<\/p>\n","protected":false},"featured_media":18938,"comment_status":"open","ping_status":"closed","template":"","meta":{"_acf_changed":false,"_genesis_hide_title":false,"_genesis_hide_breadcrumbs":false,"_genesis_hide_singular_image":false,"_genesis_hide_footer_widgets":false,"_genesis_custom_body_class":"","_genesis_custom_post_class":"","_genesis_layout":""},"product_brand":[],"product_cat":[421],"product_tag":[],"class_list":{"0":"post-18937","1":"product","2":"type-product","3":"status-publish","4":"has-post-thumbnail","6":"product_cat-baltresto-kumblustunni-lisatarvikud","7":"entry","8":"override","10":"first","11":"instock","12":"shipping-taxable","13":"purchasable","14":"product-type-simple"},"acf":[],"_links":{"self":[{"href":"https:\/\/koduspa.ee\/ru\/wp-json\/wp\/v2\/product\/18937","targetHints":{"allow":["GET"]}}],"collection":[{"href":"https:\/\/koduspa.ee\/ru\/wp-json\/wp\/v2\/product"}],"about":[{"href":"https:\/\/koduspa.ee\/ru\/wp-json\/wp\/v2\/types\/product"}],"replies":[{"embeddable":true,"href":"https:\/\/koduspa.ee\/ru\/wp-json\/wp\/v2\/comments?post=18937"}],"wp:featuredmedia":[{"embeddable":true,"href":"https:\/\/koduspa.ee\/ru\/wp-json\/wp\/v2\/media\/18938"}],"wp:attachment":[{"href":"https:\/\/koduspa.ee\/ru\/wp-json\/wp\/v2\/media?parent=18937"}],"wp:term":[{"taxonomy":"product_brand","embeddable":true,"href":"https:\/\/koduspa.ee\/ru\/wp-json\/wp\/v2\/product_brand?post=18937"},{"taxonomy":"product_cat","embeddable":true,"href":"https:\/\/koduspa.ee\/ru\/wp-json\/wp\/v2\/product_cat?post=18937"},{"taxonomy":"product_tag","embeddable":true,"href":"https:\/\/koduspa.ee\/ru\/wp-json\/wp\/v2\/product_tag?post=18937"}],"curies":[{"name":"wp","href":"https:\/\/api.w.org\/{rel}","templated":true}]}}