{"id":18903,"date":"2026-03-02T08:14:36","date_gmt":"2026-03-02T08:14:36","guid":{"rendered":"https:\/\/koduspa.ee\/?post_type=product&#038;p=18903"},"modified":"2026-03-02T08:15:44","modified_gmt":"2026-03-02T08:15:44","slug":"klaaskiust-puukuttega-kumblustunn-octa-5-7-inimesele","status":"publish","type":"product","link":"https:\/\/koduspa.ee\/ru\/pood\/baltresto-kumblustunnid\/klaaskiust-puukuttega-kumblustunn-octa-5-7-inimesele\/","title":{"rendered":"KLAASKIUST PUUK\u00dcTTEGA K\u00dcMBLUST\u00dcNN OCTA 5-7 inimesele"},"content":{"rendered":"<h6><span style=\"color: #000000;\">Tootmisaeg on umbes 4-5 n\u00e4dalat<\/span><\/h6>\n<h6><span style=\"color: #000000;\">Klaaskiust puuk\u00fcttega mullivann Octa 5-7 inimesele. <\/span><\/h6>\n<h6><span style=\"color: #000000;\">Vastupidav, kiiresti soojenev, v\u00e4hese hooldusega ning<\/span><\/h6>\n<h6><span style=\"color: #000000;\"> ideaalne \u00f5ueaedadesse ja perepuhkuseks.<\/span><\/h6>\n<h6><span style=\"color: #000000;\">Mudel Octa 1,8 x 1,8<\/span><br \/>\n<span style=\"color: #000000;\">Mahutavus 6 inimest<\/span><br \/>\n<span style=\"color: #000000;\">Maht 1200 l<\/span><br \/>\n<span style=\"color: #000000;\">Kaal 180 kg<\/span><br \/>\n<span style=\"color: #000000;\">K\u00f5rgus 1,1 m<\/span><br \/>\n<span style=\"color: #000000;\">S\u00fcgavus 0,96 m<\/span><br \/>\n<span style=\"color: #000000;\">Istmete k\u00f5rgus 274 mm<\/span><br \/>\n<span style=\"color: #000000;\">Istmete laius 341 mm<\/span><br \/>\n<span style=\"color: #000000;\">Termopuidu v\u00e4lispaksus 18 mm<\/span><br \/>\n<span style=\"color: #000000;\">Klaaskiu paksus 5 mm<\/span><br \/>\n<span style=\"color: #000000;\">Veekindel vineerp\u00f5rand 9 mm <\/span><\/h6>\n<h6><span style=\"color: #000000;\">V\u00e4rvivalik: must, hall sinine, t\u00fcrkiis, bee\u017e<\/span><\/h6>\n<h6><span style=\"color: #000000;\">P\u00f5hikomplekt sisaldab:<\/span><\/h6>\n<h6><span style=\"color: #000000;\">Klaaskiust vann, mis on kaetud 18 mm termopuiduga<\/span><br \/>\n<span style=\"color: #000000;\">4 peatoed<\/span><br \/>\n<span style=\"color: #000000;\">Veekindel vineerp\u00f5rand<\/span><br \/>\n<span style=\"color: #000000;\">\u00c4ravool<\/span><\/h6>\n<h6><span style=\"color: #000000;\">NB!See variant ei sisalda ahju, torusid ega liitmikke \u00fchenduskohtade jaoks. <\/span><\/h6>\n<h6><span style=\"color: #000000;\">Mullivannil puudub pliidi\u00fchenduse ettevalmistus (puuduvad augud).<\/span><\/h6>\n<h6><span style=\"color: #000000;\">TOOTAJ: <\/span><\/h6>\n<h6><span style=\"color: #000000;\">BALTRESTO PRODUCTION O\u00dc<\/span><\/h6>\n<h6><span style=\"color: #000000;\">EESTI<\/span><\/h6>\n<p>&nbsp;<\/p>\n<p>&nbsp;<\/p>\n","protected":false},"excerpt":{"rendered":"<p>Tootmisaeg on umbes 4-5 n\u00e4dalat Klaaskiust puuk\u00fcttega mullivann Octa 5-7 inimesele. Vastupidav, kiiresti soojenev, v\u00e4hese hooldusega ning ideaalne \u00f5ueaedadesse ja perepuhkuseks. Mudel Octa 1,8 x 1,8 Mahutavus 6 inimest Maht 1200 l Kaal 180 kg K\u00f5rgus 1,1 m S\u00fcgavus 0,96 m Istmete k\u00f5rgus 274 mm Istmete laius 341 mm Termopuidu v\u00e4lispaksus 18 mm Klaaskiu paksus [&hellip;]<\/p>\n","protected":false},"featured_media":18904,"comment_status":"open","ping_status":"closed","template":"","meta":{"_acf_changed":false,"_genesis_hide_title":false,"_genesis_hide_breadcrumbs":false,"_genesis_hide_singular_image":false,"_genesis_hide_footer_widgets":false,"_genesis_custom_body_class":"","_genesis_custom_post_class":"","_genesis_layout":""},"product_brand":[],"product_cat":[418],"product_tag":[],"class_list":{"0":"post-18903","1":"product","2":"type-product","3":"status-publish","4":"has-post-thumbnail","6":"product_cat-baltresto-kumblustunnid","7":"entry","8":"override","10":"first","11":"instock","12":"shipping-taxable","13":"purchasable","14":"product-type-simple"},"acf":[],"_links":{"self":[{"href":"https:\/\/koduspa.ee\/ru\/wp-json\/wp\/v2\/product\/18903","targetHints":{"allow":["GET"]}}],"collection":[{"href":"https:\/\/koduspa.ee\/ru\/wp-json\/wp\/v2\/product"}],"about":[{"href":"https:\/\/koduspa.ee\/ru\/wp-json\/wp\/v2\/types\/product"}],"replies":[{"embeddable":true,"href":"https:\/\/koduspa.ee\/ru\/wp-json\/wp\/v2\/comments?post=18903"}],"wp:featuredmedia":[{"embeddable":true,"href":"https:\/\/koduspa.ee\/ru\/wp-json\/wp\/v2\/media\/18904"}],"wp:attachment":[{"href":"https:\/\/koduspa.ee\/ru\/wp-json\/wp\/v2\/media?parent=18903"}],"wp:term":[{"taxonomy":"product_brand","embeddable":true,"href":"https:\/\/koduspa.ee\/ru\/wp-json\/wp\/v2\/product_brand?post=18903"},{"taxonomy":"product_cat","embeddable":true,"href":"https:\/\/koduspa.ee\/ru\/wp-json\/wp\/v2\/product_cat?post=18903"},{"taxonomy":"product_tag","embeddable":true,"href":"https:\/\/koduspa.ee\/ru\/wp-json\/wp\/v2\/product_tag?post=18903"}],"curies":[{"name":"wp","href":"https:\/\/api.w.org\/{rel}","templated":true}]}}