{"id":18895,"date":"2026-03-02T07:58:07","date_gmt":"2026-03-02T07:58:07","guid":{"rendered":"https:\/\/koduspa.ee\/?post_type=product&#038;p=18895"},"modified":"2026-03-02T08:03:38","modified_gmt":"2026-03-02T08:03:38","slug":"klaaskiust-puukuttega-umar-mullivann-5-inimesele","status":"publish","type":"product","link":"https:\/\/koduspa.ee\/ru\/pood\/baltresto-kumblustunnid\/klaaskiust-puukuttega-umar-mullivann-5-inimesele\/","title":{"rendered":"KLAASKIUST PUUK\u00dcTTEGA \u00dcMAR MULLIVANN 5 inimesele"},"content":{"rendered":"<h6><span style=\"color: #000000;\">Tootmisaeg on umbes 4-5 n\u00e4dalat<\/span><\/h6>\n<h6><span style=\"color: #000000;\">Klaaskiust puuk\u00fcttega \u00fcmmargune v\u00e4lik\u00fcmblust\u00fcnn 5 inimesele. <\/span><\/h6>\n<h6><span style=\"color: #000000;\">Vastupidav, v\u00e4he hooldust vajav, <\/span><\/h6>\n<h6><span style=\"color: #000000;\">integreeritud ahjuga ja sujuva ergonoomilise disainiga <\/span><\/h6>\n<h6><span style=\"color: #000000;\">kiireks kuumutamiseks.<\/span><\/h6>\n<h6><span style=\"color: #000000;\">Mudel \u00dcmmargune \u00d82.0 integreeritud ahjuga<\/span><br \/>\n<span style=\"color: #000000;\">Mahutavus 4-6 inimest<\/span><br \/>\n<span style=\"color: #000000;\">Maht 1100 l<\/span><br \/>\n<span style=\"color: #000000;\">Integreeritud ahju vee maht 0,045 m\u00b3 ehk 45 l<\/span><br \/>\n<span style=\"color: #000000;\">Ahju kaal koos korstnakomplektiga 43 kg, ainult kerega &#8212; 35 kg<\/span><br \/>\n<span style=\"color: #000000;\">Kaal 265 kg<\/span><br \/>\n<span style=\"color: #000000;\">K\u00f5rgus 1,1 m<\/span><br \/>\n<span style=\"color: #000000;\">S\u00fcgavus 0,83 m<\/span><br \/>\n<span style=\"color: #000000;\">Istmete k\u00f5rgus 245 mm<\/span><br \/>\n<span style=\"color: #000000;\">Istmete laius 350 mm<\/span><br \/>\n<span style=\"color: #000000;\">Termopuit v\u00e4lispinna paksus 18 mm<\/span><br \/>\n<span style=\"color: #000000;\">Klaaskiust paksus 5 mm<\/span><br \/>\n<span style=\"color: #000000;\">Veekindel vineerp\u00f5rand 9 mm <\/span><\/h6>\n<h6><span style=\"color: #000000;\">V\u00e4rvivalik: sinine, hall, must t\u00fcrkiis, bee\u017e<\/span><\/h6>\n<h6><span style=\"color: #000000;\">P\u00f5hikomplekt sisaldab<\/span><span style=\"color: #000000;\">:<\/span><\/h6>\n<h6><span style=\"color: #000000;\">Klaaskiust vann, mis on kaetud 18 mm termopuiduga<\/span><\/h6>\n<h6><span style=\"color: #000000;\">Integreeritud roostevabast terasest (AISI304) ahi 30kW<\/span><\/h6>\n<h6><span style=\"color: #000000;\">Korstnakaitse<\/span><\/h6>\n<h6><span style=\"color: #000000;\">Veekindel vineerp\u00f5rand<\/span><\/h6>\n<h6><span style=\"color: #000000;\">K\u00fcttepuude maksimaalne pikkus: 472 mm<\/span><\/h6>\n<h6><span style=\"color: #000000;\">\u00c4ravooluklapp 3\/4\u2033<\/span><\/h6>\n<h6><span style=\"color: #000000;\">TOOTJA:<\/span><\/h6>\n<h6><span style=\"color: #000000;\">BALTRESTO PRODUCTION O\u00dc<\/span><\/h6>\n<h6><span style=\"color: #000000;\">EESTI<\/span><\/h6>\n","protected":false},"excerpt":{"rendered":"<p>Tootmisaeg on umbes 4-5 n\u00e4dalat Klaaskiust puuk\u00fcttega \u00fcmmargune v\u00e4lik\u00fcmblust\u00fcnn 5 inimesele. Vastupidav, v\u00e4he hooldust vajav, integreeritud ahjuga ja sujuva ergonoomilise disainiga kiireks kuumutamiseks. Mudel \u00dcmmargune \u00d82.0 integreeritud ahjuga Mahutavus 4-6 inimest Maht 1100 l Integreeritud ahju vee maht 0,045 m\u00b3 ehk 45 l Ahju kaal koos korstnakomplektiga 43 kg, ainult kerega &#8212; 35 kg Kaal [&hellip;]<\/p>\n","protected":false},"featured_media":18896,"comment_status":"open","ping_status":"closed","template":"","meta":{"_acf_changed":false,"_genesis_hide_title":false,"_genesis_hide_breadcrumbs":false,"_genesis_hide_singular_image":false,"_genesis_hide_footer_widgets":false,"_genesis_custom_body_class":"","_genesis_custom_post_class":"","_genesis_layout":""},"product_brand":[],"product_cat":[418],"product_tag":[],"class_list":{"0":"post-18895","1":"product","2":"type-product","3":"status-publish","4":"has-post-thumbnail","6":"product_cat-baltresto-kumblustunnid","7":"entry","8":"override","10":"first","11":"instock","12":"shipping-taxable","13":"purchasable","14":"product-type-simple"},"acf":[],"_links":{"self":[{"href":"https:\/\/koduspa.ee\/ru\/wp-json\/wp\/v2\/product\/18895","targetHints":{"allow":["GET"]}}],"collection":[{"href":"https:\/\/koduspa.ee\/ru\/wp-json\/wp\/v2\/product"}],"about":[{"href":"https:\/\/koduspa.ee\/ru\/wp-json\/wp\/v2\/types\/product"}],"replies":[{"embeddable":true,"href":"https:\/\/koduspa.ee\/ru\/wp-json\/wp\/v2\/comments?post=18895"}],"wp:featuredmedia":[{"embeddable":true,"href":"https:\/\/koduspa.ee\/ru\/wp-json\/wp\/v2\/media\/18896"}],"wp:attachment":[{"href":"https:\/\/koduspa.ee\/ru\/wp-json\/wp\/v2\/media?parent=18895"}],"wp:term":[{"taxonomy":"product_brand","embeddable":true,"href":"https:\/\/koduspa.ee\/ru\/wp-json\/wp\/v2\/product_brand?post=18895"},{"taxonomy":"product_cat","embeddable":true,"href":"https:\/\/koduspa.ee\/ru\/wp-json\/wp\/v2\/product_cat?post=18895"},{"taxonomy":"product_tag","embeddable":true,"href":"https:\/\/koduspa.ee\/ru\/wp-json\/wp\/v2\/product_tag?post=18895"}],"curies":[{"name":"wp","href":"https:\/\/api.w.org\/{rel}","templated":true}]}}