{"id":18832,"date":"2026-02-26T09:33:54","date_gmt":"2026-02-26T09:33:54","guid":{"rendered":"https:\/\/koduspa.ee\/?post_type=product&#038;p=18832"},"modified":"2026-02-26T09:39:26","modified_gmt":"2026-02-26T09:39:26","slug":"tunnisaun-s28v-28m-4-inimesele-valiistekohaga","status":"publish","type":"product","link":"https:\/\/koduspa.ee\/ru\/pood\/baltresto-saunamajad\/tunnisaun-s28v-28m-4-inimesele-valiistekohaga\/","title":{"rendered":"T\u00dcNNISAUN S28V 2,8m 4 INIMESELE, V\u00c4LIISTEKOHAGA"},"content":{"rendered":"<h6 id=\"tw-target-text\" class=\"tw-data-text tw-text-large tw-ta\" dir=\"ltr\" tabindex=\"-1\" role=\"text\" data-placeholder=\"T\u00f5lge\" data-ved=\"2ahUKEwiSlPCr3vaSAxWtBxAIHaY0JicQ3ewLegQIBBAW\" aria-label=\"T\u00f5lgitud tekst: 2,8 m v\u00e4lit\u00fcnnisaun S28V v\u00e4lisistekohtadega 4 inimesele Alates: 2 890 \u20ac \ud83d\ude9a Arvuta saatmiskulu \u2192 K\u00dcSI PAKKUMIST Tootmisaeg on umbes 5-6 n\u00e4dalat 2,8 m v\u00e4lit\u00fcnnisaun S28V v\u00e4lisistekohtadega 4 inimesele, k\u00e4sit\u00f6\u00f6na valmistatud kuusest v\u00f5i termopuidust, tarnitakse kokkupanduna v\u00f5i komplektina lisavarustusega\"><span class=\"Y2IQFc\" lang=\"et\"><span style=\"color: #000000;\">Tootmisaeg on umbes 5-6 n\u00e4dalat. <\/span><\/span><\/h6>\n<h6 class=\"tw-data-text tw-text-large tw-ta\" dir=\"ltr\" tabindex=\"-1\" role=\"text\" data-placeholder=\"T\u00f5lge\" data-ved=\"2ahUKEwiSlPCr3vaSAxWtBxAIHaY0JicQ3ewLegQIBBAW\" aria-label=\"T\u00f5lgitud tekst: 2,8 m v\u00e4lit\u00fcnnisaun S28V v\u00e4lisistekohtadega 4 inimesele Alates: 2 890 \u20ac \ud83d\ude9a Arvuta saatmiskulu \u2192 K\u00dcSI PAKKUMIST Tootmisaeg on umbes 5-6 n\u00e4dalat 2,8 m v\u00e4lit\u00fcnnisaun S28V v\u00e4lisistekohtadega 4 inimesele, k\u00e4sit\u00f6\u00f6na valmistatud kuusest v\u00f5i termopuidust, tarnitakse kokkupanduna v\u00f5i komplektina lisavarustusega\"><span class=\"Y2IQFc\" lang=\"et\"><span style=\"color: #000000;\">K\u00e4sit\u00f6\u00f6na valmistatud kuusest v\u00f5i termopuidust, <\/span><\/span><\/h6>\n<h6 class=\"tw-data-text tw-text-large tw-ta\" dir=\"ltr\" tabindex=\"-1\" role=\"text\" data-placeholder=\"T\u00f5lge\" data-ved=\"2ahUKEwiSlPCr3vaSAxWtBxAIHaY0JicQ3ewLegQIBBAW\" aria-label=\"T\u00f5lgitud tekst: 2,8 m v\u00e4lit\u00fcnnisaun S28V v\u00e4lisistekohtadega 4 inimesele Alates: 2 890 \u20ac \ud83d\ude9a Arvuta saatmiskulu \u2192 K\u00dcSI PAKKUMIST Tootmisaeg on umbes 5-6 n\u00e4dalat 2,8 m v\u00e4lit\u00fcnnisaun S28V v\u00e4lisistekohtadega 4 inimesele, k\u00e4sit\u00f6\u00f6na valmistatud kuusest v\u00f5i termopuidust, tarnitakse kokkupanduna v\u00f5i komplektina lisavarustusega\"><span class=\"Y2IQFc\" lang=\"et\"><span style=\"color: #000000;\">tarnitakse kokkupanduna v\u00f5i komplektina lisavarustuseg<\/span>a.<\/span><\/h6>\n<h6 id=\"tw-target-text\" class=\"tw-data-text tw-text-large tw-ta\" dir=\"ltr\" tabindex=\"-1\" role=\"text\" data-placeholder=\"T\u00f5lge\" data-ved=\"2ahUKEwiSlPCr3vaSAxWtBxAIHaY0JicQ3ewLegQIBBAW\" aria-label=\"T\u00f5lgitud tekst: L\u00e4bim\u00f5\u00f5t \u00d82m \/ \u00d82,2m Kokkupandud m\u00f5\u00f5tmed PxLxK \u00d82m - 280x200x210 cm \/ \u00d82,2m - 280x220x230 cm Lameda pakendi m\u00f5\u00f5tmed PxLxK 280x120x150 cm Leiliruumi maht \u00d82m - 6,0 m\u00b3 \/ \u00d82,2m - 7,3 m\u00b3 Leiliruumi pikkus 210 cm Kaal ~730 kg \/ ~788 kg Leiliruumi mahutavus ~6 inimest Puidu paksus 40 mm K\u00fctteaeg ~1 h\"><span class=\"Y2IQFc\" lang=\"et\" style=\"color: #000000;\">L\u00e4bim\u00f5\u00f5t \u00d82m \/ \u00d82,2m<\/span><\/h6>\n<h6 class=\"tw-data-text tw-text-large tw-ta\" dir=\"ltr\" tabindex=\"-1\" role=\"text\" data-placeholder=\"T\u00f5lge\" data-ved=\"2ahUKEwiSlPCr3vaSAxWtBxAIHaY0JicQ3ewLegQIBBAW\" aria-label=\"T\u00f5lgitud tekst: L\u00e4bim\u00f5\u00f5t \u00d82m \/ \u00d82,2m Kokkupandud m\u00f5\u00f5tmed PxLxK \u00d82m - 280x200x210 cm \/ \u00d82,2m - 280x220x230 cm Lameda pakendi m\u00f5\u00f5tmed PxLxK 280x120x150 cm Leiliruumi maht \u00d82m - 6,0 m\u00b3 \/ \u00d82,2m - 7,3 m\u00b3 Leiliruumi pikkus 210 cm Kaal ~730 kg \/ ~788 kg Leiliruumi mahutavus ~6 inimest Puidu paksus 40 mm K\u00fctteaeg ~1 h\"><span class=\"Y2IQFc\" lang=\"et\" style=\"color: #000000;\">Kokkupandud m\u00f5\u00f5tmed <\/span><\/h6>\n<h6 class=\"tw-data-text tw-text-large tw-ta\" dir=\"ltr\" tabindex=\"-1\" role=\"text\" data-placeholder=\"T\u00f5lge\" data-ved=\"2ahUKEwiSlPCr3vaSAxWtBxAIHaY0JicQ3ewLegQIBBAW\" aria-label=\"T\u00f5lgitud tekst: L\u00e4bim\u00f5\u00f5t \u00d82m \/ \u00d82,2m Kokkupandud m\u00f5\u00f5tmed PxLxK \u00d82m - 280x200x210 cm \/ \u00d82,2m - 280x220x230 cm Lameda pakendi m\u00f5\u00f5tmed PxLxK 280x120x150 cm Leiliruumi maht \u00d82m - 6,0 m\u00b3 \/ \u00d82,2m - 7,3 m\u00b3 Leiliruumi pikkus 210 cm Kaal ~730 kg \/ ~788 kg Leiliruumi mahutavus ~6 inimest Puidu paksus 40 mm K\u00fctteaeg ~1 h\"><span class=\"Y2IQFc\" lang=\"et\" style=\"color: #000000;\">PxLxK \u00d82m &#8212; 280x200x210 cm \/ \u00d82,2m &#8212; 280x220x230 cm <\/span><\/h6>\n<h6 class=\"tw-data-text tw-text-large tw-ta\" dir=\"ltr\" tabindex=\"-1\" role=\"text\" data-placeholder=\"T\u00f5lge\" data-ved=\"2ahUKEwiSlPCr3vaSAxWtBxAIHaY0JicQ3ewLegQIBBAW\" aria-label=\"T\u00f5lgitud tekst: L\u00e4bim\u00f5\u00f5t \u00d82m \/ \u00d82,2m Kokkupandud m\u00f5\u00f5tmed PxLxK \u00d82m - 280x200x210 cm \/ \u00d82,2m - 280x220x230 cm Lameda pakendi m\u00f5\u00f5tmed PxLxK 280x120x150 cm Leiliruumi maht \u00d82m - 6,0 m\u00b3 \/ \u00d82,2m - 7,3 m\u00b3 Leiliruumi pikkus 210 cm Kaal ~730 kg \/ ~788 kg Leiliruumi mahutavus ~6 inimest Puidu paksus 40 mm K\u00fctteaeg ~1 h\"><span class=\"Y2IQFc\" lang=\"et\" style=\"color: #000000;\">Lameda pakendi m\u00f5\u00f5tmed PxLxK 280x120x150 cm <\/span><\/h6>\n<h6 class=\"tw-data-text tw-text-large tw-ta\" dir=\"ltr\" tabindex=\"-1\" role=\"text\" data-placeholder=\"T\u00f5lge\" data-ved=\"2ahUKEwiSlPCr3vaSAxWtBxAIHaY0JicQ3ewLegQIBBAW\" aria-label=\"T\u00f5lgitud tekst: L\u00e4bim\u00f5\u00f5t \u00d82m \/ \u00d82,2m Kokkupandud m\u00f5\u00f5tmed PxLxK \u00d82m - 280x200x210 cm \/ \u00d82,2m - 280x220x230 cm Lameda pakendi m\u00f5\u00f5tmed PxLxK 280x120x150 cm Leiliruumi maht \u00d82m - 6,0 m\u00b3 \/ \u00d82,2m - 7,3 m\u00b3 Leiliruumi pikkus 210 cm Kaal ~730 kg \/ ~788 kg Leiliruumi mahutavus ~6 inimest Puidu paksus 40 mm K\u00fctteaeg ~1 h\"><span class=\"Y2IQFc\" lang=\"et\" style=\"color: #000000;\">Leiliruumi maht \u00d82m &#8212; 6,0 m\u00b3 \/ \u00d82,2m &#8212; 7,3 m\u00b3 <\/span><\/h6>\n<h6 class=\"tw-data-text tw-text-large tw-ta\" dir=\"ltr\" tabindex=\"-1\" role=\"text\" data-placeholder=\"T\u00f5lge\" data-ved=\"2ahUKEwiSlPCr3vaSAxWtBxAIHaY0JicQ3ewLegQIBBAW\" aria-label=\"T\u00f5lgitud tekst: L\u00e4bim\u00f5\u00f5t \u00d82m \/ \u00d82,2m Kokkupandud m\u00f5\u00f5tmed PxLxK \u00d82m - 280x200x210 cm \/ \u00d82,2m - 280x220x230 cm Lameda pakendi m\u00f5\u00f5tmed PxLxK 280x120x150 cm Leiliruumi maht \u00d82m - 6,0 m\u00b3 \/ \u00d82,2m - 7,3 m\u00b3 Leiliruumi pikkus 210 cm Kaal ~730 kg \/ ~788 kg Leiliruumi mahutavus ~6 inimest Puidu paksus 40 mm K\u00fctteaeg ~1 h\"><span class=\"Y2IQFc\" lang=\"et\" style=\"color: #000000;\">Leiliruumi pikkus 210 cm <\/span><\/h6>\n<h6 class=\"tw-data-text tw-text-large tw-ta\" dir=\"ltr\" tabindex=\"-1\" role=\"text\" data-placeholder=\"T\u00f5lge\" data-ved=\"2ahUKEwiSlPCr3vaSAxWtBxAIHaY0JicQ3ewLegQIBBAW\" aria-label=\"T\u00f5lgitud tekst: L\u00e4bim\u00f5\u00f5t \u00d82m \/ \u00d82,2m Kokkupandud m\u00f5\u00f5tmed PxLxK \u00d82m - 280x200x210 cm \/ \u00d82,2m - 280x220x230 cm Lameda pakendi m\u00f5\u00f5tmed PxLxK 280x120x150 cm Leiliruumi maht \u00d82m - 6,0 m\u00b3 \/ \u00d82,2m - 7,3 m\u00b3 Leiliruumi pikkus 210 cm Kaal ~730 kg \/ ~788 kg Leiliruumi mahutavus ~6 inimest Puidu paksus 40 mm K\u00fctteaeg ~1 h\"><span class=\"Y2IQFc\" lang=\"et\" style=\"color: #000000;\">Kaal ~730 kg \/ ~788 kg <\/span><\/h6>\n<h6 class=\"tw-data-text tw-text-large tw-ta\" dir=\"ltr\" tabindex=\"-1\" role=\"text\" data-placeholder=\"T\u00f5lge\" data-ved=\"2ahUKEwiSlPCr3vaSAxWtBxAIHaY0JicQ3ewLegQIBBAW\" aria-label=\"T\u00f5lgitud tekst: L\u00e4bim\u00f5\u00f5t \u00d82m \/ \u00d82,2m Kokkupandud m\u00f5\u00f5tmed PxLxK \u00d82m - 280x200x210 cm \/ \u00d82,2m - 280x220x230 cm Lameda pakendi m\u00f5\u00f5tmed PxLxK 280x120x150 cm Leiliruumi maht \u00d82m - 6,0 m\u00b3 \/ \u00d82,2m - 7,3 m\u00b3 Leiliruumi pikkus 210 cm Kaal ~730 kg \/ ~788 kg Leiliruumi mahutavus ~6 inimest Puidu paksus 40 mm K\u00fctteaeg ~1 h\"><span class=\"Y2IQFc\" lang=\"et\" style=\"color: #000000;\">Leiliruumi mahutavus ~6 inimest <\/span><\/h6>\n<h6 class=\"tw-data-text tw-text-large tw-ta\" dir=\"ltr\" tabindex=\"-1\" role=\"text\" data-placeholder=\"T\u00f5lge\" data-ved=\"2ahUKEwiSlPCr3vaSAxWtBxAIHaY0JicQ3ewLegQIBBAW\" aria-label=\"T\u00f5lgitud tekst: L\u00e4bim\u00f5\u00f5t \u00d82m \/ \u00d82,2m Kokkupandud m\u00f5\u00f5tmed PxLxK \u00d82m - 280x200x210 cm \/ \u00d82,2m - 280x220x230 cm Lameda pakendi m\u00f5\u00f5tmed PxLxK 280x120x150 cm Leiliruumi maht \u00d82m - 6,0 m\u00b3 \/ \u00d82,2m - 7,3 m\u00b3 Leiliruumi pikkus 210 cm Kaal ~730 kg \/ ~788 kg Leiliruumi mahutavus ~6 inimest Puidu paksus 40 mm K\u00fctteaeg ~1 h\"><span class=\"Y2IQFc\" lang=\"et\" style=\"color: #000000;\">Puidu paksus 40 mm <\/span><\/h6>\n<h6 class=\"tw-data-text tw-text-large tw-ta\" dir=\"ltr\" tabindex=\"-1\" role=\"text\" data-placeholder=\"T\u00f5lge\" data-ved=\"2ahUKEwiSlPCr3vaSAxWtBxAIHaY0JicQ3ewLegQIBBAW\" aria-label=\"T\u00f5lgitud tekst: L\u00e4bim\u00f5\u00f5t \u00d82m \/ \u00d82,2m Kokkupandud m\u00f5\u00f5tmed PxLxK \u00d82m - 280x200x210 cm \/ \u00d82,2m - 280x220x230 cm Lameda pakendi m\u00f5\u00f5tmed PxLxK 280x120x150 cm Leiliruumi maht \u00d82m - 6,0 m\u00b3 \/ \u00d82,2m - 7,3 m\u00b3 Leiliruumi pikkus 210 cm Kaal ~730 kg \/ ~788 kg Leiliruumi mahutavus ~6 inimest Puidu paksus 40 mm K\u00fctteaeg ~1 h\"><span class=\"Y2IQFc\" lang=\"et\" style=\"color: #000000;\">K\u00fctteaeg ~1 h<\/span><\/h6>\n<h6 id=\"tw-target-text\" class=\"tw-data-text tw-text-large tw-ta\" dir=\"ltr\" tabindex=\"-1\" role=\"text\" data-placeholder=\"T\u00f5lge\" data-ved=\"2ahUKEwiSlPCr3vaSAxWtBxAIHaY0JicQ3ewLegQIBBAW\" aria-label=\"T\u00f5lgitud tekst: P\u00f5hikomplekt sisaldab: Kuusest sauna korpus (puidu paksus 40 mm) Lepast pingid Pruun karastatud klaasist uks Bituumensindli katus Saunakivid (ainult kerisega) Roostevabast terasest r\u00f5ngad\"><span class=\"Y2IQFc\" lang=\"et\" style=\"color: #000000;\">P\u00f5hikomplekt sisaldab: <\/span><\/h6>\n<h6 class=\"tw-data-text tw-text-large tw-ta\" dir=\"ltr\" tabindex=\"-1\" role=\"text\" data-placeholder=\"T\u00f5lge\" data-ved=\"2ahUKEwiSlPCr3vaSAxWtBxAIHaY0JicQ3ewLegQIBBAW\" aria-label=\"T\u00f5lgitud tekst: P\u00f5hikomplekt sisaldab: Kuusest sauna korpus (puidu paksus 40 mm) Lepast pingid Pruun karastatud klaasist uks Bituumensindli katus Saunakivid (ainult kerisega) Roostevabast terasest r\u00f5ngad\"><span class=\"Y2IQFc\" lang=\"et\" style=\"color: #000000;\">Kuusest sauna korpus (puidu paksus 40 mm) <\/span><\/h6>\n<h6 class=\"tw-data-text tw-text-large tw-ta\" dir=\"ltr\" tabindex=\"-1\" role=\"text\" data-placeholder=\"T\u00f5lge\" data-ved=\"2ahUKEwiSlPCr3vaSAxWtBxAIHaY0JicQ3ewLegQIBBAW\" aria-label=\"T\u00f5lgitud tekst: P\u00f5hikomplekt sisaldab: Kuusest sauna korpus (puidu paksus 40 mm) Lepast pingid Pruun karastatud klaasist uks Bituumensindli katus Saunakivid (ainult kerisega) Roostevabast terasest r\u00f5ngad\"><span class=\"Y2IQFc\" lang=\"et\" style=\"color: #000000;\">Lepast pingid <\/span><\/h6>\n<h6 class=\"tw-data-text tw-text-large tw-ta\" dir=\"ltr\" tabindex=\"-1\" role=\"text\" data-placeholder=\"T\u00f5lge\" data-ved=\"2ahUKEwiSlPCr3vaSAxWtBxAIHaY0JicQ3ewLegQIBBAW\" aria-label=\"T\u00f5lgitud tekst: P\u00f5hikomplekt sisaldab: Kuusest sauna korpus (puidu paksus 40 mm) Lepast pingid Pruun karastatud klaasist uks Bituumensindli katus Saunakivid (ainult kerisega) Roostevabast terasest r\u00f5ngad\"><span class=\"Y2IQFc\" lang=\"et\" style=\"color: #000000;\">Pruun karastatud klaasist uks <\/span><\/h6>\n<h6 class=\"tw-data-text tw-text-large tw-ta\" dir=\"ltr\" tabindex=\"-1\" role=\"text\" data-placeholder=\"T\u00f5lge\" data-ved=\"2ahUKEwiSlPCr3vaSAxWtBxAIHaY0JicQ3ewLegQIBBAW\" aria-label=\"T\u00f5lgitud tekst: P\u00f5hikomplekt sisaldab: Kuusest sauna korpus (puidu paksus 40 mm) Lepast pingid Pruun karastatud klaasist uks Bituumensindli katus Saunakivid (ainult kerisega) Roostevabast terasest r\u00f5ngad\"><span class=\"Y2IQFc\" lang=\"et\" style=\"color: #000000;\">Bituumensindli katus <\/span><\/h6>\n<h6 class=\"tw-data-text tw-text-large tw-ta\" dir=\"ltr\" tabindex=\"-1\" role=\"text\" data-placeholder=\"T\u00f5lge\" data-ved=\"2ahUKEwiSlPCr3vaSAxWtBxAIHaY0JicQ3ewLegQIBBAW\" aria-label=\"T\u00f5lgitud tekst: P\u00f5hikomplekt sisaldab: Kuusest sauna korpus (puidu paksus 40 mm) Lepast pingid Pruun karastatud klaasist uks Bituumensindli katus Saunakivid (ainult kerisega) Roostevabast terasest r\u00f5ngad\"><span class=\"Y2IQFc\" lang=\"et\" style=\"color: #000000;\">Roostevabast terasest r\u00f5ngad<\/span><\/h6>\n<h6><span style=\"color: #000000;\">TOOTJA:<\/span><\/h6>\n<h6 class=\"porto-sicon-title\"><span style=\"color: #000000;\">BALTRESTO PRODUCTION O\u00dc<\/span><\/h6>\n<h6><span style=\"color: #000000;\">EESTI<\/span><\/h6>\n<h6><\/h6>\n","protected":false},"excerpt":{"rendered":"<p>Tootmisaeg on umbes 5-6 n\u00e4dalat. K\u00e4sit\u00f6\u00f6na valmistatud kuusest v\u00f5i termopuidust, tarnitakse kokkupanduna v\u00f5i komplektina lisavarustusega. L\u00e4bim\u00f5\u00f5t \u00d82m \/ \u00d82,2m Kokkupandud m\u00f5\u00f5tmed PxLxK \u00d82m &#8212; 280x200x210 cm \/ \u00d82,2m &#8212; 280x220x230 cm Lameda pakendi m\u00f5\u00f5tmed PxLxK 280x120x150 cm Leiliruumi maht \u00d82m &#8212; 6,0 m\u00b3 \/ \u00d82,2m &#8212; 7,3 m\u00b3 Leiliruumi pikkus 210 cm Kaal ~730 kg [&hellip;]<\/p>\n","protected":false},"featured_media":18833,"comment_status":"open","ping_status":"closed","template":"","meta":{"_acf_changed":false,"_genesis_hide_title":false,"_genesis_hide_breadcrumbs":false,"_genesis_hide_singular_image":false,"_genesis_hide_footer_widgets":false,"_genesis_custom_body_class":"","_genesis_custom_post_class":"","_genesis_layout":""},"product_brand":[],"product_cat":[417],"product_tag":[],"class_list":{"0":"post-18832","1":"product","2":"type-product","3":"status-publish","4":"has-post-thumbnail","6":"product_cat-baltresto-saunamajad","7":"pa_vali-toode-kuusk-labimoot-22m","8":"pa_vali-toode-kuusk-labimoot-2m","9":"pa_vali-toode-thermopuit-labimoot-22m","10":"pa_vali-toode-thermopuit-labimoot-2m","11":"entry","12":"override","14":"first","15":"onbackorder","16":"shipping-taxable","17":"purchasable","18":"product-type-variable"},"acf":[],"_links":{"self":[{"href":"https:\/\/koduspa.ee\/ru\/wp-json\/wp\/v2\/product\/18832","targetHints":{"allow":["GET"]}}],"collection":[{"href":"https:\/\/koduspa.ee\/ru\/wp-json\/wp\/v2\/product"}],"about":[{"href":"https:\/\/koduspa.ee\/ru\/wp-json\/wp\/v2\/types\/product"}],"replies":[{"embeddable":true,"href":"https:\/\/koduspa.ee\/ru\/wp-json\/wp\/v2\/comments?post=18832"}],"wp:featuredmedia":[{"embeddable":true,"href":"https:\/\/koduspa.ee\/ru\/wp-json\/wp\/v2\/media\/18833"}],"wp:attachment":[{"href":"https:\/\/koduspa.ee\/ru\/wp-json\/wp\/v2\/media?parent=18832"}],"wp:term":[{"taxonomy":"product_brand","embeddable":true,"href":"https:\/\/koduspa.ee\/ru\/wp-json\/wp\/v2\/product_brand?post=18832"},{"taxonomy":"product_cat","embeddable":true,"href":"https:\/\/koduspa.ee\/ru\/wp-json\/wp\/v2\/product_cat?post=18832"},{"taxonomy":"product_tag","embeddable":true,"href":"https:\/\/koduspa.ee\/ru\/wp-json\/wp\/v2\/product_tag?post=18832"}],"curies":[{"name":"wp","href":"https:\/\/api.w.org\/{rel}","templated":true}]}}