{"id":18819,"date":"2026-02-26T09:10:33","date_gmt":"2026-02-26T09:10:33","guid":{"rendered":"https:\/\/koduspa.ee\/?post_type=product&#038;p=18819"},"modified":"2026-02-26T09:11:20","modified_gmt":"2026-02-26T09:11:20","slug":"remmersi-kaitse-ja-puiduvarv","status":"publish","type":"product","link":"https:\/\/koduspa.ee\/ru\/pood\/baltresto-saunamajade-lisatarvikud\/remmersi-kaitse-ja-puiduvarv\/","title":{"rendered":"REMMERSI KAITSE- JA PUIDUV\u00c4RV"},"content":{"rendered":"<h6 id=\"tw-target-text\" class=\"tw-data-text tw-text-large tw-ta\" dir=\"ltr\" tabindex=\"-1\" role=\"text\" data-placeholder=\"T\u00f5lge\" data-ved=\"2ahUKEwiSlPCr3vaSAxWtBxAIHaY0JicQ3ewLegQIBBAW\" aria-label=\"T\u00f5lgitud tekst: Remmersi kaitse- ja puiduv\u00e4rv Alates: 90 \u20ac Lahustip\u00f5hine esmaklassiline puidukaitsevahend suurep\u00e4rase niiskuskaitsega v\u00e4lispuidule. Kulu: puuk\u00fcttega mullivannidele: 2,5 l 1,6\u20132,4 m saunadele: 5 l 3\u20134 m saunadele: 7,5 l 5 m saunadele ja ovaalsetele saunadele: 10 l\"><span class=\"Y2IQFc\" lang=\"et\" style=\"color: #000000;\">Lahustip\u00f5hine esmaklassiline puidukaitsevahend <\/span><\/h6>\n<h6 class=\"tw-data-text tw-text-large tw-ta\" dir=\"ltr\" tabindex=\"-1\" role=\"text\" data-placeholder=\"T\u00f5lge\" data-ved=\"2ahUKEwiSlPCr3vaSAxWtBxAIHaY0JicQ3ewLegQIBBAW\" aria-label=\"T\u00f5lgitud tekst: Remmersi kaitse- ja puiduv\u00e4rv Alates: 90 \u20ac Lahustip\u00f5hine esmaklassiline puidukaitsevahend suurep\u00e4rase niiskuskaitsega v\u00e4lispuidule. Kulu: puuk\u00fcttega mullivannidele: 2,5 l 1,6\u20132,4 m saunadele: 5 l 3\u20134 m saunadele: 7,5 l 5 m saunadele ja ovaalsetele saunadele: 10 l\"><span class=\"Y2IQFc\" lang=\"et\" style=\"color: #000000;\">suurep\u00e4rase niiskuskaitsega v\u00e4lispuidule. <\/span><\/h6>\n<h6 class=\"tw-data-text tw-text-large tw-ta\" dir=\"ltr\" tabindex=\"-1\" role=\"text\" data-placeholder=\"T\u00f5lge\" data-ved=\"2ahUKEwiSlPCr3vaSAxWtBxAIHaY0JicQ3ewLegQIBBAW\" aria-label=\"T\u00f5lgitud tekst: Remmersi kaitse- ja puiduv\u00e4rv Alates: 90 \u20ac Lahustip\u00f5hine esmaklassiline puidukaitsevahend suurep\u00e4rase niiskuskaitsega v\u00e4lispuidule. Kulu: puuk\u00fcttega mullivannidele: 2,5 l 1,6\u20132,4 m saunadele: 5 l 3\u20134 m saunadele: 7,5 l 5 m saunadele ja ovaalsetele saunadele: 10 l\"><span class=\"Y2IQFc\" lang=\"et\" style=\"color: #000000;\">Kulu:<\/span><\/h6>\n<h6 class=\"tw-data-text tw-text-large tw-ta\" dir=\"ltr\" tabindex=\"-1\" role=\"text\" data-placeholder=\"T\u00f5lge\" data-ved=\"2ahUKEwiSlPCr3vaSAxWtBxAIHaY0JicQ3ewLegQIBBAW\" aria-label=\"T\u00f5lgitud tekst: Remmersi kaitse- ja puiduv\u00e4rv Alates: 90 \u20ac Lahustip\u00f5hine esmaklassiline puidukaitsevahend suurep\u00e4rase niiskuskaitsega v\u00e4lispuidule. Kulu: puuk\u00fcttega mullivannidele: 2,5 l 1,6\u20132,4 m saunadele: 5 l 3\u20134 m saunadele: 7,5 l 5 m saunadele ja ovaalsetele saunadele: 10 l\"><span class=\"Y2IQFc\" lang=\"et\" style=\"color: #000000;\">puuk\u00fcttega mullivannidele: 2,5 l<\/span><\/h6>\n<h6 class=\"tw-data-text tw-text-large tw-ta\" dir=\"ltr\" tabindex=\"-1\" role=\"text\" data-placeholder=\"T\u00f5lge\" data-ved=\"2ahUKEwiSlPCr3vaSAxWtBxAIHaY0JicQ3ewLegQIBBAW\" aria-label=\"T\u00f5lgitud tekst: Remmersi kaitse- ja puiduv\u00e4rv Alates: 90 \u20ac Lahustip\u00f5hine esmaklassiline puidukaitsevahend suurep\u00e4rase niiskuskaitsega v\u00e4lispuidule. Kulu: puuk\u00fcttega mullivannidele: 2,5 l 1,6\u20132,4 m saunadele: 5 l 3\u20134 m saunadele: 7,5 l 5 m saunadele ja ovaalsetele saunadele: 10 l\"><span class=\"Y2IQFc\" lang=\"et\" style=\"color: #000000;\">1,6\u20132,4 m saunadele: 5 l<\/span><\/h6>\n<h6 class=\"tw-data-text tw-text-large tw-ta\" dir=\"ltr\" tabindex=\"-1\" role=\"text\" data-placeholder=\"T\u00f5lge\" data-ved=\"2ahUKEwiSlPCr3vaSAxWtBxAIHaY0JicQ3ewLegQIBBAW\" aria-label=\"T\u00f5lgitud tekst: Remmersi kaitse- ja puiduv\u00e4rv Alates: 90 \u20ac Lahustip\u00f5hine esmaklassiline puidukaitsevahend suurep\u00e4rase niiskuskaitsega v\u00e4lispuidule. Kulu: puuk\u00fcttega mullivannidele: 2,5 l 1,6\u20132,4 m saunadele: 5 l 3\u20134 m saunadele: 7,5 l 5 m saunadele ja ovaalsetele saunadele: 10 l\"><span class=\"Y2IQFc\" lang=\"et\" style=\"color: #000000;\">3\u20134 m saunadele: 7,5 l <\/span><\/h6>\n<h6 class=\"tw-data-text tw-text-large tw-ta\" dir=\"ltr\" tabindex=\"-1\" role=\"text\" data-placeholder=\"T\u00f5lge\" data-ved=\"2ahUKEwiSlPCr3vaSAxWtBxAIHaY0JicQ3ewLegQIBBAW\" aria-label=\"T\u00f5lgitud tekst: Remmersi kaitse- ja puiduv\u00e4rv Alates: 90 \u20ac Lahustip\u00f5hine esmaklassiline puidukaitsevahend suurep\u00e4rase niiskuskaitsega v\u00e4lispuidule. Kulu: puuk\u00fcttega mullivannidele: 2,5 l 1,6\u20132,4 m saunadele: 5 l 3\u20134 m saunadele: 7,5 l 5 m saunadele ja ovaalsetele saunadele: 10 l\"><span class=\"Y2IQFc\" lang=\"et\" style=\"color: #000000;\">5 m saunadele ja ovaalsetele saunadele: 10 l <\/span><\/h6>\n<h6 class=\"tw-data-text tw-text-large tw-ta\" dir=\"ltr\" tabindex=\"-1\" role=\"text\" data-placeholder=\"T\u00f5lge\" data-ved=\"2ahUKEwiSlPCr3vaSAxWtBxAIHaY0JicQ3ewLegQIBBAW\" aria-label=\"T\u00f5lgitud tekst: Remmersi kaitse- ja puiduv\u00e4rv Alates: 90 \u20ac Lahustip\u00f5hine esmaklassiline puidukaitsevahend suurep\u00e4rase niiskuskaitsega v\u00e4lispuidule. Kulu: puuk\u00fcttega mullivannidele: 2,5 l 1,6\u20132,4 m saunadele: 5 l 3\u20134 m saunadele: 7,5 l 5 m saunadele ja ovaalsetele saunadele: 10 l\"><span class=\"Y2IQFc\" lang=\"et\" style=\"color: #000000;\">Saada olevad v\u00e4rvitoonid: <\/span><\/h6>\n<h6 class=\"tw-data-text tw-text-large tw-ta\" dir=\"ltr\" tabindex=\"-1\" role=\"text\" data-placeholder=\"T\u00f5lge\" data-ved=\"2ahUKEwiSlPCr3vaSAxWtBxAIHaY0JicQ3ewLegQIBBAW\" aria-label=\"T\u00f5lgitud tekst: Remmersi kaitse- ja puiduv\u00e4rv Alates: 90 \u20ac Lahustip\u00f5hine esmaklassiline puidukaitsevahend suurep\u00e4rase niiskuskaitsega v\u00e4lispuidule. Kulu: puuk\u00fcttega mullivannidele: 2,5 l 1,6\u20132,4 m saunadele: 5 l 3\u20134 m saunadele: 7,5 l 5 m saunadele ja ovaalsetele saunadele: 10 l\"><span class=\"Y2IQFc\" lang=\"et\" style=\"color: #000000;\">kastanpruun, palisander, hall, must.<\/span><\/h6>\n","protected":false},"excerpt":{"rendered":"<p>Lahustip\u00f5hine esmaklassiline puidukaitsevahend suurep\u00e4rase niiskuskaitsega v\u00e4lispuidule. Kulu: puuk\u00fcttega mullivannidele: 2,5 l 1,6\u20132,4 m saunadele: 5 l 3\u20134 m saunadele: 7,5 l 5 m saunadele ja ovaalsetele saunadele: 10 l Saada olevad v\u00e4rvitoonid: kastanpruun, palisander, hall, must.<\/p>\n","protected":false},"featured_media":18820,"comment_status":"open","ping_status":"closed","template":"","meta":{"_acf_changed":false,"_genesis_hide_title":false,"_genesis_hide_breadcrumbs":false,"_genesis_hide_singular_image":false,"_genesis_hide_footer_widgets":false,"_genesis_custom_body_class":"","_genesis_custom_post_class":"","_genesis_layout":""},"product_brand":[],"product_cat":[422],"product_tag":[],"class_list":{"0":"post-18819","1":"product","2":"type-product","3":"status-publish","4":"has-post-thumbnail","6":"product_cat-baltresto-saunamajade-lisatarvikud","7":"entry","8":"override","10":"first","11":"instock","12":"shipping-taxable","13":"purchasable","14":"product-type-variable"},"acf":[],"_links":{"self":[{"href":"https:\/\/koduspa.ee\/ru\/wp-json\/wp\/v2\/product\/18819","targetHints":{"allow":["GET"]}}],"collection":[{"href":"https:\/\/koduspa.ee\/ru\/wp-json\/wp\/v2\/product"}],"about":[{"href":"https:\/\/koduspa.ee\/ru\/wp-json\/wp\/v2\/types\/product"}],"replies":[{"embeddable":true,"href":"https:\/\/koduspa.ee\/ru\/wp-json\/wp\/v2\/comments?post=18819"}],"wp:featuredmedia":[{"embeddable":true,"href":"https:\/\/koduspa.ee\/ru\/wp-json\/wp\/v2\/media\/18820"}],"wp:attachment":[{"href":"https:\/\/koduspa.ee\/ru\/wp-json\/wp\/v2\/media?parent=18819"}],"wp:term":[{"taxonomy":"product_brand","embeddable":true,"href":"https:\/\/koduspa.ee\/ru\/wp-json\/wp\/v2\/product_brand?post=18819"},{"taxonomy":"product_cat","embeddable":true,"href":"https:\/\/koduspa.ee\/ru\/wp-json\/wp\/v2\/product_cat?post=18819"},{"taxonomy":"product_tag","embeddable":true,"href":"https:\/\/koduspa.ee\/ru\/wp-json\/wp\/v2\/product_tag?post=18819"}],"curies":[{"name":"wp","href":"https:\/\/api.w.org\/{rel}","templated":true}]}}