{"id":18814,"date":"2026-02-26T08:45:35","date_gmt":"2026-02-26T08:45:35","guid":{"rendered":"https:\/\/koduspa.ee\/?post_type=product&#038;p=18814"},"modified":"2026-02-26T08:45:35","modified_gmt":"2026-02-26T08:45:35","slug":"saunamuts","status":"publish","type":"product","link":"https:\/\/koduspa.ee\/ru\/pood\/baltresto-saunamajade-lisatarvikud\/saunamuts\/","title":{"rendered":"SAUNAM\u00dcTS"},"content":{"rendered":"<h6 id=\"tw-target-text\" class=\"tw-data-text tw-text-large tw-ta\" dir=\"ltr\" tabindex=\"-1\" role=\"text\" data-placeholder=\"T\u00f5lge\" data-ved=\"2ahUKEwiSlPCr3vaSAxWtBxAIHaY0JicQ3ewLegQIBBAW\" aria-label=\"T\u00f5lgitud tekst: Saunam\u00fcts on kasulik aksessuaar! Talvised pakaselised p\u00e4evad on parim aeg puuk\u00fcttega k\u00fcmblust\u00fcnnis l\u00f5\u00f5gastumiseks. Samal ajal kui meie keha m\u00f5nusalt soojas vees puhkab, on meie k\u00f5ige olulisem osa, pea, endiselt k\u00fclm. Pehme villane saunam\u00fcts hoiab pea soojas, isegi k\u00f5rvad ei k\u00fclme! Saunam\u00fcts on eriti mugav ja oluline aksessuaar v\u00e4ikelastele, kuna neil on n\u00f5rgem temperatuuri reguleerimise v\u00f5ime kui t\u00e4iskasvanutel. Samuti hoiab see aksessuaar \u00e4ra v\u00e4rvide pleekimise v\u00f5i \u00fclekuumenemise SPA-protseduuride ajal.\"><span class=\"Y2IQFc\" lang=\"et\" style=\"color: #000000;\">Saunam\u00fcts on kasulik aksessuaar! <\/span><\/h6>\n<h6 class=\"tw-data-text tw-text-large tw-ta\" dir=\"ltr\" tabindex=\"-1\" role=\"text\" data-placeholder=\"T\u00f5lge\" data-ved=\"2ahUKEwiSlPCr3vaSAxWtBxAIHaY0JicQ3ewLegQIBBAW\" aria-label=\"T\u00f5lgitud tekst: Saunam\u00fcts on kasulik aksessuaar! Talvised pakaselised p\u00e4evad on parim aeg puuk\u00fcttega k\u00fcmblust\u00fcnnis l\u00f5\u00f5gastumiseks. Samal ajal kui meie keha m\u00f5nusalt soojas vees puhkab, on meie k\u00f5ige olulisem osa, pea, endiselt k\u00fclm. Pehme villane saunam\u00fcts hoiab pea soojas, isegi k\u00f5rvad ei k\u00fclme! Saunam\u00fcts on eriti mugav ja oluline aksessuaar v\u00e4ikelastele, kuna neil on n\u00f5rgem temperatuuri reguleerimise v\u00f5ime kui t\u00e4iskasvanutel. Samuti hoiab see aksessuaar \u00e4ra v\u00e4rvide pleekimise v\u00f5i \u00fclekuumenemise SPA-protseduuride ajal.\"><span class=\"Y2IQFc\" lang=\"et\" style=\"color: #000000;\">Talvised pakaselised p\u00e4evad on parim aeg puuk\u00fcttega <\/span><\/h6>\n<h6 class=\"tw-data-text tw-text-large tw-ta\" dir=\"ltr\" tabindex=\"-1\" role=\"text\" data-placeholder=\"T\u00f5lge\" data-ved=\"2ahUKEwiSlPCr3vaSAxWtBxAIHaY0JicQ3ewLegQIBBAW\" aria-label=\"T\u00f5lgitud tekst: Saunam\u00fcts on kasulik aksessuaar! Talvised pakaselised p\u00e4evad on parim aeg puuk\u00fcttega k\u00fcmblust\u00fcnnis l\u00f5\u00f5gastumiseks. Samal ajal kui meie keha m\u00f5nusalt soojas vees puhkab, on meie k\u00f5ige olulisem osa, pea, endiselt k\u00fclm. Pehme villane saunam\u00fcts hoiab pea soojas, isegi k\u00f5rvad ei k\u00fclme! Saunam\u00fcts on eriti mugav ja oluline aksessuaar v\u00e4ikelastele, kuna neil on n\u00f5rgem temperatuuri reguleerimise v\u00f5ime kui t\u00e4iskasvanutel. Samuti hoiab see aksessuaar \u00e4ra v\u00e4rvide pleekimise v\u00f5i \u00fclekuumenemise SPA-protseduuride ajal.\"><span class=\"Y2IQFc\" lang=\"et\" style=\"color: #000000;\">k\u00fcmblust\u00fcnnis l\u00f5\u00f5gastumiseks. <\/span><\/h6>\n<h6 class=\"tw-data-text tw-text-large tw-ta\" dir=\"ltr\" tabindex=\"-1\" role=\"text\" data-placeholder=\"T\u00f5lge\" data-ved=\"2ahUKEwiSlPCr3vaSAxWtBxAIHaY0JicQ3ewLegQIBBAW\" aria-label=\"T\u00f5lgitud tekst: Saunam\u00fcts on kasulik aksessuaar! Talvised pakaselised p\u00e4evad on parim aeg puuk\u00fcttega k\u00fcmblust\u00fcnnis l\u00f5\u00f5gastumiseks. Samal ajal kui meie keha m\u00f5nusalt soojas vees puhkab, on meie k\u00f5ige olulisem osa, pea, endiselt k\u00fclm. Pehme villane saunam\u00fcts hoiab pea soojas, isegi k\u00f5rvad ei k\u00fclme! Saunam\u00fcts on eriti mugav ja oluline aksessuaar v\u00e4ikelastele, kuna neil on n\u00f5rgem temperatuuri reguleerimise v\u00f5ime kui t\u00e4iskasvanutel. Samuti hoiab see aksessuaar \u00e4ra v\u00e4rvide pleekimise v\u00f5i \u00fclekuumenemise SPA-protseduuride ajal.\"><span class=\"Y2IQFc\" lang=\"et\" style=\"color: #000000;\">Samal ajal kui meie keha m\u00f5nusalt soojas vees puhkab, <\/span><\/h6>\n<h6 class=\"tw-data-text tw-text-large tw-ta\" dir=\"ltr\" tabindex=\"-1\" role=\"text\" data-placeholder=\"T\u00f5lge\" data-ved=\"2ahUKEwiSlPCr3vaSAxWtBxAIHaY0JicQ3ewLegQIBBAW\" aria-label=\"T\u00f5lgitud tekst: Saunam\u00fcts on kasulik aksessuaar! Talvised pakaselised p\u00e4evad on parim aeg puuk\u00fcttega k\u00fcmblust\u00fcnnis l\u00f5\u00f5gastumiseks. Samal ajal kui meie keha m\u00f5nusalt soojas vees puhkab, on meie k\u00f5ige olulisem osa, pea, endiselt k\u00fclm. Pehme villane saunam\u00fcts hoiab pea soojas, isegi k\u00f5rvad ei k\u00fclme! Saunam\u00fcts on eriti mugav ja oluline aksessuaar v\u00e4ikelastele, kuna neil on n\u00f5rgem temperatuuri reguleerimise v\u00f5ime kui t\u00e4iskasvanutel. Samuti hoiab see aksessuaar \u00e4ra v\u00e4rvide pleekimise v\u00f5i \u00fclekuumenemise SPA-protseduuride ajal.\"><span class=\"Y2IQFc\" lang=\"et\" style=\"color: #000000;\">on meie k\u00f5ige olulisem osa, pea, endiselt k\u00fclm. <\/span><\/h6>\n<h6 class=\"tw-data-text tw-text-large tw-ta\" dir=\"ltr\" tabindex=\"-1\" role=\"text\" data-placeholder=\"T\u00f5lge\" data-ved=\"2ahUKEwiSlPCr3vaSAxWtBxAIHaY0JicQ3ewLegQIBBAW\" aria-label=\"T\u00f5lgitud tekst: Saunam\u00fcts on kasulik aksessuaar! Talvised pakaselised p\u00e4evad on parim aeg puuk\u00fcttega k\u00fcmblust\u00fcnnis l\u00f5\u00f5gastumiseks. Samal ajal kui meie keha m\u00f5nusalt soojas vees puhkab, on meie k\u00f5ige olulisem osa, pea, endiselt k\u00fclm. Pehme villane saunam\u00fcts hoiab pea soojas, isegi k\u00f5rvad ei k\u00fclme! Saunam\u00fcts on eriti mugav ja oluline aksessuaar v\u00e4ikelastele, kuna neil on n\u00f5rgem temperatuuri reguleerimise v\u00f5ime kui t\u00e4iskasvanutel. Samuti hoiab see aksessuaar \u00e4ra v\u00e4rvide pleekimise v\u00f5i \u00fclekuumenemise SPA-protseduuride ajal.\"><span class=\"Y2IQFc\" lang=\"et\" style=\"color: #000000;\">Pehme villane saunam\u00fcts hoiab pea soojas, <\/span><\/h6>\n<h6 class=\"tw-data-text tw-text-large tw-ta\" dir=\"ltr\" tabindex=\"-1\" role=\"text\" data-placeholder=\"T\u00f5lge\" data-ved=\"2ahUKEwiSlPCr3vaSAxWtBxAIHaY0JicQ3ewLegQIBBAW\" aria-label=\"T\u00f5lgitud tekst: Saunam\u00fcts on kasulik aksessuaar! Talvised pakaselised p\u00e4evad on parim aeg puuk\u00fcttega k\u00fcmblust\u00fcnnis l\u00f5\u00f5gastumiseks. Samal ajal kui meie keha m\u00f5nusalt soojas vees puhkab, on meie k\u00f5ige olulisem osa, pea, endiselt k\u00fclm. Pehme villane saunam\u00fcts hoiab pea soojas, isegi k\u00f5rvad ei k\u00fclme! Saunam\u00fcts on eriti mugav ja oluline aksessuaar v\u00e4ikelastele, kuna neil on n\u00f5rgem temperatuuri reguleerimise v\u00f5ime kui t\u00e4iskasvanutel. Samuti hoiab see aksessuaar \u00e4ra v\u00e4rvide pleekimise v\u00f5i \u00fclekuumenemise SPA-protseduuride ajal.\"><span class=\"Y2IQFc\" lang=\"et\" style=\"color: #000000;\">isegi k\u00f5rvad ei k\u00fclme! <\/span><\/h6>\n<h6 class=\"tw-data-text tw-text-large tw-ta\" dir=\"ltr\" tabindex=\"-1\" role=\"text\" data-placeholder=\"T\u00f5lge\" data-ved=\"2ahUKEwiSlPCr3vaSAxWtBxAIHaY0JicQ3ewLegQIBBAW\" aria-label=\"T\u00f5lgitud tekst: Saunam\u00fcts on kasulik aksessuaar! Talvised pakaselised p\u00e4evad on parim aeg puuk\u00fcttega k\u00fcmblust\u00fcnnis l\u00f5\u00f5gastumiseks. Samal ajal kui meie keha m\u00f5nusalt soojas vees puhkab, on meie k\u00f5ige olulisem osa, pea, endiselt k\u00fclm. Pehme villane saunam\u00fcts hoiab pea soojas, isegi k\u00f5rvad ei k\u00fclme! Saunam\u00fcts on eriti mugav ja oluline aksessuaar v\u00e4ikelastele, kuna neil on n\u00f5rgem temperatuuri reguleerimise v\u00f5ime kui t\u00e4iskasvanutel. Samuti hoiab see aksessuaar \u00e4ra v\u00e4rvide pleekimise v\u00f5i \u00fclekuumenemise SPA-protseduuride ajal.\"><span class=\"Y2IQFc\" lang=\"et\" style=\"color: #000000;\">Saunam\u00fcts on eriti mugav ja oluline aksessuaar v\u00e4ikelastele, <\/span><\/h6>\n<h6 class=\"tw-data-text tw-text-large tw-ta\" dir=\"ltr\" tabindex=\"-1\" role=\"text\" data-placeholder=\"T\u00f5lge\" data-ved=\"2ahUKEwiSlPCr3vaSAxWtBxAIHaY0JicQ3ewLegQIBBAW\" aria-label=\"T\u00f5lgitud tekst: Saunam\u00fcts on kasulik aksessuaar! Talvised pakaselised p\u00e4evad on parim aeg puuk\u00fcttega k\u00fcmblust\u00fcnnis l\u00f5\u00f5gastumiseks. Samal ajal kui meie keha m\u00f5nusalt soojas vees puhkab, on meie k\u00f5ige olulisem osa, pea, endiselt k\u00fclm. Pehme villane saunam\u00fcts hoiab pea soojas, isegi k\u00f5rvad ei k\u00fclme! Saunam\u00fcts on eriti mugav ja oluline aksessuaar v\u00e4ikelastele, kuna neil on n\u00f5rgem temperatuuri reguleerimise v\u00f5ime kui t\u00e4iskasvanutel. Samuti hoiab see aksessuaar \u00e4ra v\u00e4rvide pleekimise v\u00f5i \u00fclekuumenemise SPA-protseduuride ajal.\"><span class=\"Y2IQFc\" lang=\"et\" style=\"color: #000000;\">kuna neil on n\u00f5rgem temperatuuri reguleerimise v\u00f5ime kui t\u00e4iskasvanutel. <\/span><\/h6>\n<h6 class=\"tw-data-text tw-text-large tw-ta\" dir=\"ltr\" tabindex=\"-1\" role=\"text\" data-placeholder=\"T\u00f5lge\" data-ved=\"2ahUKEwiSlPCr3vaSAxWtBxAIHaY0JicQ3ewLegQIBBAW\" aria-label=\"T\u00f5lgitud tekst: Saunam\u00fcts on kasulik aksessuaar! Talvised pakaselised p\u00e4evad on parim aeg puuk\u00fcttega k\u00fcmblust\u00fcnnis l\u00f5\u00f5gastumiseks. Samal ajal kui meie keha m\u00f5nusalt soojas vees puhkab, on meie k\u00f5ige olulisem osa, pea, endiselt k\u00fclm. Pehme villane saunam\u00fcts hoiab pea soojas, isegi k\u00f5rvad ei k\u00fclme! Saunam\u00fcts on eriti mugav ja oluline aksessuaar v\u00e4ikelastele, kuna neil on n\u00f5rgem temperatuuri reguleerimise v\u00f5ime kui t\u00e4iskasvanutel. Samuti hoiab see aksessuaar \u00e4ra v\u00e4rvide pleekimise v\u00f5i \u00fclekuumenemise SPA-protseduuride ajal.\"><span class=\"Y2IQFc\" lang=\"et\" style=\"color: #000000;\">Samuti hoiab see aksessuaar \u00e4ra v\u00e4rvide pleekimise v\u00f5i<\/span><\/h6>\n<h6 class=\"tw-data-text tw-text-large tw-ta\" dir=\"ltr\" tabindex=\"-1\" role=\"text\" data-placeholder=\"T\u00f5lge\" data-ved=\"2ahUKEwiSlPCr3vaSAxWtBxAIHaY0JicQ3ewLegQIBBAW\" aria-label=\"T\u00f5lgitud tekst: Saunam\u00fcts on kasulik aksessuaar! Talvised pakaselised p\u00e4evad on parim aeg puuk\u00fcttega k\u00fcmblust\u00fcnnis l\u00f5\u00f5gastumiseks. Samal ajal kui meie keha m\u00f5nusalt soojas vees puhkab, on meie k\u00f5ige olulisem osa, pea, endiselt k\u00fclm. Pehme villane saunam\u00fcts hoiab pea soojas, isegi k\u00f5rvad ei k\u00fclme! Saunam\u00fcts on eriti mugav ja oluline aksessuaar v\u00e4ikelastele, kuna neil on n\u00f5rgem temperatuuri reguleerimise v\u00f5ime kui t\u00e4iskasvanutel. Samuti hoiab see aksessuaar \u00e4ra v\u00e4rvide pleekimise v\u00f5i \u00fclekuumenemise SPA-protseduuride ajal.\"><span class=\"Y2IQFc\" lang=\"et\" style=\"color: #000000;\"> \u00fclekuumenemise SPA-protseduuride ajal.<\/span><\/h6>\n","protected":false},"excerpt":{"rendered":"<p>Saunam\u00fcts on kasulik aksessuaar! Talvised pakaselised p\u00e4evad on parim aeg puuk\u00fcttega k\u00fcmblust\u00fcnnis l\u00f5\u00f5gastumiseks. Samal ajal kui meie keha m\u00f5nusalt soojas vees puhkab, on meie k\u00f5ige olulisem osa, pea, endiselt k\u00fclm. Pehme villane saunam\u00fcts hoiab pea soojas, isegi k\u00f5rvad ei k\u00fclme! Saunam\u00fcts on eriti mugav ja oluline aksessuaar v\u00e4ikelastele, kuna neil on n\u00f5rgem temperatuuri reguleerimise v\u00f5ime [&hellip;]<\/p>\n","protected":false},"featured_media":18815,"comment_status":"open","ping_status":"closed","template":"","meta":{"_acf_changed":false,"_genesis_hide_title":false,"_genesis_hide_breadcrumbs":false,"_genesis_hide_singular_image":false,"_genesis_hide_footer_widgets":false,"_genesis_custom_body_class":"","_genesis_custom_post_class":"","_genesis_layout":""},"product_brand":[],"product_cat":[422],"product_tag":[],"class_list":{"0":"post-18814","1":"product","2":"type-product","3":"status-publish","4":"has-post-thumbnail","6":"product_cat-baltresto-saunamajade-lisatarvikud","7":"entry","8":"override","10":"first","11":"instock","12":"shipping-taxable","13":"purchasable","14":"product-type-simple"},"acf":[],"_links":{"self":[{"href":"https:\/\/koduspa.ee\/ru\/wp-json\/wp\/v2\/product\/18814","targetHints":{"allow":["GET"]}}],"collection":[{"href":"https:\/\/koduspa.ee\/ru\/wp-json\/wp\/v2\/product"}],"about":[{"href":"https:\/\/koduspa.ee\/ru\/wp-json\/wp\/v2\/types\/product"}],"replies":[{"embeddable":true,"href":"https:\/\/koduspa.ee\/ru\/wp-json\/wp\/v2\/comments?post=18814"}],"wp:featuredmedia":[{"embeddable":true,"href":"https:\/\/koduspa.ee\/ru\/wp-json\/wp\/v2\/media\/18815"}],"wp:attachment":[{"href":"https:\/\/koduspa.ee\/ru\/wp-json\/wp\/v2\/media?parent=18814"}],"wp:term":[{"taxonomy":"product_brand","embeddable":true,"href":"https:\/\/koduspa.ee\/ru\/wp-json\/wp\/v2\/product_brand?post=18814"},{"taxonomy":"product_cat","embeddable":true,"href":"https:\/\/koduspa.ee\/ru\/wp-json\/wp\/v2\/product_cat?post=18814"},{"taxonomy":"product_tag","embeddable":true,"href":"https:\/\/koduspa.ee\/ru\/wp-json\/wp\/v2\/product_tag?post=18814"}],"curies":[{"name":"wp","href":"https:\/\/api.w.org\/{rel}","templated":true}]}}