{"id":18806,"date":"2026-02-26T08:34:31","date_gmt":"2026-02-26T08:34:31","guid":{"rendered":"https:\/\/koduspa.ee\/?post_type=product&#038;p=18806"},"modified":"2026-02-26T08:34:31","modified_gmt":"2026-02-26T08:34:31","slug":"aroomi-kauss","status":"publish","type":"product","link":"https:\/\/koduspa.ee\/ru\/pood\/baltresto-saunamajade-lisatarvikud\/aroomi-kauss\/","title":{"rendered":"AROOMI KAUSS"},"content":{"rendered":"<div id=\"center_col\" class=\"s6JM6d ufC5Cb EYIWQc ZPOWwb\" role=\"main\" data-csic=\"1\">\n<div id=\"gevUs\" class=\"eqAnXb\">\n<div id=\"search\">\n<div data-hveid=\"CAsQBg\" data-ved=\"2ahUKEwiSlPCr3vaSAxWtBxAIHaY0JicQGnoECAsQBg\">\n<div id=\"rso\" class=\"dURPMd\" data-async-context=\"query:google%20translate\">\n<div class=\"ULSxyf\">\n<div class=\"MjjYud\">\n<div class=\"A6K0A\" data-rpos=\"0\">\n<div class=\"Ww4FFb vt6azd obcontainer wDYxhc\" role=\"presentation\" data-md=\"77\" data-hveid=\"CAQQAA\" data-ved=\"2ahUKEwiSlPCr3vaSAxWtBxAIHaY0JicQkCl6BAgEEAA\">\n<div class=\"EyBRub\" data-kpfbbcast=\"\">\n<div id=\"tw-main\" data-hveid=\"CAQQAQ\">\n<div id=\"tw-container\" class=\"nev7se\" data-cp=\"1\" data-nnttsvi=\"1\" data-sletp=\"false\" data-sm=\"1\" data-ssbp=\"false\" data-sugg-time=\"500\" data-sugg-url=\"https:\/\/clients1.google.com\/complete\/search\" data-uilc=\"et\" data-vil=\",af,af-ZA,am,am-ET,ar-EG,ar-AE,ar-KW,ar-QA,ar,ar-IL,ar-JO,ar-LB,ar-PS,az,az-AZ,bg,bg-BG,bn,bn-BD,bn-IN,ca,ca-es,cs,cs-CZ,de,de-DE,de-CH,de-AT,de-LI,en,en-US,en-CA,en-AU,en-NZ,en-GB,en-IN,en-KE,en-TZ,en-NG,en-GH,en-PH,en-ZA,es,es-ES,es-AR,es-UY,es-419,es-BO,es-CL,es-CR,es-CO,es-DO,es-EC,es-GT,es-HN,es-NI,es-PA,es-PE,es-PR,es-PY,es-SV,es-VE,es-MX,es-US,eu,eu-ES,fi,fi-FI,fr,fr-FR,fr-CH,fr-BE,gl,gl-ES,gu,gu-IN,he,he-IL,iw,iw-IL,hu,hu-HU,hy,hy-AM,id,id-ID,is,is-IS,it,it-IT,it-CH,ja,ja-JP,jv,jv-ID,ka,ka-GE,km,km-KH,kn,kn-IN,ko,ko-KR,la,lo,lo-LA,lv,lv-LV,ml,ml-IN,mr,mr-IN,ms,ms-MY,nl,nl-NL,nb,nb-NO,ne,ne-NP,pl,pl-PL,pt,pt-BR,pt-PT,ro,ro-RO,ru,ru-RU,si-LK,sk,sk-SK,sr,sr-RS,su,su-ID,sv,sv-SE,sw,sw-TZ,sw-KE,ta,ta-IN,ta-SG,ta-LK,ta-MY,te,te-IN,tr,tr-TR,ur,ur-PK,ur-IN,yue,yue-HK,yue-Hant-HK,zh-HK,zh,zh-CN,zh-cmn,zh-cmn-CN,zh-Hans,zh-Hans-CN,zh-cmn-Hans,zh-cmn-Hans-CN,cmn-CN,cmn-Hans,cmn-Hans-CN,zh-TW,zh-Hant-TW,cmn-TW,cmn-Hant-TW,zh-cmn-TW,zh-cmn-Hant-TW,zu,zu-ZA,hi,hi-IN,tl,tl-PH,pa,pa-IN\">\n<div>\n<div>\n<div id=\"tw-ob\" class=\"tw-src-ltr\">\n<div class=\"oSioSc\">\n<div id=\"tw-target\">\n<div id=\"kAz1tf\" class=\"g9WsWb PZPZlf\" data-attrid=\"tw-targetArea\" data-entityname=\"Google Translate\">\n<div id=\"tw-target-text-container\" class=\"tw-ta-container tw-nfl\" tabindex=\"0\" role=\"text\">\n<h6 id=\"tw-target-text\" class=\"tw-data-text tw-text-large tw-ta\" dir=\"ltr\" tabindex=\"-1\" role=\"text\" data-placeholder=\"T\u00f5lge\" data-ved=\"2ahUKEwiSlPCr3vaSAxWtBxAIHaY0JicQ3ewLegQIBBAW\" aria-label=\"T\u00f5lgitud tekst: Sauna aroomiteraapia kauss\n35 \u20ac\n\nL\u00f5hna\u00f5li hoidikut saab riputada saunaahju kohale. Temperatuuri t\u00f5ustes saab kaussi lisada aroomiteraapia\u00f5li v\u00f5i soolakristalli, et tekitada aroomi, ja seej\u00e4rel sauna nautida.\n\nMaterjal: roostevaba teras\nL\u00e4bim\u00f5\u00f5t: 20 cm\nPakendi suurus: 48 x 49 x 26 cm\n\n* V\u00f5ib paigaldada ainult puidust seinale. Ei saa kasutada \u00fcmmarguse panoraamaknaga\"><span class=\"Y2IQFc\" lang=\"et\" style=\"color: #000000;\">Aroomii hoidikut saab riputada saunaahju kohale. <\/span><\/h6>\n<h6 class=\"tw-data-text tw-text-large tw-ta\" dir=\"ltr\" tabindex=\"-1\" role=\"text\" data-placeholder=\"T\u00f5lge\" data-ved=\"2ahUKEwiSlPCr3vaSAxWtBxAIHaY0JicQ3ewLegQIBBAW\" aria-label=\"T\u00f5lgitud tekst: Sauna aroomiteraapia kauss\n35 \u20ac\n\nL\u00f5hna\u00f5li hoidikut saab riputada saunaahju kohale. Temperatuuri t\u00f5ustes saab kaussi lisada aroomiteraapia\u00f5li v\u00f5i soolakristalli, et tekitada aroomi, ja seej\u00e4rel sauna nautida.\n\nMaterjal: roostevaba teras\nL\u00e4bim\u00f5\u00f5t: 20 cm\nPakendi suurus: 48 x 49 x 26 cm\n\n* V\u00f5ib paigaldada ainult puidust seinale. Ei saa kasutada \u00fcmmarguse panoraamaknaga\"><span class=\"Y2IQFc\" lang=\"et\" style=\"color: #000000;\">temperatuuri t\u00f5ustes saab kaussi lisada aroomiteraapia\u00f5li v\u00f5i soolakristalli, <\/span><\/h6>\n<h6 class=\"tw-data-text tw-text-large tw-ta\" dir=\"ltr\" tabindex=\"-1\" role=\"text\" data-placeholder=\"T\u00f5lge\" data-ved=\"2ahUKEwiSlPCr3vaSAxWtBxAIHaY0JicQ3ewLegQIBBAW\" aria-label=\"T\u00f5lgitud tekst: Sauna aroomiteraapia kauss\n35 \u20ac\n\nL\u00f5hna\u00f5li hoidikut saab riputada saunaahju kohale. Temperatuuri t\u00f5ustes saab kaussi lisada aroomiteraapia\u00f5li v\u00f5i soolakristalli, et tekitada aroomi, ja seej\u00e4rel sauna nautida.\n\nMaterjal: roostevaba teras\nL\u00e4bim\u00f5\u00f5t: 20 cm\nPakendi suurus: 48 x 49 x 26 cm\n\n* V\u00f5ib paigaldada ainult puidust seinale. Ei saa kasutada \u00fcmmarguse panoraamaknaga\"><span class=\"Y2IQFc\" lang=\"et\" style=\"color: #000000;\">et tekitada aroomi, ja seej\u00e4rel sauna nautida. <\/span><\/h6>\n<h6 class=\"tw-data-text tw-text-large tw-ta\" dir=\"ltr\" tabindex=\"-1\" role=\"text\" data-placeholder=\"T\u00f5lge\" data-ved=\"2ahUKEwiSlPCr3vaSAxWtBxAIHaY0JicQ3ewLegQIBBAW\" aria-label=\"T\u00f5lgitud tekst: Sauna aroomiteraapia kauss\n35 \u20ac\n\nL\u00f5hna\u00f5li hoidikut saab riputada saunaahju kohale. Temperatuuri t\u00f5ustes saab kaussi lisada aroomiteraapia\u00f5li v\u00f5i soolakristalli, et tekitada aroomi, ja seej\u00e4rel sauna nautida.\n\nMaterjal: roostevaba teras\nL\u00e4bim\u00f5\u00f5t: 20 cm\nPakendi suurus: 48 x 49 x 26 cm\n\n* V\u00f5ib paigaldada ainult puidust seinale. Ei saa kasutada \u00fcmmarguse panoraamaknaga\"><span class=\"Y2IQFc\" lang=\"et\" style=\"color: #000000;\">Materjal: roostevaba teras <\/span><\/h6>\n<h6 class=\"tw-data-text tw-text-large tw-ta\" dir=\"ltr\" tabindex=\"-1\" role=\"text\" data-placeholder=\"T\u00f5lge\" data-ved=\"2ahUKEwiSlPCr3vaSAxWtBxAIHaY0JicQ3ewLegQIBBAW\" aria-label=\"T\u00f5lgitud tekst: Sauna aroomiteraapia kauss\n35 \u20ac\n\nL\u00f5hna\u00f5li hoidikut saab riputada saunaahju kohale. Temperatuuri t\u00f5ustes saab kaussi lisada aroomiteraapia\u00f5li v\u00f5i soolakristalli, et tekitada aroomi, ja seej\u00e4rel sauna nautida.\n\nMaterjal: roostevaba teras\nL\u00e4bim\u00f5\u00f5t: 20 cm\nPakendi suurus: 48 x 49 x 26 cm\n\n* V\u00f5ib paigaldada ainult puidust seinale. Ei saa kasutada \u00fcmmarguse panoraamaknaga\"><span class=\"Y2IQFc\" lang=\"et\" style=\"color: #000000;\">L\u00e4bim\u00f5\u00f5t: 20 cm <\/span><\/h6>\n<h6 class=\"tw-data-text tw-text-large tw-ta\" dir=\"ltr\" tabindex=\"-1\" role=\"text\" data-placeholder=\"T\u00f5lge\" data-ved=\"2ahUKEwiSlPCr3vaSAxWtBxAIHaY0JicQ3ewLegQIBBAW\" aria-label=\"T\u00f5lgitud tekst: Sauna aroomiteraapia kauss\n35 \u20ac\n\nL\u00f5hna\u00f5li hoidikut saab riputada saunaahju kohale. Temperatuuri t\u00f5ustes saab kaussi lisada aroomiteraapia\u00f5li v\u00f5i soolakristalli, et tekitada aroomi, ja seej\u00e4rel sauna nautida.\n\nMaterjal: roostevaba teras\nL\u00e4bim\u00f5\u00f5t: 20 cm\nPakendi suurus: 48 x 49 x 26 cm\n\n* V\u00f5ib paigaldada ainult puidust seinale. Ei saa kasutada \u00fcmmarguse panoraamaknaga\"><span class=\"Y2IQFc\" lang=\"et\" style=\"color: #000000;\">Pakendi suurus: 48 x 49 x 26 cm<\/span><\/h6>\n<h6 class=\"tw-data-text tw-text-large tw-ta\" dir=\"ltr\" tabindex=\"-1\" role=\"text\" data-placeholder=\"T\u00f5lge\" data-ved=\"2ahUKEwiSlPCr3vaSAxWtBxAIHaY0JicQ3ewLegQIBBAW\" aria-label=\"T\u00f5lgitud tekst: Sauna aroomiteraapia kauss\n35 \u20ac\n\nL\u00f5hna\u00f5li hoidikut saab riputada saunaahju kohale. Temperatuuri t\u00f5ustes saab kaussi lisada aroomiteraapia\u00f5li v\u00f5i soolakristalli, et tekitada aroomi, ja seej\u00e4rel sauna nautida.\n\nMaterjal: roostevaba teras\nL\u00e4bim\u00f5\u00f5t: 20 cm\nPakendi suurus: 48 x 49 x 26 cm\n\n* V\u00f5ib paigaldada ainult puidust seinale. Ei saa kasutada \u00fcmmarguse panoraamaknaga\"><span class=\"Y2IQFc\" lang=\"et\" style=\"color: #000000;\">* V\u00f5ib paigaldada ainult puidust seinale. <\/span><\/h6>\n<h6 class=\"tw-data-text tw-text-large tw-ta\" dir=\"ltr\" tabindex=\"-1\" role=\"text\" data-placeholder=\"T\u00f5lge\" data-ved=\"2ahUKEwiSlPCr3vaSAxWtBxAIHaY0JicQ3ewLegQIBBAW\" aria-label=\"T\u00f5lgitud tekst: Sauna aroomiteraapia kauss\n35 \u20ac\n\nL\u00f5hna\u00f5li hoidikut saab riputada saunaahju kohale. Temperatuuri t\u00f5ustes saab kaussi lisada aroomiteraapia\u00f5li v\u00f5i soolakristalli, et tekitada aroomi, ja seej\u00e4rel sauna nautida.\n\nMaterjal: roostevaba teras\nL\u00e4bim\u00f5\u00f5t: 20 cm\nPakendi suurus: 48 x 49 x 26 cm\n\n* V\u00f5ib paigaldada ainult puidust seinale. Ei saa kasutada \u00fcmmarguse panoraamaknaga\"><span class=\"Y2IQFc\" lang=\"et\" style=\"color: #000000;\">Ei saa kasutada \u00fcmmarguse panoraamaknaga<\/span><\/h6>\n<\/div>\n<div id=\"tw-target-rmn-container\" class=\"tw-target-rmn tw-ta-container tw-nfl\" tabindex=\"-1\" role=\"text\">\n<pre id=\"tw-target-rmn\" class=\"tw-data-placeholder tw-text-small tw-ta\" dir=\"ltr\" tabindex=\"-1\" role=\"text\" data-placeholder=\"\"><\/pre>\n<\/div>\n<div class=\"iYB33c\">\n<div id=\"tw-tmenu\" class=\"tw-menu\"><\/div>\n<\/div>\n<\/div>\n<\/div>\n<\/div>\n<\/div>\n<div id=\"tw-images\"><\/div>\n<div class=\"dURPtb\"><\/div>\n<div>\n<div><\/div>\n<\/div>\n<\/div>\n<\/div>\n<\/div>\n<div class=\"KFFQ0c xKf9F\">\n<div class=\"akqY6\"><\/div>\n<div class=\"YfftMc\">\n<div class=\"RPXObe\">\n<div class=\"mWcf0e\" tabindex=\"0\" role=\"button\" data-dccl=\"true\" data-ved=\"2ahUKEwiSlPCr3vaSAxWtBxAIHaY0JicQ6scEegQIBBAx\"><\/div>\n<\/div>\n<\/div>\n<\/div>\n<\/div>\n<\/div>\n<\/div>\n<\/div>\n<\/div>\n<\/div>\n<\/div>\n<\/div>\n<\/div>\n<\/div>\n<div data-hveid=\"CAsQCA\" data-ved=\"2ahUKEwiSlPCr3vaSAxWtBxAIHaY0JicQh6kJegQICxAI\"><\/div>\n<div role=\"navigation\"><span id=\"xjs\"><\/span><\/p>\n<div id=\"gfn\"><\/div>\n<p><span id=\"fvf\"><\/span><\/div>\n<\/div>\n<div id=\"rhs\" class=\"TQc1id k5T88b vVVcqf jBpNZc e0KErc\" role=\"complementary\" aria-labelledby=\"_BwSgadL0IK2PwPAPpumYuQI_56\" data-pws=\"1300\" data-spe=\"true\" data-csic=\"1\" data-hveid=\"CA8QAw\">\n<div id=\"LUqzrb\" class=\"A6K0A z4oRIf\" data-rpos=\"-100\" data-rrhs=\"1\">\n<div class=\"wHYlTd Ww4FFb vt6azd wF4fFd g-blk\" lang=\"et-EE\" data-hveid=\"CBgQAA\" data-ved=\"2ahUKEwiSlPCr3vaSAxWtBxAIHaY0JicQiTYoAHoECBgQAA\">\n<div class=\"dG2XIf Wnoohf OJXvsb\">\n<div>\n<div class=\"nGydZ\">\n<div class=\"xpdopen\">\n<div class=\"ifM9O\">\n<div>\n<div class=\"khIGL\">\n<div class=\"Hhmu2e wDYxhc NFQFxe viOShc LKPcQc\" lang=\"et-EE\" data-md=\"16\" data-hveid=\"CBcQAA\" data-ved=\"2ahUKEwiSlPCr3vaSAxWtBxAIHaY0JicQhygoAHoECBcQAA\">\n<div class=\"Lj180d\">\n<div class=\"SPZz6b\"><\/div>\n<\/div>\n<\/div>\n<div class=\"EfDVh wDYxhc NFQFxe\" lang=\"et-EE\" data-md=\"62\">\n<div data-hveid=\"CBkQAA\" data-ved=\"2ahUKEwiSlPCr3vaSAxWtBxAIHaY0JicQlRR6BAgZEAA\">\n<div class=\"y8Jpof pPLc9e kpQuGf\">\n<div class=\"nm6nmc kpQuGf\">\n<div class=\"k4DMHe\">\n<div class=\"izHQgf cwUqwd\"><\/div>\n<\/div>\n<\/div>\n<\/div>\n<\/div>\n<\/div>\n<\/div>\n<\/div>\n<\/div>\n<\/div>\n<\/div>\n<\/div>\n<\/div>\n<\/div>\n<\/div>\n<\/div>\n","protected":false},"excerpt":{"rendered":"<p>Aroomii hoidikut saab riputada saunaahju kohale. temperatuuri t\u00f5ustes saab kaussi lisada aroomiteraapia\u00f5li v\u00f5i soolakristalli, et tekitada aroomi, ja seej\u00e4rel sauna nautida. Materjal: roostevaba teras L\u00e4bim\u00f5\u00f5t: 20 cm Pakendi suurus: 48 x 49 x 26 cm * V\u00f5ib paigaldada ainult puidust seinale. Ei saa kasutada \u00fcmmarguse panoraamaknaga<\/p>\n","protected":false},"featured_media":18807,"comment_status":"open","ping_status":"closed","template":"","meta":{"_acf_changed":false,"_genesis_hide_title":false,"_genesis_hide_breadcrumbs":false,"_genesis_hide_singular_image":false,"_genesis_hide_footer_widgets":false,"_genesis_custom_body_class":"","_genesis_custom_post_class":"","_genesis_layout":""},"product_brand":[],"product_cat":[422],"product_tag":[],"class_list":{"0":"post-18806","1":"product","2":"type-product","3":"status-publish","4":"has-post-thumbnail","6":"product_cat-baltresto-saunamajade-lisatarvikud","7":"entry","8":"override","10":"first","11":"instock","12":"shipping-taxable","13":"purchasable","14":"product-type-simple"},"acf":[],"_links":{"self":[{"href":"https:\/\/koduspa.ee\/ru\/wp-json\/wp\/v2\/product\/18806","targetHints":{"allow":["GET"]}}],"collection":[{"href":"https:\/\/koduspa.ee\/ru\/wp-json\/wp\/v2\/product"}],"about":[{"href":"https:\/\/koduspa.ee\/ru\/wp-json\/wp\/v2\/types\/product"}],"replies":[{"embeddable":true,"href":"https:\/\/koduspa.ee\/ru\/wp-json\/wp\/v2\/comments?post=18806"}],"wp:featuredmedia":[{"embeddable":true,"href":"https:\/\/koduspa.ee\/ru\/wp-json\/wp\/v2\/media\/18807"}],"wp:attachment":[{"href":"https:\/\/koduspa.ee\/ru\/wp-json\/wp\/v2\/media?parent=18806"}],"wp:term":[{"taxonomy":"product_brand","embeddable":true,"href":"https:\/\/koduspa.ee\/ru\/wp-json\/wp\/v2\/product_brand?post=18806"},{"taxonomy":"product_cat","embeddable":true,"href":"https:\/\/koduspa.ee\/ru\/wp-json\/wp\/v2\/product_cat?post=18806"},{"taxonomy":"product_tag","embeddable":true,"href":"https:\/\/koduspa.ee\/ru\/wp-json\/wp\/v2\/product_tag?post=18806"}],"curies":[{"name":"wp","href":"https:\/\/api.w.org\/{rel}","templated":true}]}}