{"id":18801,"date":"2026-02-26T08:28:56","date_gmt":"2026-02-26T08:28:56","guid":{"rendered":"https:\/\/koduspa.ee\/?post_type=product&#038;p=18801"},"modified":"2026-02-26T08:28:56","modified_gmt":"2026-02-26T08:28:56","slug":"suitsutoru-1m","status":"publish","type":"product","link":"https:\/\/koduspa.ee\/ru\/pood\/baltresto-saunamajade-lisatarvikud\/suitsutoru-1m\/","title":{"rendered":"SUITSUTORU 1M"},"content":{"rendered":"<h6 id=\"tw-target-text\" class=\"tw-data-text tw-text-large tw-ta\" dir=\"ltr\" tabindex=\"-1\" role=\"text\" data-placeholder=\"T\u00f5lge\" data-ved=\"2ahUKEwiSlPCr3vaSAxWtBxAIHaY0JicQ3ewLegQIBBAW\" aria-label=\"T\u00f5lgitud tekst: Saunakorsten, 1 m\n40 \u20ac\n\nRoostevabast terasest korstna mooduli pikendus korstnale.\nPikkus \u2013 1 m\nL\u00e4bim\u00f5\u00f5t (\u00d8) \u2013 115 mm\nCE\"><span class=\"Y2IQFc\" lang=\"et\" style=\"color: #000000;\">Roostevabast terasest korstna mooduli pikendus korstnale. <\/span><\/h6>\n<h6 class=\"tw-data-text tw-text-large tw-ta\" dir=\"ltr\" tabindex=\"-1\" role=\"text\" data-placeholder=\"T\u00f5lge\" data-ved=\"2ahUKEwiSlPCr3vaSAxWtBxAIHaY0JicQ3ewLegQIBBAW\" aria-label=\"T\u00f5lgitud tekst: Saunakorsten, 1 m\n40 \u20ac\n\nRoostevabast terasest korstna mooduli pikendus korstnale.\nPikkus \u2013 1 m\nL\u00e4bim\u00f5\u00f5t (\u00d8) \u2013 115 mm\nCE\"><span class=\"Y2IQFc\" lang=\"et\" style=\"color: #000000;\">Pikkus \u2013 1 m <\/span><\/h6>\n<h6 class=\"tw-data-text tw-text-large tw-ta\" dir=\"ltr\" tabindex=\"-1\" role=\"text\" data-placeholder=\"T\u00f5lge\" data-ved=\"2ahUKEwiSlPCr3vaSAxWtBxAIHaY0JicQ3ewLegQIBBAW\" aria-label=\"T\u00f5lgitud tekst: Saunakorsten, 1 m\n40 \u20ac\n\nRoostevabast terasest korstna mooduli pikendus korstnale.\nPikkus \u2013 1 m\nL\u00e4bim\u00f5\u00f5t (\u00d8) \u2013 115 mm\nCE\"><span class=\"Y2IQFc\" lang=\"et\" style=\"color: #000000;\">L\u00e4bim\u00f5\u00f5t (\u00d8) \u2013 115 mm <\/span><\/h6>\n<h6 class=\"tw-data-text tw-text-large tw-ta\" dir=\"ltr\" tabindex=\"-1\" role=\"text\" data-placeholder=\"T\u00f5lge\" data-ved=\"2ahUKEwiSlPCr3vaSAxWtBxAIHaY0JicQ3ewLegQIBBAW\" aria-label=\"T\u00f5lgitud tekst: Saunakorsten, 1 m\n40 \u20ac\n\nRoostevabast terasest korstna mooduli pikendus korstnale.\nPikkus \u2013 1 m\nL\u00e4bim\u00f5\u00f5t (\u00d8) \u2013 115 mm\nCE\"><span class=\"Y2IQFc\" lang=\"et\" style=\"color: #000000;\">CE<\/span><\/h6>\n","protected":false},"excerpt":{"rendered":"<p>Roostevabast terasest korstna mooduli pikendus korstnale. Pikkus \u2013 1 m L\u00e4bim\u00f5\u00f5t (\u00d8) \u2013 115 mm CE<\/p>\n","protected":false},"featured_media":18802,"comment_status":"open","ping_status":"closed","template":"","meta":{"_acf_changed":false,"_genesis_hide_title":false,"_genesis_hide_breadcrumbs":false,"_genesis_hide_singular_image":false,"_genesis_hide_footer_widgets":false,"_genesis_custom_body_class":"","_genesis_custom_post_class":"","_genesis_layout":""},"product_brand":[],"product_cat":[422],"product_tag":[],"class_list":{"0":"post-18801","1":"product","2":"type-product","3":"status-publish","4":"has-post-thumbnail","6":"product_cat-baltresto-saunamajade-lisatarvikud","7":"entry","8":"override","10":"first","11":"instock","12":"shipping-taxable","13":"purchasable","14":"product-type-simple"},"acf":[],"_links":{"self":[{"href":"https:\/\/koduspa.ee\/ru\/wp-json\/wp\/v2\/product\/18801","targetHints":{"allow":["GET"]}}],"collection":[{"href":"https:\/\/koduspa.ee\/ru\/wp-json\/wp\/v2\/product"}],"about":[{"href":"https:\/\/koduspa.ee\/ru\/wp-json\/wp\/v2\/types\/product"}],"replies":[{"embeddable":true,"href":"https:\/\/koduspa.ee\/ru\/wp-json\/wp\/v2\/comments?post=18801"}],"wp:featuredmedia":[{"embeddable":true,"href":"https:\/\/koduspa.ee\/ru\/wp-json\/wp\/v2\/media\/18802"}],"wp:attachment":[{"href":"https:\/\/koduspa.ee\/ru\/wp-json\/wp\/v2\/media?parent=18801"}],"wp:term":[{"taxonomy":"product_brand","embeddable":true,"href":"https:\/\/koduspa.ee\/ru\/wp-json\/wp\/v2\/product_brand?post=18801"},{"taxonomy":"product_cat","embeddable":true,"href":"https:\/\/koduspa.ee\/ru\/wp-json\/wp\/v2\/product_cat?post=18801"},{"taxonomy":"product_tag","embeddable":true,"href":"https:\/\/koduspa.ee\/ru\/wp-json\/wp\/v2\/product_tag?post=18801"}],"curies":[{"name":"wp","href":"https:\/\/api.w.org\/{rel}","templated":true}]}}